{"id":104090,"date":"2017-03-23T00:00:24","date_gmt":"2017-03-23T00:00:24","guid":{"rendered":"http:\/\/keramika.holest.com\/slovenija\/product\/ploscice-za-kopalnico-cicogres-flavia-beige\/"},"modified":"2026-01-03T00:01:33","modified_gmt":"2026-01-03T00:01:33","slug":"ploscice-za-kopalnico-cicogres-flavia-beige","status":"publish","type":"product","link":"https:\/\/www.keramika.com\/slovenija\/ploscice-za-kopalnico-cicogres-flavia-beige\/","title":{"rendered":"Plo\u0161\u010dice za kopalnico Cicogres Flavia Beige"},"content":{"rendered":"<p>Velikost te plo\u0161\u010dice je 45&#215;45 cm in je primerna za razli\u010dne povr\u0161ine. Debelina plo\u0161\u010dice je zelo pomembna in 9 mm uvr\u0161\u010da to plo\u0161\u010dico med najkvalitetnej\u0161e. Letos so plo\u0161\u010dice v be\u017e barvi zelo za\u017eeljene. Cicogres Flavia Beige je na voljo po zelo ugodni ceni 11,12 EUR. To plo\u0161\u010dico je izdelal proizvajalec Cicogres, ki prihaja iz \u0160panije.<\/p>\n<p>Kliknite na ime kolekcije za ogled vseh plo\u0161\u010dic iz te serije: <a class=\"pdfcatal\" href=\"\/\/www.ceramictiles.com\/pdf\/cicogres\/catalogue_cicogres_flavia.pdf\" onclick=\"recordOutboundLink(this, 'E-mail', 'Description PDF');return false;\">Cicogres Flavia<\/a><\/p>\n<p>\u010ce \u017eelite naro\u010diti model iz pdf kataloga te kolekcije, nam pi\u0161ite na: <a href=\"mailto:keramoteka.salon@gmail.com\" onclick=\"recordOutboundLink(this, 'E-mail', 'Description mail');return false;\">keramoteka.salon@gmail.com<\/a> ali pa nas pokli\u010dite na: 031 255 900.<\/p>\n<p>Technical description: <br \/> F 45&#215;45 <br \/>Flavia Crema ; Flavia Beige ;<\/p>\n","protected":false},"excerpt":{"rendered":"<p>Velikost te plo\u0161\u010dice je 45&#215;45 cm in je primerna za razli\u010dne povr\u0161ine. Debelina plo\u0161\u010dice je zelo pomembna in 9 mm uvr\u0161\u010da to plo\u0161\u010dico med najkvalitetnej\u0161e. Letos so plo\u0161\u010dice v be\u017e barvi zelo za\u017eeljene. Cicogres Flavia Beige je na voljo po zelo ugodni ceni 11,12 EUR. To plo\u0161\u010dico je izdelal proizvajalec Cicogres, ki prihaja iz \u0160panije. [&hellip;]<\/p>\n","protected":false},"featured_media":104091,"template":"","meta":[],"product_cat":[999964,200,220,999,250,240],"product_tag":[],"_links":{"self":[{"href":"https:\/\/www.keramika.com\/slovenija\/wp-json\/wp\/v2\/product\/104090"}],"collection":[{"href":"https:\/\/www.keramika.com\/slovenija\/wp-json\/wp\/v2\/product"}],"about":[{"href":"https:\/\/www.keramika.com\/slovenija\/wp-json\/wp\/v2\/types\/product"}],"wp:featuredmedia":[{"embeddable":true,"href":"https:\/\/www.keramika.com\/slovenija\/wp-json\/wp\/v2\/media\/104091"}],"wp:attachment":[{"href":"https:\/\/www.keramika.com\/slovenija\/wp-json\/wp\/v2\/media?parent=104090"}],"wp:term":[{"taxonomy":"product_cat","embeddable":true,"href":"https:\/\/www.keramika.com\/slovenija\/wp-json\/wp\/v2\/product_cat?post=104090"},{"taxonomy":"product_tag","embeddable":true,"href":"https:\/\/www.keramika.com\/slovenija\/wp-json\/wp\/v2\/product_tag?post=104090"}],"curies":[{"name":"wp","href":"https:\/\/api.w.org\/{rel}","templated":true}]}}