{"id":104052,"date":"2017-03-22T23:59:10","date_gmt":"2017-03-22T23:59:10","guid":{"rendered":"http:\/\/keramika.holest.com\/slovenija\/product\/talne-in-stenske-ploscice-cicogres-asuan-natural\/"},"modified":"2026-01-03T00:01:28","modified_gmt":"2026-01-03T00:01:28","slug":"talne-in-stenske-ploscice-cicogres-asuan-natural","status":"publish","type":"product","link":"https:\/\/www.keramika.com\/slovenija\/talne-in-stenske-ploscice-cicogres-asuan-natural\/","title":{"rendered":"Talne in stenske plo\u0161\u010dice Cicogres Asuan Natural"},"content":{"rendered":"<p>Cicogres Asuan Natural je plo\u0161\u010dica proizvajalca Cicogres in prihaja iz \u0160panije. Plo\u0161\u010dica je debela kar 9 mm, kar jo uvr\u0161\u010da med bolj trde plo\u0161\u010dice. Pri izbiri plo\u0161\u010dice v sivi barvi ne morete zgre\u0161iti. Z velikostjo 60&#215;60 cm je ta plo\u0161\u010dica primerna ze razli\u010dne povr\u0161ine. Cicogres Asuan Natural je na voljo po zelo ugodni ceni 20,25 EUR.<\/p>\n<p>Kliknite na ime kolekcije za ogled vseh plo\u0161\u010dic iz te serije: <a class=\"pdfcatal\" href=\"\/\/www.ceramictiles.com\/pdf\/cicogres\/catalogue_cicogres_asuan.pdf\" onclick=\"recordOutboundLink(this, 'E-mail', 'Description PDF');return false;\">Cicogres Asuan<\/a><\/p>\n<p>\u010ce \u017eelite naro\u010diti model iz pdf kataloga te kolekcije, nam pi\u0161ite na: <a href=\"mailto:keramoteka.salon@gmail.com\" onclick=\"recordOutboundLink(this, 'E-mail', 'Description mail');return false;\">keramoteka.salon@gmail.com<\/a> ali pa nas pokli\u010dite na: 031 255 900.<\/p>\n<p>Technical description: <br \/> W &#038; F 60&#215;60 <br \/>Asuan Perla ; Asuan Natural ;<\/p>\n","protected":false},"excerpt":{"rendered":"<p>Cicogres Asuan Natural je plo\u0161\u010dica proizvajalca Cicogres in prihaja iz \u0160panije. Plo\u0161\u010dica je debela kar 9 mm, kar jo uvr\u0161\u010da med bolj trde plo\u0161\u010dice. Pri izbiri plo\u0161\u010dice v sivi barvi ne morete zgre\u0161iti. Z velikostjo 60&#215;60 cm je ta plo\u0161\u010dica primerna ze razli\u010dne povr\u0161ine. Cicogres Asuan Natural je na voljo po zelo ugodni ceni 20,25 [&hellip;]<\/p>\n","protected":false},"featured_media":104053,"template":"","meta":[],"product_cat":[999964,200,230,999,240],"product_tag":[],"_links":{"self":[{"href":"https:\/\/www.keramika.com\/slovenija\/wp-json\/wp\/v2\/product\/104052"}],"collection":[{"href":"https:\/\/www.keramika.com\/slovenija\/wp-json\/wp\/v2\/product"}],"about":[{"href":"https:\/\/www.keramika.com\/slovenija\/wp-json\/wp\/v2\/types\/product"}],"wp:featuredmedia":[{"embeddable":true,"href":"https:\/\/www.keramika.com\/slovenija\/wp-json\/wp\/v2\/media\/104053"}],"wp:attachment":[{"href":"https:\/\/www.keramika.com\/slovenija\/wp-json\/wp\/v2\/media?parent=104052"}],"wp:term":[{"taxonomy":"product_cat","embeddable":true,"href":"https:\/\/www.keramika.com\/slovenija\/wp-json\/wp\/v2\/product_cat?post=104052"},{"taxonomy":"product_tag","embeddable":true,"href":"https:\/\/www.keramika.com\/slovenija\/wp-json\/wp\/v2\/product_tag?post=104052"}],"curies":[{"name":"wp","href":"https:\/\/api.w.org\/{rel}","templated":true}]}}