{"id":104050,"date":"2017-03-22T23:59:04","date_gmt":"2017-03-22T23:59:04","guid":{"rendered":"http:\/\/keramika.holest.com\/slovenija\/product\/ploscice-imitacija-lesa-cicogres-astorga\/"},"modified":"2026-01-03T00:01:28","modified_gmt":"2026-01-03T00:01:28","slug":"ploscice-imitacija-lesa-cicogres-astorga","status":"publish","type":"product","link":"https:\/\/www.keramika.com\/slovenija\/ploscice-imitacija-lesa-cicogres-astorga\/","title":{"rendered":"Plo\u0161\u010dice imitacija lesa Cicogres Astorga"},"content":{"rendered":"<p>Na spletu boste za to plo\u0161\u010dico od\u0161teli le 12 EUR, medtem ko v redni prodaji cena zna\u0161a 15 EUR. Ta plo\u0161\u010dica je debela 9 mm in je zelo trpe\u017ena. Ta model plo\u0161\u010dice se najbolje prodaja v rjavi barvi. To plo\u0161\u010dico je izdelal proizvajalec Cicogres, ki prihaja iz \u0160panije. Z 45&#215;45 cm je ta plo\u0161\u010dica primerna za razli\u010dne podlage.<\/p>\n<p>Kliknite na ime kolekcije za ogled vseh plo\u0161\u010dic iz te serije: <a class=\"pdfcatal\" href=\"\/\/www.ceramictiles.com\/pdf\/cicogres\/catalogue_cicogres_astorga.pdf\" onclick=\"recordOutboundLink(this, 'E-mail', 'Description PDF');return false;\">Cicogres Astorga<\/a><\/p>\n<p>\u010ce \u017eelite naro\u010diti model iz pdf kataloga te kolekcije, nam pi\u0161ite na: <a href=\"mailto:keramoteka.salon@gmail.com\" onclick=\"recordOutboundLink(this, 'E-mail', 'Description mail');return false;\">keramoteka.salon@gmail.com<\/a> ali pa nas pokli\u010dite na: 031 255 900.<\/p>\n<p>Technical description: <br \/> F 45&#215;45 <br \/>Astorga ;<\/p>\n","protected":false},"excerpt":{"rendered":"<p>Na spletu boste za to plo\u0161\u010dico od\u0161teli le 12 EUR, medtem ko v redni prodaji cena zna\u0161a 15 EUR. Ta plo\u0161\u010dica je debela 9 mm in je zelo trpe\u017ena. Ta model plo\u0161\u010dice se najbolje prodaja v rjavi barvi. To plo\u0161\u010dico je izdelal proizvajalec Cicogres, ki prihaja iz \u0160panije. Z 45&#215;45 cm je ta plo\u0161\u010dica primerna [&hellip;]<\/p>\n","protected":false},"featured_media":104051,"template":"","meta":[],"product_cat":[999964,200,230,999,240],"product_tag":[],"_links":{"self":[{"href":"https:\/\/www.keramika.com\/slovenija\/wp-json\/wp\/v2\/product\/104050"}],"collection":[{"href":"https:\/\/www.keramika.com\/slovenija\/wp-json\/wp\/v2\/product"}],"about":[{"href":"https:\/\/www.keramika.com\/slovenija\/wp-json\/wp\/v2\/types\/product"}],"wp:featuredmedia":[{"embeddable":true,"href":"https:\/\/www.keramika.com\/slovenija\/wp-json\/wp\/v2\/media\/104051"}],"wp:attachment":[{"href":"https:\/\/www.keramika.com\/slovenija\/wp-json\/wp\/v2\/media?parent=104050"}],"wp:term":[{"taxonomy":"product_cat","embeddable":true,"href":"https:\/\/www.keramika.com\/slovenija\/wp-json\/wp\/v2\/product_cat?post=104050"},{"taxonomy":"product_tag","embeddable":true,"href":"https:\/\/www.keramika.com\/slovenija\/wp-json\/wp\/v2\/product_tag?post=104050"}],"curies":[{"name":"wp","href":"https:\/\/api.w.org\/{rel}","templated":true}]}}