{"id":104038,"date":"2017-03-22T23:58:39","date_gmt":"2017-03-22T23:58:39","guid":{"rendered":"http:\/\/keramika.holest.com\/slovenija\/product\/dekorativne-ploscice-cicogres-almenara\/"},"modified":"2026-01-03T00:01:26","modified_gmt":"2026-01-03T00:01:26","slug":"dekorativne-ploscice-cicogres-almenara","status":"publish","type":"product","link":"https:\/\/www.keramika.com\/slovenija\/dekorativne-ploscice-cicogres-almenara\/","title":{"rendered":"Dekorativne plo\u0161\u010dice Cicogres Almenara"},"content":{"rendered":"<p>Debelina plo\u0161\u010dice je zelo pomembna in 9 mm uvr\u0161\u010da to plo\u0161\u010dico med najkvalitetnej\u0161e. Cicogres Almenara je na voljo po zelo ugodni ceni 12 EUR. Prihaja iz \u0160panije, ki po svetu slovi kot ena bolj\u0161ih proizvajalk kerami\u010dnih plo\u0161\u010dic. Zelo moderna plo\u0161\u010dica v be\u017e barvi popestri prav vsak prostor. Plo\u0161\u010dica na sliki je velika 45&#215;45 cm.<\/p>\n<p>Kliknite na ime kolekcije za ogled vseh plo\u0161\u010dic iz te serije: <a class=\"pdfcatal\" href=\"\/\/www.ceramictiles.com\/pdf\/cicogres\/catalogue_cicogres_almenara.pdf\" onclick=\"recordOutboundLink(this, 'E-mail', 'Description PDF');return false;\">Cicogres Almenara<\/a><\/p>\n<p>\u010ce \u017eelite naro\u010diti model iz pdf kataloga te kolekcije, nam pi\u0161ite na: <a href=\"mailto:keramoteka.salon@gmail.com\" onclick=\"recordOutboundLink(this, 'E-mail', 'Description mail');return false;\">keramoteka.salon@gmail.com<\/a> ali pa nas pokli\u010dite na: 031 255 900.<\/p>\n<p>Technical description: <br \/> F 45&#215;45 <br \/>Almenara ;<\/p>\n","protected":false},"excerpt":{"rendered":"<p>Debelina plo\u0161\u010dice je zelo pomembna in 9 mm uvr\u0161\u010da to plo\u0161\u010dico med najkvalitetnej\u0161e. Cicogres Almenara je na voljo po zelo ugodni ceni 12 EUR. Prihaja iz \u0160panije, ki po svetu slovi kot ena bolj\u0161ih proizvajalk kerami\u010dnih plo\u0161\u010dic. Zelo moderna plo\u0161\u010dica v be\u017e barvi popestri prav vsak prostor. Plo\u0161\u010dica na sliki je velika 45&#215;45 cm. Kliknite [&hellip;]<\/p>\n","protected":false},"featured_media":104039,"template":"","meta":[],"product_cat":[999964,200,230,999,240],"product_tag":[],"_links":{"self":[{"href":"https:\/\/www.keramika.com\/slovenija\/wp-json\/wp\/v2\/product\/104038"}],"collection":[{"href":"https:\/\/www.keramika.com\/slovenija\/wp-json\/wp\/v2\/product"}],"about":[{"href":"https:\/\/www.keramika.com\/slovenija\/wp-json\/wp\/v2\/types\/product"}],"wp:featuredmedia":[{"embeddable":true,"href":"https:\/\/www.keramika.com\/slovenija\/wp-json\/wp\/v2\/media\/104039"}],"wp:attachment":[{"href":"https:\/\/www.keramika.com\/slovenija\/wp-json\/wp\/v2\/media?parent=104038"}],"wp:term":[{"taxonomy":"product_cat","embeddable":true,"href":"https:\/\/www.keramika.com\/slovenija\/wp-json\/wp\/v2\/product_cat?post=104038"},{"taxonomy":"product_tag","embeddable":true,"href":"https:\/\/www.keramika.com\/slovenija\/wp-json\/wp\/v2\/product_tag?post=104038"}],"curies":[{"name":"wp","href":"https:\/\/api.w.org\/{rel}","templated":true}]}}