{"id":104032,"date":"2017-03-22T23:58:28","date_gmt":"2017-03-22T23:58:28","guid":{"rendered":"http:\/\/keramika.holest.com\/slovenija\/product\/stenske-ploscice-cicogres-alabastro-marengo\/"},"modified":"2026-01-03T00:01:25","modified_gmt":"2026-01-03T00:01:25","slug":"stenske-ploscice-cicogres-alabastro-marengo","status":"publish","type":"product","link":"https:\/\/www.keramika.com\/slovenija\/stenske-ploscice-cicogres-alabastro-marengo\/","title":{"rendered":"Stenske plo\u0161\u010dice Cicogres Alabastro Marengo"},"content":{"rendered":"<p>Cicogres Alabastro Marengo je na voljo po zelo ugodni ceni 14,38 EUR. Ta model plo\u0161\u010dice se najbolje prodaja v modri barvi. Z 50&#215;20 cm je ta plo\u0161\u010dica primerna za razli\u010dne podlage. 9 mm debeline je dovolj tudi za zahtevnej\u0161e kupce. Cicogres Alabastro Marengo prihaja iz \u0160panije, ki je znana po zelo kvalitetni keramiki v svetovnem merilu.<\/p>\n<p>Kliknite na ime kolekcije za ogled vseh plo\u0161\u010dic iz te serije: <a class=\"pdfcatal\" href=\"\/\/www.ceramictiles.com\/pdf\/cicogres\/catalogue_cicogres_alabastro.pdf\" onclick=\"recordOutboundLink(this, 'E-mail', 'Description PDF');return false;\">Cicogres Alabastro<\/a><\/p>\n<p>\u010ce \u017eelite naro\u010diti model iz pdf kataloga te kolekcije, nam pi\u0161ite na: <a href=\"mailto:keramoteka.salon@gmail.com\" onclick=\"recordOutboundLink(this, 'E-mail', 'Description mail');return false;\">keramoteka.salon@gmail.com<\/a> ali pa nas pokli\u010dite na: 031 255 900.<\/p>\n<p>Technical description: <br \/> W 50&#215;20 <br \/>Alabastro Blanco ; Alabastro Blanco Ondas ; Alabastro Malva ; Alabastro Malva Ondas ; Alabastro Coral ; Alabastro Coral Ondas ; Alabastro Marengo ; Alabastro Marengo Ondas ; Alabastro Teja ; Alabastro Teja Ondas ;<\/p>\n","protected":false},"excerpt":{"rendered":"<p>Cicogres Alabastro Marengo je na voljo po zelo ugodni ceni 14,38 EUR. Ta model plo\u0161\u010dice se najbolje prodaja v modri barvi. Z 50&#215;20 cm je ta plo\u0161\u010dica primerna za razli\u010dne podlage. 9 mm debeline je dovolj tudi za zahtevnej\u0161e kupce. Cicogres Alabastro Marengo prihaja iz \u0160panije, ki je znana po zelo kvalitetni keramiki v svetovnem [&hellip;]<\/p>\n","protected":false},"featured_media":104033,"template":"","meta":[],"product_cat":[999964,200,220,999,250],"product_tag":[],"_links":{"self":[{"href":"https:\/\/www.keramika.com\/slovenija\/wp-json\/wp\/v2\/product\/104032"}],"collection":[{"href":"https:\/\/www.keramika.com\/slovenija\/wp-json\/wp\/v2\/product"}],"about":[{"href":"https:\/\/www.keramika.com\/slovenija\/wp-json\/wp\/v2\/types\/product"}],"wp:featuredmedia":[{"embeddable":true,"href":"https:\/\/www.keramika.com\/slovenija\/wp-json\/wp\/v2\/media\/104033"}],"wp:attachment":[{"href":"https:\/\/www.keramika.com\/slovenija\/wp-json\/wp\/v2\/media?parent=104032"}],"wp:term":[{"taxonomy":"product_cat","embeddable":true,"href":"https:\/\/www.keramika.com\/slovenija\/wp-json\/wp\/v2\/product_cat?post=104032"},{"taxonomy":"product_tag","embeddable":true,"href":"https:\/\/www.keramika.com\/slovenija\/wp-json\/wp\/v2\/product_tag?post=104032"}],"curies":[{"name":"wp","href":"https:\/\/api.w.org\/{rel}","templated":true}]}}