{"id":104030,"date":"2017-03-22T23:58:24","date_gmt":"2017-03-22T23:58:24","guid":{"rendered":"http:\/\/keramika.holest.com\/slovenija\/product\/kuhinjske-ploscice-cicogres-acier-beige\/"},"modified":"2026-01-03T00:01:25","modified_gmt":"2026-01-03T00:01:25","slug":"kuhinjske-ploscice-cicogres-acier-beige","status":"publish","type":"product","link":"https:\/\/www.keramika.com\/slovenija\/kuhinjske-ploscice-cicogres-acier-beige\/","title":{"rendered":"Kuhinjske plo\u0161\u010dice Cicogres Acier Beige"},"content":{"rendered":"<p>Ta plo\u0161\u010dica je na voljo v \u010dudoviti be\u017e barvi, \u010de \u017eelite kak\u0161no drugo barvo pa nas kontaktirajte in preverili bomo pri proizvajalcu. 9 mm je debelina, ki zadovolji tudi zahtevnej\u0161e kupce. Redna cena te plo\u0161\u010dice v maloprodaji zna\u0161a 25,47 EUR, v na\u0161i spletni trgovini pa jo lahko dobite \u017ee za 20,38 EUR. Z 60&#215;60 cm je ta plo\u0161\u010dica primerna za razli\u010dne podlage. To plo\u0161\u010dico je izdelal proizvajalec Cicogres, ki prihaja iz \u0160panije.<\/p>\n<p>Kliknite na ime kolekcije za ogled vseh plo\u0161\u010dic iz te serije: <a class=\"pdfcatal\" href=\"\/\/www.ceramictiles.com\/pdf\/cicogres\/catalogue_cicogres_acier.pdf\" onclick=\"recordOutboundLink(this, 'E-mail', 'Description PDF');return false;\">Cicogres Acier<\/a><\/p>\n<p>\u010ce \u017eelite naro\u010diti model iz pdf kataloga te kolekcije, nam pi\u0161ite na: <a href=\"mailto:keramoteka.salon@gmail.com\" onclick=\"recordOutboundLink(this, 'E-mail', 'Description mail');return false;\">keramoteka.salon@gmail.com<\/a> ali pa nas pokli\u010dite na: 031 255 900.<\/p>\n<p>Technical description: <br \/> F 60&#215;60 ; 60&#215;30 ; 30&#215;30 <br \/>Acier Beige ; Acier Ceniza ; Acier Perla ; Acier Grafito ; Acier Beige Malla ; Acier Ceniza Malla ; Acier Perla Malla ; Acier Grafito Malla ;<\/p>\n","protected":false},"excerpt":{"rendered":"<p>Ta plo\u0161\u010dica je na voljo v \u010dudoviti be\u017e barvi, \u010de \u017eelite kak\u0161no drugo barvo pa nas kontaktirajte in preverili bomo pri proizvajalcu. 9 mm je debelina, ki zadovolji tudi zahtevnej\u0161e kupce. Redna cena te plo\u0161\u010dice v maloprodaji zna\u0161a 25,47 EUR, v na\u0161i spletni trgovini pa jo lahko dobite \u017ee za 20,38 EUR. Z 60&#215;60 cm [&hellip;]<\/p>\n","protected":false},"featured_media":104031,"template":"","meta":[],"product_cat":[999964,200,230,999,240],"product_tag":[],"_links":{"self":[{"href":"https:\/\/www.keramika.com\/slovenija\/wp-json\/wp\/v2\/product\/104030"}],"collection":[{"href":"https:\/\/www.keramika.com\/slovenija\/wp-json\/wp\/v2\/product"}],"about":[{"href":"https:\/\/www.keramika.com\/slovenija\/wp-json\/wp\/v2\/types\/product"}],"wp:featuredmedia":[{"embeddable":true,"href":"https:\/\/www.keramika.com\/slovenija\/wp-json\/wp\/v2\/media\/104031"}],"wp:attachment":[{"href":"https:\/\/www.keramika.com\/slovenija\/wp-json\/wp\/v2\/media?parent=104030"}],"wp:term":[{"taxonomy":"product_cat","embeddable":true,"href":"https:\/\/www.keramika.com\/slovenija\/wp-json\/wp\/v2\/product_cat?post=104030"},{"taxonomy":"product_tag","embeddable":true,"href":"https:\/\/www.keramika.com\/slovenija\/wp-json\/wp\/v2\/product_tag?post=104030"}],"curies":[{"name":"wp","href":"https:\/\/api.w.org\/{rel}","templated":true}]}}