{"id":104028,"date":"2017-03-22T23:58:20","date_gmt":"2017-03-22T23:58:20","guid":{"rendered":"http:\/\/keramika.holest.com\/slovenija\/product\/natucer-klinker-viva-oro\/"},"modified":"2026-01-03T00:01:24","modified_gmt":"2026-01-03T00:01:24","slug":"natucer-klinker-viva-oro","status":"publish","type":"product","link":"https:\/\/www.keramika.com\/slovenija\/natucer-klinker-viva-oro\/","title":{"rendered":"Natucer klinker Viva Oro"},"content":{"rendered":"<p>Natucer klinker Viva Oro je pripeljana iz \u0160panije in je zelo kvalitetna. Debelina plo\u0161\u010dice je zelo pomembna in 9 mm uvr\u0161\u010da to plo\u0161\u010dico med najkvalitetnej\u0161e. Velikost te plo\u0161\u010dice je 10&#215;40 cm. Ta plo\u0161\u010dica je na voljo v \u010dudoviti srebrni barvi, \u010de \u017eelite kak\u0161no drugo barvo pa nas kontaktirajte in preverili bomo pri proizvajalcu. Redna cena te plo\u0161\u010dice v maloprodaji zna\u0161a 145,2 EUR, v na\u0161i spletni trgovini pa jo lahko dobite \u017ee za 116,16 EUR.<\/p>\n<p>Kliknite na ime kolekcije za ogled vseh plo\u0161\u010dic iz te serije: <a class=\"pdfcatal\" href=\"\/\/www.ceramictiles.com\/pdf\/natucer\/catalogue_natucer_viva.pdf\" onclick=\"recordOutboundLink(this, 'E-mail', 'Description PDF');return false;\">Natucer Ceramica Viva<\/a><\/p>\n<p>\u010ce \u017eelite naro\u010diti model iz pdf kataloga te kolekcije, nam pi\u0161ite na: <a href=\"mailto:keramoteka.salon@gmail.com\" onclick=\"recordOutboundLink(this, 'E-mail', 'Description mail');return false;\">keramoteka.salon@gmail.com<\/a> ali pa nas pokli\u010dite na: 031 255 900.<\/p>\n<p>Technical description: <br \/> W 10&#215;40 ; 5&#215;20 ; 10&#215;66 ; 40&#215;25 ; 20&#215;50 <br \/>Viva Luz ; Viva Azur ; Viva P\u00farpura ; Viva Ceniza ; Viva Oro ; Viva Plata ; Viva Azabache ; Viva Rubi ;<\/p>\n","protected":false},"excerpt":{"rendered":"<p>Natucer klinker Viva Oro je pripeljana iz \u0160panije in je zelo kvalitetna. Debelina plo\u0161\u010dice je zelo pomembna in 9 mm uvr\u0161\u010da to plo\u0161\u010dico med najkvalitetnej\u0161e. Velikost te plo\u0161\u010dice je 10&#215;40 cm. Ta plo\u0161\u010dica je na voljo v \u010dudoviti srebrni barvi, \u010de \u017eelite kak\u0161no drugo barvo pa nas kontaktirajte in preverili bomo pri proizvajalcu. Redna cena [&hellip;]<\/p>\n","protected":false},"featured_media":104029,"template":"","meta":[],"product_cat":[100,9991435,120,999],"product_tag":[],"_links":{"self":[{"href":"https:\/\/www.keramika.com\/slovenija\/wp-json\/wp\/v2\/product\/104028"}],"collection":[{"href":"https:\/\/www.keramika.com\/slovenija\/wp-json\/wp\/v2\/product"}],"about":[{"href":"https:\/\/www.keramika.com\/slovenija\/wp-json\/wp\/v2\/types\/product"}],"wp:featuredmedia":[{"embeddable":true,"href":"https:\/\/www.keramika.com\/slovenija\/wp-json\/wp\/v2\/media\/104029"}],"wp:attachment":[{"href":"https:\/\/www.keramika.com\/slovenija\/wp-json\/wp\/v2\/media?parent=104028"}],"wp:term":[{"taxonomy":"product_cat","embeddable":true,"href":"https:\/\/www.keramika.com\/slovenija\/wp-json\/wp\/v2\/product_cat?post=104028"},{"taxonomy":"product_tag","embeddable":true,"href":"https:\/\/www.keramika.com\/slovenija\/wp-json\/wp\/v2\/product_tag?post=104028"}],"curies":[{"name":"wp","href":"https:\/\/api.w.org\/{rel}","templated":true}]}}