{"id":104024,"date":"2017-03-22T23:58:13","date_gmt":"2017-03-22T23:58:13","guid":{"rendered":"http:\/\/keramika.holest.com\/slovenija\/product\/natucer-klinker-tropical-forest-jatoba\/"},"modified":"2026-01-03T00:01:24","modified_gmt":"2026-01-03T00:01:24","slug":"natucer-klinker-tropical-forest-jatoba","status":"publish","type":"product","link":"https:\/\/www.keramika.com\/slovenija\/natucer-klinker-tropical-forest-jatoba\/","title":{"rendered":"Natucer klinker Tropical Forest Jatoba"},"content":{"rendered":"<p>Ta model plo\u0161\u010dice se najbolje prodaja v be\u017e barvi. Prihaja iz \u0160panije, ki po svetu slovi kot ena bolj\u0161ih proizvajalk kerami\u010dnih plo\u0161\u010dic. Dimenzije te plo\u0161\u010dice so 21&#215;60 cm. 9 mm je debelina, ki zadovolji tudi zahtevnej\u0161e kupce. Zaradi ni\u017ejih stro\u0161kov pri spletni prodaji boste na na\u0161i strani za to plo\u0161\u010dico od\u0161teli le 46,75 EUR.<\/p>\n<p>Kliknite na ime kolekcije za ogled vseh plo\u0161\u010dic iz te serije: <a class=\"pdfcatal\" href=\"\/\/www.ceramictiles.com\/pdf\/natucer\/catalogue_natucer_tropical_forest.pdf\" onclick=\"recordOutboundLink(this, 'E-mail', 'Description PDF');return false;\">Natucer Ceramica Tropical Forest<\/a><\/p>\n<p>\u010ce \u017eelite naro\u010diti model iz pdf kataloga te kolekcije, nam pi\u0161ite na: <a href=\"mailto:keramoteka.salon@gmail.com\" onclick=\"recordOutboundLink(this, 'E-mail', 'Description mail');return false;\">keramoteka.salon@gmail.com<\/a> ali pa nas pokli\u010dite na: 031 255 900.<\/p>\n<p>Technical description: <br \/> F 21&#215;60 ; 10,5&#215;60 <br \/>Tropical Forest Sande ; Tropical Forest Oak ; Tropical Forest Jatoba ; Tropical Forest Elondo ; Tropical Forest Mukaly ; Tropical Forest Ebony ; Tropical Forest Fresno ; Tropical Forest Merbau ; Tropical Forest Cipr\u00e9s ; Tropical Forest Barrique ;<\/p>\n","protected":false},"excerpt":{"rendered":"<p>Ta model plo\u0161\u010dice se najbolje prodaja v be\u017e barvi. Prihaja iz \u0160panije, ki po svetu slovi kot ena bolj\u0161ih proizvajalk kerami\u010dnih plo\u0161\u010dic. Dimenzije te plo\u0161\u010dice so 21&#215;60 cm. 9 mm je debelina, ki zadovolji tudi zahtevnej\u0161e kupce. Zaradi ni\u017ejih stro\u0161kov pri spletni prodaji boste na na\u0161i strani za to plo\u0161\u010dico od\u0161teli le 46,75 EUR. Kliknite [&hellip;]<\/p>\n","protected":false},"featured_media":104025,"template":"","meta":[],"product_cat":[100,9991435,120,999],"product_tag":[],"_links":{"self":[{"href":"https:\/\/www.keramika.com\/slovenija\/wp-json\/wp\/v2\/product\/104024"}],"collection":[{"href":"https:\/\/www.keramika.com\/slovenija\/wp-json\/wp\/v2\/product"}],"about":[{"href":"https:\/\/www.keramika.com\/slovenija\/wp-json\/wp\/v2\/types\/product"}],"wp:featuredmedia":[{"embeddable":true,"href":"https:\/\/www.keramika.com\/slovenija\/wp-json\/wp\/v2\/media\/104025"}],"wp:attachment":[{"href":"https:\/\/www.keramika.com\/slovenija\/wp-json\/wp\/v2\/media?parent=104024"}],"wp:term":[{"taxonomy":"product_cat","embeddable":true,"href":"https:\/\/www.keramika.com\/slovenija\/wp-json\/wp\/v2\/product_cat?post=104024"},{"taxonomy":"product_tag","embeddable":true,"href":"https:\/\/www.keramika.com\/slovenija\/wp-json\/wp\/v2\/product_tag?post=104024"}],"curies":[{"name":"wp","href":"https:\/\/api.w.org\/{rel}","templated":true}]}}