{"id":104022,"date":"2017-03-22T23:58:09","date_gmt":"2017-03-22T23:58:09","guid":{"rendered":"http:\/\/keramika.holest.com\/slovenija\/product\/natucer-klinker-tierras-ibericas-morella\/"},"modified":"2026-01-03T00:01:24","modified_gmt":"2026-01-03T00:01:24","slug":"natucer-klinker-tierras-ibericas-morella","status":"publish","type":"product","link":"https:\/\/www.keramika.com\/slovenija\/natucer-klinker-tierras-ibericas-morella\/","title":{"rendered":"Natucer klinker Tierras Ibericas Morella"},"content":{"rendered":"<p>Natucer klinker Tierras Ibericas Morella prihaja iz \u0160panije, ki je znana po zelo kvalitetni keramiki v svetovnem merilu. Keramika v be\u017e barvi popestri vsak prostor. Plo\u0161\u010dica je debela kar 9 mm, kar jo uvr\u0161\u010da med bolj trde plo\u0161\u010dice. Plo\u0161\u010dica na sliki je velika 30&#215;30 cm. Zaradi ni\u017ejih stro\u0161kov pri spletni prodaji boste na na\u0161i strani za to plo\u0161\u010dico od\u0161teli le 32,21 EUR.<\/p>\n<p>Kliknite na ime kolekcije za ogled vseh plo\u0161\u010dic iz te serije: <a class=\"pdfcatal\" href=\"\/\/www.ceramictiles.com\/pdf\/natucer\/catalogue_natucer_tierras_ibericas.pdf\" onclick=\"recordOutboundLink(this, 'E-mail', 'Description PDF');return false;\">Natucer Ceramica Tierras Ibericas<\/a><\/p>\n<p>\u010ce \u017eelite naro\u010diti model iz pdf kataloga te kolekcije, nam pi\u0161ite na: <a href=\"mailto:keramoteka.salon@gmail.com\" onclick=\"recordOutboundLink(this, 'E-mail', 'Description mail');return false;\">keramoteka.salon@gmail.com<\/a> ali pa nas pokli\u010dite na: 031 255 900.<\/p>\n<p>Technical description: <br \/> F 30&#215;30 <br \/>Tierras Ib\u00e9ricas Ronda ; Tierras Ib\u00e9ricas Cadaqu\u00e9s ; Tierras Ib\u00e9ricas Morella ;<\/p>\n","protected":false},"excerpt":{"rendered":"<p>Natucer klinker Tierras Ibericas Morella prihaja iz \u0160panije, ki je znana po zelo kvalitetni keramiki v svetovnem merilu. Keramika v be\u017e barvi popestri vsak prostor. Plo\u0161\u010dica je debela kar 9 mm, kar jo uvr\u0161\u010da med bolj trde plo\u0161\u010dice. Plo\u0161\u010dica na sliki je velika 30&#215;30 cm. Zaradi ni\u017ejih stro\u0161kov pri spletni prodaji boste na na\u0161i strani [&hellip;]<\/p>\n","protected":false},"featured_media":104023,"template":"","meta":[],"product_cat":[100,9991435,120,999],"product_tag":[],"_links":{"self":[{"href":"https:\/\/www.keramika.com\/slovenija\/wp-json\/wp\/v2\/product\/104022"}],"collection":[{"href":"https:\/\/www.keramika.com\/slovenija\/wp-json\/wp\/v2\/product"}],"about":[{"href":"https:\/\/www.keramika.com\/slovenija\/wp-json\/wp\/v2\/types\/product"}],"wp:featuredmedia":[{"embeddable":true,"href":"https:\/\/www.keramika.com\/slovenija\/wp-json\/wp\/v2\/media\/104023"}],"wp:attachment":[{"href":"https:\/\/www.keramika.com\/slovenija\/wp-json\/wp\/v2\/media?parent=104022"}],"wp:term":[{"taxonomy":"product_cat","embeddable":true,"href":"https:\/\/www.keramika.com\/slovenija\/wp-json\/wp\/v2\/product_cat?post=104022"},{"taxonomy":"product_tag","embeddable":true,"href":"https:\/\/www.keramika.com\/slovenija\/wp-json\/wp\/v2\/product_tag?post=104022"}],"curies":[{"name":"wp","href":"https:\/\/api.w.org\/{rel}","templated":true}]}}