{"id":104020,"date":"2017-03-22T23:58:06","date_gmt":"2017-03-22T23:58:06","guid":{"rendered":"http:\/\/keramika.holest.com\/slovenija\/product\/natucer-stone-ground\/"},"modified":"2026-01-03T00:01:23","modified_gmt":"2026-01-03T00:01:23","slug":"natucer-stone-ground","status":"publish","type":"product","link":"https:\/\/www.keramika.com\/slovenija\/natucer-stone-ground\/","title":{"rendered":"Natucer Stone Ground"},"content":{"rendered":"<p>Ta kerami\u010dna plo\u0161\u010dica v \u010dudoviti be\u017e barvi bo obogatila vsak prostor. 9 mm debeline je dovolj tudi za zahtevnej\u0161e kupce. Ta plo\u0161\u010dica prihaja iz \u0160panije, ki je znana po kvalitetni keramiki. Z velikostjo 36&#215;36 cm je ta plo\u0161\u010dica primerna ze razli\u010dne povr\u0161ine. Na spletu boste za to plo\u0161\u010dico od\u0161teli le 36,59 EUR, medtem ko v redni prodaji cena zna\u0161a 45,74 EUR.<\/p>\n<p>Kliknite na ime kolekcije za ogled vseh plo\u0161\u010dic iz te serije: <a class=\"pdfcatal\" href=\"\/\/www.ceramictiles.com\/pdf\/natucer\/catalogue_natucer_stone_klinker.pdf\" onclick=\"recordOutboundLink(this, 'E-mail', 'Description PDF');return false;\">Natucer Ceramica Stone Klinker<\/a><\/p>\n<p>\u010ce \u017eelite naro\u010diti model iz pdf kataloga te kolekcije, nam pi\u0161ite na: <a href=\"mailto:keramoteka.salon@gmail.com\" onclick=\"recordOutboundLink(this, 'E-mail', 'Description mail');return false;\">keramoteka.salon@gmail.com<\/a> ali pa nas pokli\u010dite na: 031 255 900.<\/p>\n<p>Technical description: <br \/> F 36&#215;54 ; 36&#215;36 ; 18&#215;36 ; 18&#215;18 <br \/>Stone Klinker Desert ; Stone Klinker Park ; Stone Klinker Ground ; Stone Klinker Tobacco ; Stone Klinker Bone ; Stone Klinker Tea ; Stone Klinker Cooper ; Stone Klinker Dun ;<\/p>\n","protected":false},"excerpt":{"rendered":"<p>Ta kerami\u010dna plo\u0161\u010dica v \u010dudoviti be\u017e barvi bo obogatila vsak prostor. 9 mm debeline je dovolj tudi za zahtevnej\u0161e kupce. Ta plo\u0161\u010dica prihaja iz \u0160panije, ki je znana po kvalitetni keramiki. Z velikostjo 36&#215;36 cm je ta plo\u0161\u010dica primerna ze razli\u010dne povr\u0161ine. Na spletu boste za to plo\u0161\u010dico od\u0161teli le 36,59 EUR, medtem ko v [&hellip;]<\/p>\n","protected":false},"featured_media":104021,"template":"","meta":[],"product_cat":[100,9991435,120,999],"product_tag":[],"_links":{"self":[{"href":"https:\/\/www.keramika.com\/slovenija\/wp-json\/wp\/v2\/product\/104020"}],"collection":[{"href":"https:\/\/www.keramika.com\/slovenija\/wp-json\/wp\/v2\/product"}],"about":[{"href":"https:\/\/www.keramika.com\/slovenija\/wp-json\/wp\/v2\/types\/product"}],"wp:featuredmedia":[{"embeddable":true,"href":"https:\/\/www.keramika.com\/slovenija\/wp-json\/wp\/v2\/media\/104021"}],"wp:attachment":[{"href":"https:\/\/www.keramika.com\/slovenija\/wp-json\/wp\/v2\/media?parent=104020"}],"wp:term":[{"taxonomy":"product_cat","embeddable":true,"href":"https:\/\/www.keramika.com\/slovenija\/wp-json\/wp\/v2\/product_cat?post=104020"},{"taxonomy":"product_tag","embeddable":true,"href":"https:\/\/www.keramika.com\/slovenija\/wp-json\/wp\/v2\/product_tag?post=104020"}],"curies":[{"name":"wp","href":"https:\/\/api.w.org\/{rel}","templated":true}]}}