{"id":104018,"date":"2017-03-22T23:58:02","date_gmt":"2017-03-22T23:58:02","guid":{"rendered":"http:\/\/keramika.holest.com\/slovenija\/product\/natucer-klinker-simbols-blau-natural\/"},"modified":"2026-01-03T00:01:23","modified_gmt":"2026-01-03T00:01:23","slug":"natucer-klinker-simbols-blau-natural","status":"publish","type":"product","link":"https:\/\/www.keramika.com\/slovenija\/natucer-klinker-simbols-blau-natural\/","title":{"rendered":"Natucer klinker Simbols Blau Natural"},"content":{"rendered":"<p>Ta model plo\u0161\u010dice se najbolje prodaja v beli barvi. Velikost te plo\u0161\u010dice je 36&#215;36 cm in je primerna za razli\u010dne povr\u0161ine. Namesto 54,52 EUR kot bi za to plo\u0161\u010dico od\u0161teli v klasi\u010dni trgovini, boste v na\u0161i spletni prodajalni od\u0161teli le 43,61 EUR. Debelina kar 9 mm dela to plo\u0161\u010dico zelo trpe\u017eno in presti\u017eno na otip. To plo\u0161\u010dico je izdelal proizvajalec Natucer Ceramica, ki prihaja iz \u0160panije.<\/p>\n<p>Kliknite na ime kolekcije za ogled vseh plo\u0161\u010dic iz te serije: <a class=\"pdfcatal\" href=\"\/\/www.ceramictiles.com\/pdf\/natucer\/catalogue_natucer_simbols.pdf\" onclick=\"recordOutboundLink(this, 'E-mail', 'Description PDF');return false;\">Natucer Ceramica Simbols<\/a><\/p>\n<p>\u010ce \u017eelite naro\u010diti model iz pdf kataloga te kolekcije, nam pi\u0161ite na: <a href=\"mailto:keramoteka.salon@gmail.com\" onclick=\"recordOutboundLink(this, 'E-mail', 'Description mail');return false;\">keramoteka.salon@gmail.com<\/a> ali pa nas pokli\u010dite na: 031 255 900.<\/p>\n<p>Technical description: <br \/> F 36&#215;36 <br \/>Simbols Clar ; Simbols Riu ; Simbols Flama ; Simbols Cel ; Simbols Blau ; Simbols Fosc ;<\/p>\n","protected":false},"excerpt":{"rendered":"<p>Ta model plo\u0161\u010dice se najbolje prodaja v beli barvi. Velikost te plo\u0161\u010dice je 36&#215;36 cm in je primerna za razli\u010dne povr\u0161ine. Namesto 54,52 EUR kot bi za to plo\u0161\u010dico od\u0161teli v klasi\u010dni trgovini, boste v na\u0161i spletni prodajalni od\u0161teli le 43,61 EUR. Debelina kar 9 mm dela to plo\u0161\u010dico zelo trpe\u017eno in presti\u017eno na otip. [&hellip;]<\/p>\n","protected":false},"featured_media":104019,"template":"","meta":[],"product_cat":[100,9991435,120,999],"product_tag":[],"_links":{"self":[{"href":"https:\/\/www.keramika.com\/slovenija\/wp-json\/wp\/v2\/product\/104018"}],"collection":[{"href":"https:\/\/www.keramika.com\/slovenija\/wp-json\/wp\/v2\/product"}],"about":[{"href":"https:\/\/www.keramika.com\/slovenija\/wp-json\/wp\/v2\/types\/product"}],"wp:featuredmedia":[{"embeddable":true,"href":"https:\/\/www.keramika.com\/slovenija\/wp-json\/wp\/v2\/media\/104019"}],"wp:attachment":[{"href":"https:\/\/www.keramika.com\/slovenija\/wp-json\/wp\/v2\/media?parent=104018"}],"wp:term":[{"taxonomy":"product_cat","embeddable":true,"href":"https:\/\/www.keramika.com\/slovenija\/wp-json\/wp\/v2\/product_cat?post=104018"},{"taxonomy":"product_tag","embeddable":true,"href":"https:\/\/www.keramika.com\/slovenija\/wp-json\/wp\/v2\/product_tag?post=104018"}],"curies":[{"name":"wp","href":"https:\/\/api.w.org\/{rel}","templated":true}]}}