{"id":104014,"date":"2017-03-22T23:57:56","date_gmt":"2017-03-22T23:57:56","guid":{"rendered":"http:\/\/keramika.holest.com\/slovenija\/product\/natucer-klinker-scabos-bosforo-r12\/"},"modified":"2026-01-03T00:01:23","modified_gmt":"2026-01-03T00:01:23","slug":"natucer-klinker-scabos-bosforo-r12","status":"publish","type":"product","link":"https:\/\/www.keramika.com\/slovenija\/natucer-klinker-scabos-bosforo-r12\/","title":{"rendered":"Natucer klinker Scabos Bosforo R12"},"content":{"rendered":"<p>Natucer klinker Scabos Bosforo R12 je plo\u0161\u010dica proizvajalca Natucer Ceramica in prihaja iz \u0160panije. \u0160irina in dol\u017eina te plo\u0161\u010dice sta 36&#215;36 cm. 9 mm debeline je dovolj tudi za zahtevnej\u0161e kupce. Letos so plo\u0161\u010dice v rjavi barvi zelo za\u017eeljene. Redna cena te plo\u0161\u010dice v maloprodaji zna\u0161a 45,74 EUR, v na\u0161i spletni trgovini pa jo lahko dobite \u017ee za 36,59 EUR.<\/p>\n<p>Kliknite na ime kolekcije za ogled vseh plo\u0161\u010dic iz te serije: <a class=\"pdfcatal\" href=\"\/\/www.ceramictiles.com\/pdf\/natucer\/catalogue_natucer_scabos.pdf\" onclick=\"recordOutboundLink(this, 'E-mail', 'Description PDF');return false;\">Natucer Ceramica Scabos<\/a><\/p>\n<p>\u010ce \u017eelite naro\u010diti model iz pdf kataloga te kolekcije, nam pi\u0161ite na: <a href=\"mailto:keramoteka.salon@gmail.com\" onclick=\"recordOutboundLink(this, 'E-mail', 'Description mail');return false;\">keramoteka.salon@gmail.com<\/a> ali pa nas pokli\u010dite na: 031 255 900.<\/p>\n<p>Technical description: <br \/> F 36&#215;36 ; 18&#215;36 ; 18&#215;18 <br \/>Scabos Ankara ; Scabos Egeo ; Scabos Marmara ; Scabos Bosforo ;<\/p>\n","protected":false},"excerpt":{"rendered":"<p>Natucer klinker Scabos Bosforo R12 je plo\u0161\u010dica proizvajalca Natucer Ceramica in prihaja iz \u0160panije. \u0160irina in dol\u017eina te plo\u0161\u010dice sta 36&#215;36 cm. 9 mm debeline je dovolj tudi za zahtevnej\u0161e kupce. Letos so plo\u0161\u010dice v rjavi barvi zelo za\u017eeljene. Redna cena te plo\u0161\u010dice v maloprodaji zna\u0161a 45,74 EUR, v na\u0161i spletni trgovini pa jo lahko [&hellip;]<\/p>\n","protected":false},"featured_media":104015,"template":"","meta":[],"product_cat":[100,9991435,120,999],"product_tag":[],"_links":{"self":[{"href":"https:\/\/www.keramika.com\/slovenija\/wp-json\/wp\/v2\/product\/104014"}],"collection":[{"href":"https:\/\/www.keramika.com\/slovenija\/wp-json\/wp\/v2\/product"}],"about":[{"href":"https:\/\/www.keramika.com\/slovenija\/wp-json\/wp\/v2\/types\/product"}],"wp:featuredmedia":[{"embeddable":true,"href":"https:\/\/www.keramika.com\/slovenija\/wp-json\/wp\/v2\/media\/104015"}],"wp:attachment":[{"href":"https:\/\/www.keramika.com\/slovenija\/wp-json\/wp\/v2\/media?parent=104014"}],"wp:term":[{"taxonomy":"product_cat","embeddable":true,"href":"https:\/\/www.keramika.com\/slovenija\/wp-json\/wp\/v2\/product_cat?post=104014"},{"taxonomy":"product_tag","embeddable":true,"href":"https:\/\/www.keramika.com\/slovenija\/wp-json\/wp\/v2\/product_tag?post=104014"}],"curies":[{"name":"wp","href":"https:\/\/api.w.org\/{rel}","templated":true}]}}