{"id":104012,"date":"2017-03-22T23:57:52","date_gmt":"2017-03-22T23:57:52","guid":{"rendered":"http:\/\/keramika.holest.com\/slovenija\/product\/natucer-klinker-rocas-de-galicia-pontevedra\/"},"modified":"2026-01-03T00:01:23","modified_gmt":"2026-01-03T00:01:23","slug":"natucer-klinker-rocas-de-galicia-pontevedra","status":"publish","type":"product","link":"https:\/\/www.keramika.com\/slovenija\/natucer-klinker-rocas-de-galicia-pontevedra\/","title":{"rendered":"Natucer klinker Rocas De Galicia Pontevedra"},"content":{"rendered":"<p>Pri izbiri plo\u0161\u010dice v sivi barvi ne morete zgre\u0161iti. Natucer klinker Rocas De Galicia Pontevedra je plo\u0161\u010dica proizvajalca Natucer Ceramica in prihaja iz \u0160panije. Plo\u0161\u010dica je debela kar 9 mm, kar jo uvr\u0161\u010da med bolj trde plo\u0161\u010dice. 40,26 EUR v klasi\u010dni trgovini, pri nas pa le 32,21 EUR. Velikost te plo\u0161\u010dice je 30&#215;30 cm in je primerna za razli\u010dne povr\u0161ine.<\/p>\n<p>Kliknite na ime kolekcije za ogled vseh plo\u0161\u010dic iz te serije: <a class=\"pdfcatal\" href=\"\/\/www.ceramictiles.com\/pdf\/natucer\/catalogue_natucer_rocas_de_galicia.pdf\" onclick=\"recordOutboundLink(this, 'E-mail', 'Description PDF');return false;\">Natucer Ceramica Rocas De Galicia<\/a><\/p>\n<p>\u010ce \u017eelite naro\u010diti model iz pdf kataloga te kolekcije, nam pi\u0161ite na: <a href=\"mailto:keramoteka.salon@gmail.com\" onclick=\"recordOutboundLink(this, 'E-mail', 'Description mail');return false;\">keramoteka.salon@gmail.com<\/a> ali pa nas pokli\u010dite na: 031 255 900.<\/p>\n<p>Technical description: <br \/> F 30&#215;60 ; 30&#215;30 ; 15&#215;30 ; 15&#215;15 ; 25&#215;25 <br \/>Rocas De Galicia Lugo ; Rocas De Galicia La Coru\u00f1a ; Rocas De Galicia Pontevedra ; Rocas De Galicia Orense ; Rocas De Galicia Santiago ; Rocas De Galicia Burela ; Rocas De Galicia Sada ; Rocas De Galicia Tui ; Rocas De Galicia Verin ; Rocas De Galicia Noya ;<\/p>\n","protected":false},"excerpt":{"rendered":"<p>Pri izbiri plo\u0161\u010dice v sivi barvi ne morete zgre\u0161iti. Natucer klinker Rocas De Galicia Pontevedra je plo\u0161\u010dica proizvajalca Natucer Ceramica in prihaja iz \u0160panije. Plo\u0161\u010dica je debela kar 9 mm, kar jo uvr\u0161\u010da med bolj trde plo\u0161\u010dice. 40,26 EUR v klasi\u010dni trgovini, pri nas pa le 32,21 EUR. Velikost te plo\u0161\u010dice je 30&#215;30 cm in [&hellip;]<\/p>\n","protected":false},"featured_media":104013,"template":"","meta":[],"product_cat":[100,9991435,120,999],"product_tag":[],"_links":{"self":[{"href":"https:\/\/www.keramika.com\/slovenija\/wp-json\/wp\/v2\/product\/104012"}],"collection":[{"href":"https:\/\/www.keramika.com\/slovenija\/wp-json\/wp\/v2\/product"}],"about":[{"href":"https:\/\/www.keramika.com\/slovenija\/wp-json\/wp\/v2\/types\/product"}],"wp:featuredmedia":[{"embeddable":true,"href":"https:\/\/www.keramika.com\/slovenija\/wp-json\/wp\/v2\/media\/104013"}],"wp:attachment":[{"href":"https:\/\/www.keramika.com\/slovenija\/wp-json\/wp\/v2\/media?parent=104012"}],"wp:term":[{"taxonomy":"product_cat","embeddable":true,"href":"https:\/\/www.keramika.com\/slovenija\/wp-json\/wp\/v2\/product_cat?post=104012"},{"taxonomy":"product_tag","embeddable":true,"href":"https:\/\/www.keramika.com\/slovenija\/wp-json\/wp\/v2\/product_tag?post=104012"}],"curies":[{"name":"wp","href":"https:\/\/api.w.org\/{rel}","templated":true}]}}