{"id":104008,"date":"2017-03-22T23:57:44","date_gmt":"2017-03-22T23:57:44","guid":{"rendered":"http:\/\/keramika.holest.com\/slovenija\/product\/natucer-klinker-quartz-fume\/"},"modified":"2026-01-03T00:01:22","modified_gmt":"2026-01-03T00:01:22","slug":"natucer-klinker-quartz-fume","status":"publish","type":"product","link":"https:\/\/www.keramika.com\/slovenija\/natucer-klinker-quartz-fume\/","title":{"rendered":"Natucer klinker Quartz Fume"},"content":{"rendered":"<p>Ta model plo\u0161\u010dice se najbolje prodaja v sivi barvi. Z velikostjo 15&#215;30 cm je ta plo\u0161\u010dica primerna ze razli\u010dne povr\u0161ine. Natucer klinker Quartz Fume je pripeljana iz \u0160panije in je zelo kvalitetna. 51,74 EUR v klasi\u010dni trgovini, pri nas pa le 41,4 EUR. 9 mm je debelina, ki zadovolji tudi zahtevnej\u0161e kupce.<\/p>\n<p>Kliknite na ime kolekcije za ogled vseh plo\u0161\u010dic iz te serije: <a class=\"pdfcatal\" href=\"\/\/www.ceramictiles.com\/pdf\/natucer\/catalogue_natucer_quartz_klinker.pdf\" onclick=\"recordOutboundLink(this, 'E-mail', 'Description PDF');return false;\">Natucer Ceramica Quartz Klinker<\/a><\/p>\n<p>\u010ce \u017eelite naro\u010diti model iz pdf kataloga te kolekcije, nam pi\u0161ite na: <a href=\"mailto:keramoteka.salon@gmail.com\" onclick=\"recordOutboundLink(this, 'E-mail', 'Description mail');return false;\">keramoteka.salon@gmail.com<\/a> ali pa nas pokli\u010dite na: 031 255 900.<\/p>\n<p>Technical description: <br \/> F 30&#215;60 ; 25&#215;25 ; 30&#215;30 ; 15&#215;30 ; 15&#215;15 ; 15&#215;17 <br \/>Quartz Klinker Latteo ; Quartz Klinker Rutilo ; Quartz Klinker Citrino ; Quartz Klinker Fume ; Quartz Klinker Galena ;<\/p>\n","protected":false},"excerpt":{"rendered":"<p>Ta model plo\u0161\u010dice se najbolje prodaja v sivi barvi. Z velikostjo 15&#215;30 cm je ta plo\u0161\u010dica primerna ze razli\u010dne povr\u0161ine. Natucer klinker Quartz Fume je pripeljana iz \u0160panije in je zelo kvalitetna. 51,74 EUR v klasi\u010dni trgovini, pri nas pa le 41,4 EUR. 9 mm je debelina, ki zadovolji tudi zahtevnej\u0161e kupce. Kliknite na ime [&hellip;]<\/p>\n","protected":false},"featured_media":104009,"template":"","meta":[],"product_cat":[150,100,9991435,120,999,110],"product_tag":[],"_links":{"self":[{"href":"https:\/\/www.keramika.com\/slovenija\/wp-json\/wp\/v2\/product\/104008"}],"collection":[{"href":"https:\/\/www.keramika.com\/slovenija\/wp-json\/wp\/v2\/product"}],"about":[{"href":"https:\/\/www.keramika.com\/slovenija\/wp-json\/wp\/v2\/types\/product"}],"wp:featuredmedia":[{"embeddable":true,"href":"https:\/\/www.keramika.com\/slovenija\/wp-json\/wp\/v2\/media\/104009"}],"wp:attachment":[{"href":"https:\/\/www.keramika.com\/slovenija\/wp-json\/wp\/v2\/media?parent=104008"}],"wp:term":[{"taxonomy":"product_cat","embeddable":true,"href":"https:\/\/www.keramika.com\/slovenija\/wp-json\/wp\/v2\/product_cat?post=104008"},{"taxonomy":"product_tag","embeddable":true,"href":"https:\/\/www.keramika.com\/slovenija\/wp-json\/wp\/v2\/product_tag?post=104008"}],"curies":[{"name":"wp","href":"https:\/\/api.w.org\/{rel}","templated":true}]}}