{"id":104004,"date":"2017-03-22T23:57:37","date_gmt":"2017-03-22T23:57:37","guid":{"rendered":"http:\/\/keramika.holest.com\/slovenija\/product\/natucer-klinker-pietra-di-firenze-nebbia\/"},"modified":"2026-01-03T00:01:22","modified_gmt":"2026-01-03T00:01:22","slug":"natucer-klinker-pietra-di-firenze-nebbia","status":"publish","type":"product","link":"https:\/\/www.keramika.com\/slovenija\/natucer-klinker-pietra-di-firenze-nebbia\/","title":{"rendered":"Natucer klinker Pietra Di Firenze Nebbia"},"content":{"rendered":"<p>Ta plo\u0161\u010dica prihaja iz \u0160panije, ki je znana po kvalitetni keramiki. Ta plo\u0161\u010dica je na voljo v \u010dudoviti sivi barvi, \u010de \u017eelite kak\u0161no drugo barvo pa nas kontaktirajte in preverili bomo pri proizvajalcu. Ta plo\u0161\u010dica je debela 9 mm in je zelo trpe\u017ena. Velikost te plo\u0161\u010dice je 30&#215;60 cm. Zaradi ni\u017ejih stro\u0161kov pri spletni prodaji boste na na\u0161i strani za to plo\u0161\u010dico od\u0161teli le 46,75 EUR.<\/p>\n<p>Kliknite na ime kolekcije za ogled vseh plo\u0161\u010dic iz te serije: <a class=\"pdfcatal\" href=\"\/\/www.ceramictiles.com\/pdf\/natucer\/catalogue_natucer_pietra_de_firenze.pdf\" onclick=\"recordOutboundLink(this, 'E-mail', 'Description PDF');return false;\">Natucer Ceramica Pietra De Firenze<\/a><\/p>\n<p>\u010ce \u017eelite naro\u010diti model iz pdf kataloga te kolekcije, nam pi\u0161ite na: <a href=\"mailto:keramoteka.salon@gmail.com\" onclick=\"recordOutboundLink(this, 'E-mail', 'Description mail');return false;\">keramoteka.salon@gmail.com<\/a> ali pa nas pokli\u010dite na: 031 255 900.<\/p>\n<p>Technical description: <br \/> F 30&#215;60 ; 30&#215;30 ; 36&#215;36 <br \/>Pietra Di Firenze Albino ; Pietra Di Firenze Nocciola ; Pietra Di Firenze Giada ; Pietra Di Firenze Nebbia ; Pietra Di Firenze Nero ;<\/p>\n","protected":false},"excerpt":{"rendered":"<p>Ta plo\u0161\u010dica prihaja iz \u0160panije, ki je znana po kvalitetni keramiki. Ta plo\u0161\u010dica je na voljo v \u010dudoviti sivi barvi, \u010de \u017eelite kak\u0161no drugo barvo pa nas kontaktirajte in preverili bomo pri proizvajalcu. Ta plo\u0161\u010dica je debela 9 mm in je zelo trpe\u017ena. Velikost te plo\u0161\u010dice je 30&#215;60 cm. Zaradi ni\u017ejih stro\u0161kov pri spletni prodaji [&hellip;]<\/p>\n","protected":false},"featured_media":104005,"template":"","meta":[],"product_cat":[100,9991435,120,999],"product_tag":[],"_links":{"self":[{"href":"https:\/\/www.keramika.com\/slovenija\/wp-json\/wp\/v2\/product\/104004"}],"collection":[{"href":"https:\/\/www.keramika.com\/slovenija\/wp-json\/wp\/v2\/product"}],"about":[{"href":"https:\/\/www.keramika.com\/slovenija\/wp-json\/wp\/v2\/types\/product"}],"wp:featuredmedia":[{"embeddable":true,"href":"https:\/\/www.keramika.com\/slovenija\/wp-json\/wp\/v2\/media\/104005"}],"wp:attachment":[{"href":"https:\/\/www.keramika.com\/slovenija\/wp-json\/wp\/v2\/media?parent=104004"}],"wp:term":[{"taxonomy":"product_cat","embeddable":true,"href":"https:\/\/www.keramika.com\/slovenija\/wp-json\/wp\/v2\/product_cat?post=104004"},{"taxonomy":"product_tag","embeddable":true,"href":"https:\/\/www.keramika.com\/slovenija\/wp-json\/wp\/v2\/product_tag?post=104004"}],"curies":[{"name":"wp","href":"https:\/\/api.w.org\/{rel}","templated":true}]}}