{"id":104002,"date":"2017-03-22T23:57:34","date_gmt":"2017-03-22T23:57:34","guid":{"rendered":"http:\/\/keramika.holest.com\/slovenija\/product\/natucer-klinker-piemonte-torino\/"},"modified":"2026-01-03T00:01:21","modified_gmt":"2026-01-03T00:01:21","slug":"natucer-klinker-piemonte-torino","status":"publish","type":"product","link":"https:\/\/www.keramika.com\/slovenija\/natucer-klinker-piemonte-torino\/","title":{"rendered":"Natucer klinker Piemonte Torino"},"content":{"rendered":"<p>9 mm je debelina, ki zadovolji tudi zahtevnej\u0161e kupce. Natucer klinker Piemonte Torino prihaja iz \u0160panije, ki je znana po zelo kvalitetni keramiki v svetovnem merilu. Pri izbiri plo\u0161\u010dice v rjavi barvi ne morete zgre\u0161iti. Na spletu boste za to plo\u0161\u010dico od\u0161teli le 36,59 EUR, medtem ko v redni prodaji cena zna\u0161a 45,74 EUR. Z 36&#215;36 cm je ta plo\u0161\u010dica primerna za razli\u010dne podlage.<\/p>\n<p>Kliknite na ime kolekcije za ogled vseh plo\u0161\u010dic iz te serije: <a class=\"pdfcatal\" href=\"\/\/www.ceramictiles.com\/pdf\/natucer\/catalogue_natucer_piemonte.pdf\" onclick=\"recordOutboundLink(this, 'E-mail', 'Description PDF');return false;\">Natucer Ceramica Piemonte<\/a><\/p>\n<p>\u010ce \u017eelite naro\u010diti model iz pdf kataloga te kolekcije, nam pi\u0161ite na: <a href=\"mailto:keramoteka.salon@gmail.com\" onclick=\"recordOutboundLink(this, 'E-mail', 'Description mail');return false;\">keramoteka.salon@gmail.com<\/a> ali pa nas pokli\u010dite na: 031 255 900.<\/p>\n<p>Technical description: <br \/> F 36&#215;36 ; 15,5&#215;36 ; 15,5&#215;15,5 ; 18&#215;36 ; 18&#215;18 <br \/>Piemonte Asti ; Piemonte Novara ; Piemonte Torino ; Piemonte Alessandria ; Piemonte Biella ; Piemonte Vercelli ;<\/p>\n","protected":false},"excerpt":{"rendered":"<p>9 mm je debelina, ki zadovolji tudi zahtevnej\u0161e kupce. Natucer klinker Piemonte Torino prihaja iz \u0160panije, ki je znana po zelo kvalitetni keramiki v svetovnem merilu. Pri izbiri plo\u0161\u010dice v rjavi barvi ne morete zgre\u0161iti. Na spletu boste za to plo\u0161\u010dico od\u0161teli le 36,59 EUR, medtem ko v redni prodaji cena zna\u0161a 45,74 EUR. Z [&hellip;]<\/p>\n","protected":false},"featured_media":104003,"template":"","meta":[],"product_cat":[100,9991435,120,999],"product_tag":[],"_links":{"self":[{"href":"https:\/\/www.keramika.com\/slovenija\/wp-json\/wp\/v2\/product\/104002"}],"collection":[{"href":"https:\/\/www.keramika.com\/slovenija\/wp-json\/wp\/v2\/product"}],"about":[{"href":"https:\/\/www.keramika.com\/slovenija\/wp-json\/wp\/v2\/types\/product"}],"wp:featuredmedia":[{"embeddable":true,"href":"https:\/\/www.keramika.com\/slovenija\/wp-json\/wp\/v2\/media\/104003"}],"wp:attachment":[{"href":"https:\/\/www.keramika.com\/slovenija\/wp-json\/wp\/v2\/media?parent=104002"}],"wp:term":[{"taxonomy":"product_cat","embeddable":true,"href":"https:\/\/www.keramika.com\/slovenija\/wp-json\/wp\/v2\/product_cat?post=104002"},{"taxonomy":"product_tag","embeddable":true,"href":"https:\/\/www.keramika.com\/slovenija\/wp-json\/wp\/v2\/product_tag?post=104002"}],"curies":[{"name":"wp","href":"https:\/\/api.w.org\/{rel}","templated":true}]}}