{"id":103994,"date":"2017-03-22T23:57:21","date_gmt":"2017-03-22T23:57:21","guid":{"rendered":"http:\/\/keramika.holest.com\/slovenija\/product\/natucer-klinker-panal-menta\/"},"modified":"2026-01-03T00:01:21","modified_gmt":"2026-01-03T00:01:21","slug":"natucer-klinker-panal-menta","status":"publish","type":"product","link":"https:\/\/www.keramika.com\/slovenija\/natucer-klinker-panal-menta\/","title":{"rendered":"Natucer klinker Panal Menta"},"content":{"rendered":"<p>Debelina plo\u0161\u010dice je zelo pomembna in 9 mm uvr\u0161\u010da to plo\u0161\u010dico med najkvalitetnej\u0161e. Redna cena te plo\u0161\u010dice v maloprodaji zna\u0161a 4,72 EUR, v na\u0161i spletni trgovini pa jo lahko dobite \u017ee za 3,78 EUR. Plo\u0161\u010dica na sliki je velika 15&#215;17 cm. Ta plo\u0161\u010dica je na voljo v \u010dudoviti zeleni barvi, \u010de \u017eelite kak\u0161no drugo barvo pa nas kontaktirajte in preverili bomo pri proizvajalcu. Ta plo\u0161\u010dica prihaja iz \u0160panije, ki je znana po kvalitetni keramiki.<\/p>\n<p>Kliknite na ime kolekcije za ogled vseh plo\u0161\u010dic iz te serije: <a class=\"pdfcatal\" href=\"\/\/www.ceramictiles.com\/pdf\/natucer\/catalogue_natucer_panal_rev.pdf\" onclick=\"recordOutboundLink(this, 'E-mail', 'Description PDF');return false;\">Natucer Ceramica Panal Rev<\/a><\/p>\n<p>\u010ce \u017eelite naro\u010diti model iz pdf kataloga te kolekcije, nam pi\u0161ite na: <a href=\"mailto:keramoteka.salon@gmail.com\" onclick=\"recordOutboundLink(this, 'E-mail', 'Description mail');return false;\">keramoteka.salon@gmail.com<\/a> ali pa nas pokli\u010dite na: 031 255 900.<\/p>\n<p>Technical description: <br \/> F 15&#215;17 ; 6,5&#215;30 <br \/>Panal Farina ; Panal Gris ; Panal Ciment ; Panal Carbo ; Panal Beix ; Panal Truffle ; Panal Lavander ; Panal Bluish ; Panal Dia ; Panal Caqui ; Panal Vermell ; Panal Menta ; Panal Turquesa ; Panal Tabac ;<\/p>\n","protected":false},"excerpt":{"rendered":"<p>Debelina plo\u0161\u010dice je zelo pomembna in 9 mm uvr\u0161\u010da to plo\u0161\u010dico med najkvalitetnej\u0161e. Redna cena te plo\u0161\u010dice v maloprodaji zna\u0161a 4,72 EUR, v na\u0161i spletni trgovini pa jo lahko dobite \u017ee za 3,78 EUR. Plo\u0161\u010dica na sliki je velika 15&#215;17 cm. Ta plo\u0161\u010dica je na voljo v \u010dudoviti zeleni barvi, \u010de \u017eelite kak\u0161no drugo barvo [&hellip;]<\/p>\n","protected":false},"featured_media":103995,"template":"","meta":[],"product_cat":[100,9991435,120,999],"product_tag":[],"_links":{"self":[{"href":"https:\/\/www.keramika.com\/slovenija\/wp-json\/wp\/v2\/product\/103994"}],"collection":[{"href":"https:\/\/www.keramika.com\/slovenija\/wp-json\/wp\/v2\/product"}],"about":[{"href":"https:\/\/www.keramika.com\/slovenija\/wp-json\/wp\/v2\/types\/product"}],"wp:featuredmedia":[{"embeddable":true,"href":"https:\/\/www.keramika.com\/slovenija\/wp-json\/wp\/v2\/media\/103995"}],"wp:attachment":[{"href":"https:\/\/www.keramika.com\/slovenija\/wp-json\/wp\/v2\/media?parent=103994"}],"wp:term":[{"taxonomy":"product_cat","embeddable":true,"href":"https:\/\/www.keramika.com\/slovenija\/wp-json\/wp\/v2\/product_cat?post=103994"},{"taxonomy":"product_tag","embeddable":true,"href":"https:\/\/www.keramika.com\/slovenija\/wp-json\/wp\/v2\/product_tag?post=103994"}],"curies":[{"name":"wp","href":"https:\/\/api.w.org\/{rel}","templated":true}]}}