{"id":103992,"date":"2017-03-22T23:57:18","date_gmt":"2017-03-22T23:57:18","guid":{"rendered":"http:\/\/keramika.holest.com\/slovenija\/product\/natucer-klinker-novecento-camel\/"},"modified":"2026-01-03T00:01:20","modified_gmt":"2026-01-03T00:01:20","slug":"natucer-klinker-novecento-camel","status":"publish","type":"product","link":"https:\/\/www.keramika.com\/slovenija\/natucer-klinker-novecento-camel\/","title":{"rendered":"Natucer klinker Novecento Camel"},"content":{"rendered":"<p>Plo\u0161\u010dica je debela kar 9 mm, kar jo uvr\u0161\u010da med bolj trde plo\u0161\u010dice. Z 13&#215;13 cm je ta plo\u0161\u010dica primerna za razli\u010dne podlage. Natucer klinker Novecento Camel je na voljo po zelo ugodni ceni 78,8 EUR. Natucer klinker Novecento Camel prihaja iz \u0160panije, ki je znana po zelo kvalitetni keramiki v svetovnem merilu. Pri izbiri plo\u0161\u010dice v rumeni barvi ne morete zgre\u0161iti.<\/p>\n<p>Kliknite na ime kolekcije za ogled vseh plo\u0161\u010dic iz te serije: <a class=\"pdfcatal\" href=\"\/\/www.ceramictiles.com\/pdf\/natucer\/catalogue_natucer_noveccento.pdf\" onclick=\"recordOutboundLink(this, 'E-mail', 'Description PDF');return false;\">Natucer Ceramica Noveccento<\/a><\/p>\n<p>\u010ce \u017eelite naro\u010diti model iz pdf kataloga te kolekcije, nam pi\u0161ite na: <a href=\"mailto:keramoteka.salon@gmail.com\" onclick=\"recordOutboundLink(this, 'E-mail', 'Description mail');return false;\">keramoteka.salon@gmail.com<\/a> ali pa nas pokli\u010dite na: 031 255 900.<\/p>\n<p>Technical description: <br \/> W 13&#215;39 ; 13&#215;13 ; 6,5&#215;13 <br \/>Novecento Blanco Viejo ; Novecento Blanco Silencio ; Novecento Canela ; Novecento Burdeos ; Novecento Camel ; Novecento Aguamarina ; Novecento Verd\u00edn ; Novecento Cobalto ;<\/p>\n","protected":false},"excerpt":{"rendered":"<p>Plo\u0161\u010dica je debela kar 9 mm, kar jo uvr\u0161\u010da med bolj trde plo\u0161\u010dice. Z 13&#215;13 cm je ta plo\u0161\u010dica primerna za razli\u010dne podlage. Natucer klinker Novecento Camel je na voljo po zelo ugodni ceni 78,8 EUR. Natucer klinker Novecento Camel prihaja iz \u0160panije, ki je znana po zelo kvalitetni keramiki v svetovnem merilu. Pri izbiri [&hellip;]<\/p>\n","protected":false},"featured_media":103993,"template":"","meta":[],"product_cat":[100,9991435,120,999],"product_tag":[],"_links":{"self":[{"href":"https:\/\/www.keramika.com\/slovenija\/wp-json\/wp\/v2\/product\/103992"}],"collection":[{"href":"https:\/\/www.keramika.com\/slovenija\/wp-json\/wp\/v2\/product"}],"about":[{"href":"https:\/\/www.keramika.com\/slovenija\/wp-json\/wp\/v2\/types\/product"}],"wp:featuredmedia":[{"embeddable":true,"href":"https:\/\/www.keramika.com\/slovenija\/wp-json\/wp\/v2\/media\/103993"}],"wp:attachment":[{"href":"https:\/\/www.keramika.com\/slovenija\/wp-json\/wp\/v2\/media?parent=103992"}],"wp:term":[{"taxonomy":"product_cat","embeddable":true,"href":"https:\/\/www.keramika.com\/slovenija\/wp-json\/wp\/v2\/product_cat?post=103992"},{"taxonomy":"product_tag","embeddable":true,"href":"https:\/\/www.keramika.com\/slovenija\/wp-json\/wp\/v2\/product_tag?post=103992"}],"curies":[{"name":"wp","href":"https:\/\/api.w.org\/{rel}","templated":true}]}}