{"id":103990,"date":"2017-03-22T23:57:13","date_gmt":"2017-03-22T23:57:13","guid":{"rendered":"http:\/\/keramika.holest.com\/slovenija\/product\/natucer-klinker-nobleza-grana-porc\/"},"modified":"2026-01-03T00:01:20","modified_gmt":"2026-01-03T00:01:20","slug":"natucer-klinker-nobleza-grana-porc","status":"publish","type":"product","link":"https:\/\/www.keramika.com\/slovenija\/natucer-klinker-nobleza-grana-porc\/","title":{"rendered":"Natucer klinker Nobleza Grana Porc."},"content":{"rendered":"<p>Z 30&#215;30 cm je ta plo\u0161\u010dica primerna za razli\u010dne podlage. 37,55 EUR v klasi\u010dni trgovini, pri nas pa le 30,04 EUR. Debelina kar 9 mm dela to plo\u0161\u010dico zelo trpe\u017eno in presti\u017eno na otip. Ta plo\u0161\u010dica prihaja iz \u0160panije, ki je znana po kvalitetni keramiki. Ta model plo\u0161\u010dice se najbolje prodaja v rde\u010di barvi.<\/p>\n<p>Kliknite na ime kolekcije za ogled vseh plo\u0161\u010dic iz te serije: <a class=\"pdfcatal\" href=\"\/\/www.ceramictiles.com\/pdf\/natucer\/catalogue_natucer_nobleza.pdf\" onclick=\"recordOutboundLink(this, 'E-mail', 'Description PDF');return false;\">Natucer Ceramica Nobleza<\/a><\/p>\n<p>\u010ce \u017eelite naro\u010diti model iz pdf kataloga te kolekcije, nam pi\u0161ite na: <a href=\"mailto:keramoteka.salon@gmail.com\" onclick=\"recordOutboundLink(this, 'E-mail', 'Description mail');return false;\">keramoteka.salon@gmail.com<\/a> ali pa nas pokli\u010dite na: 031 255 900.<\/p>\n<p>Technical description: <br \/> F 30&#215;30 ; 25&#215;25 <br \/>Nobleza Niebla Porc. ; Nobleza Topacio Porc. ; Nobleza Grana Porc. ;<\/p>\n","protected":false},"excerpt":{"rendered":"<p>Z 30&#215;30 cm je ta plo\u0161\u010dica primerna za razli\u010dne podlage. 37,55 EUR v klasi\u010dni trgovini, pri nas pa le 30,04 EUR. Debelina kar 9 mm dela to plo\u0161\u010dico zelo trpe\u017eno in presti\u017eno na otip. Ta plo\u0161\u010dica prihaja iz \u0160panije, ki je znana po kvalitetni keramiki. Ta model plo\u0161\u010dice se najbolje prodaja v rde\u010di barvi. Kliknite [&hellip;]<\/p>\n","protected":false},"featured_media":103991,"template":"","meta":[],"product_cat":[100,9991435,120,999],"product_tag":[],"_links":{"self":[{"href":"https:\/\/www.keramika.com\/slovenija\/wp-json\/wp\/v2\/product\/103990"}],"collection":[{"href":"https:\/\/www.keramika.com\/slovenija\/wp-json\/wp\/v2\/product"}],"about":[{"href":"https:\/\/www.keramika.com\/slovenija\/wp-json\/wp\/v2\/types\/product"}],"wp:featuredmedia":[{"embeddable":true,"href":"https:\/\/www.keramika.com\/slovenija\/wp-json\/wp\/v2\/media\/103991"}],"wp:attachment":[{"href":"https:\/\/www.keramika.com\/slovenija\/wp-json\/wp\/v2\/media?parent=103990"}],"wp:term":[{"taxonomy":"product_cat","embeddable":true,"href":"https:\/\/www.keramika.com\/slovenija\/wp-json\/wp\/v2\/product_cat?post=103990"},{"taxonomy":"product_tag","embeddable":true,"href":"https:\/\/www.keramika.com\/slovenija\/wp-json\/wp\/v2\/product_tag?post=103990"}],"curies":[{"name":"wp","href":"https:\/\/api.w.org\/{rel}","templated":true}]}}