{"id":103988,"date":"2017-03-22T23:57:10","date_gmt":"2017-03-22T23:57:10","guid":{"rendered":"http:\/\/keramika.holest.com\/slovenija\/product\/natucer-klinker-montpelier-dune\/"},"modified":"2026-01-03T00:01:20","modified_gmt":"2026-01-03T00:01:20","slug":"natucer-klinker-montpelier-dune","status":"publish","type":"product","link":"https:\/\/www.keramika.com\/slovenija\/natucer-klinker-montpelier-dune\/","title":{"rendered":"Natucer klinker Montpelier Dune"},"content":{"rendered":"<p>9 mm je debelina, ki zadovolji tudi zahtevnej\u0161e kupce. 58,44 EUR v klasi\u010dni trgovini, pri nas pa le 46,75 EUR. Zelo moderna plo\u0161\u010dica v beli barvi popestri prav vsak prostor. Dimenzije te plo\u0161\u010dice so 13&#215;39 cm. To plo\u0161\u010dico je izdelal proizvajalec Natucer Ceramica, ki prihaja iz \u0160panije.<\/p>\n<p>Kliknite na ime kolekcije za ogled vseh plo\u0161\u010dic iz te serije: <a class=\"pdfcatal\" href=\"\/\/www.ceramictiles.com\/pdf\/natucer\/catalogue_natucer_montpellier.pdf\" onclick=\"recordOutboundLink(this, 'E-mail', 'Description PDF');return false;\">Natucer Ceramica Montpellier<\/a><\/p>\n<p>\u010ce \u017eelite naro\u010diti model iz pdf kataloga te kolekcije, nam pi\u0161ite na: <a href=\"mailto:keramoteka.salon@gmail.com\" onclick=\"recordOutboundLink(this, 'E-mail', 'Description mail');return false;\">keramoteka.salon@gmail.com<\/a> ali pa nas pokli\u010dite na: 031 255 900.<\/p>\n<p>Technical description: <br \/> W 13&#215;39 ; 13&#215;13 <br \/>Dune ; Sable ; Jaune ; Mousse ; Terre ; Vert ; Azur ;<\/p>\n","protected":false},"excerpt":{"rendered":"<p>9 mm je debelina, ki zadovolji tudi zahtevnej\u0161e kupce. 58,44 EUR v klasi\u010dni trgovini, pri nas pa le 46,75 EUR. Zelo moderna plo\u0161\u010dica v beli barvi popestri prav vsak prostor. Dimenzije te plo\u0161\u010dice so 13&#215;39 cm. To plo\u0161\u010dico je izdelal proizvajalec Natucer Ceramica, ki prihaja iz \u0160panije. Kliknite na ime kolekcije za ogled vseh plo\u0161\u010dic [&hellip;]<\/p>\n","protected":false},"featured_media":103989,"template":"","meta":[],"product_cat":[100,9991435,120,999],"product_tag":[],"_links":{"self":[{"href":"https:\/\/www.keramika.com\/slovenija\/wp-json\/wp\/v2\/product\/103988"}],"collection":[{"href":"https:\/\/www.keramika.com\/slovenija\/wp-json\/wp\/v2\/product"}],"about":[{"href":"https:\/\/www.keramika.com\/slovenija\/wp-json\/wp\/v2\/types\/product"}],"wp:featuredmedia":[{"embeddable":true,"href":"https:\/\/www.keramika.com\/slovenija\/wp-json\/wp\/v2\/media\/103989"}],"wp:attachment":[{"href":"https:\/\/www.keramika.com\/slovenija\/wp-json\/wp\/v2\/media?parent=103988"}],"wp:term":[{"taxonomy":"product_cat","embeddable":true,"href":"https:\/\/www.keramika.com\/slovenija\/wp-json\/wp\/v2\/product_cat?post=103988"},{"taxonomy":"product_tag","embeddable":true,"href":"https:\/\/www.keramika.com\/slovenija\/wp-json\/wp\/v2\/product_tag?post=103988"}],"curies":[{"name":"wp","href":"https:\/\/api.w.org\/{rel}","templated":true}]}}