{"id":103986,"date":"2017-03-22T23:57:07","date_gmt":"2017-03-22T23:57:07","guid":{"rendered":"http:\/\/keramika.holest.com\/slovenija\/product\/natucer-klinker-tira-enm-mattone-kuld\/"},"modified":"2026-01-03T00:01:20","modified_gmt":"2026-01-03T00:01:20","slug":"natucer-klinker-tira-enm-mattone-kuld","status":"publish","type":"product","link":"https:\/\/www.keramika.com\/slovenija\/natucer-klinker-tira-enm-mattone-kuld\/","title":{"rendered":"Natucer klinker Tira Enm. Mattone Kuld"},"content":{"rendered":"<p>Zelo moderna plo\u0161\u010dica v rjavi barvi popestri prav vsak prostor. Natucer klinker Tira Enm. Mattone Kuld je na voljo po zelo ugodni ceni 15,97 EUR. Z 25&#215;50 cm je ta plo\u0161\u010dica primerna za razli\u010dne podlage. To plo\u0161\u010dico je izdelal proizvajalec Natucer Ceramica, ki prihaja iz \u0160panije. Debelina plo\u0161\u010dice je zelo pomembna in 9 mm uvr\u0161\u010da to plo\u0161\u010dico med najkvalitetnej\u0161e.<\/p>\n<p>Kliknite na ime kolekcije za ogled vseh plo\u0161\u010dic iz te serije: <a class=\"pdfcatal\" href=\"\/\/www.ceramictiles.com\/pdf\/natucer\/catalogue_natucer_mattone_rev.pdf\" onclick=\"recordOutboundLink(this, 'E-mail', 'Description PDF');return false;\">Natucer Ceramica Mattone Rev<\/a><\/p>\n<p>\u010ce \u017eelite naro\u010diti model iz pdf kataloga te kolekcije, nam pi\u0161ite na: <a href=\"mailto:keramoteka.salon@gmail.com\" onclick=\"recordOutboundLink(this, 'E-mail', 'Description mail');return false;\">keramoteka.salon@gmail.com<\/a> ali pa nas pokli\u010dite na: 031 255 900.<\/p>\n<p>Technical description: <br \/> W 15&#215;50 ; 25&#215;50 <br \/>Mattone Valge ; Mattone Must ; Mattone Kuld ; Mattone Vask ; Mattone Beez ;<\/p>\n","protected":false},"excerpt":{"rendered":"<p>Zelo moderna plo\u0161\u010dica v rjavi barvi popestri prav vsak prostor. Natucer klinker Tira Enm. Mattone Kuld je na voljo po zelo ugodni ceni 15,97 EUR. Z 25&#215;50 cm je ta plo\u0161\u010dica primerna za razli\u010dne podlage. To plo\u0161\u010dico je izdelal proizvajalec Natucer Ceramica, ki prihaja iz \u0160panije. Debelina plo\u0161\u010dice je zelo pomembna in 9 mm uvr\u0161\u010da [&hellip;]<\/p>\n","protected":false},"featured_media":103987,"template":"","meta":[],"product_cat":[100,9991435,120,999],"product_tag":[],"_links":{"self":[{"href":"https:\/\/www.keramika.com\/slovenija\/wp-json\/wp\/v2\/product\/103986"}],"collection":[{"href":"https:\/\/www.keramika.com\/slovenija\/wp-json\/wp\/v2\/product"}],"about":[{"href":"https:\/\/www.keramika.com\/slovenija\/wp-json\/wp\/v2\/types\/product"}],"wp:featuredmedia":[{"embeddable":true,"href":"https:\/\/www.keramika.com\/slovenija\/wp-json\/wp\/v2\/media\/103987"}],"wp:attachment":[{"href":"https:\/\/www.keramika.com\/slovenija\/wp-json\/wp\/v2\/media?parent=103986"}],"wp:term":[{"taxonomy":"product_cat","embeddable":true,"href":"https:\/\/www.keramika.com\/slovenija\/wp-json\/wp\/v2\/product_cat?post=103986"},{"taxonomy":"product_tag","embeddable":true,"href":"https:\/\/www.keramika.com\/slovenija\/wp-json\/wp\/v2\/product_tag?post=103986"}],"curies":[{"name":"wp","href":"https:\/\/api.w.org\/{rel}","templated":true}]}}