{"id":103980,"date":"2017-03-22T23:56:58","date_gmt":"2017-03-22T23:56:58","guid":{"rendered":"http:\/\/keramika.holest.com\/slovenija\/product\/natucer-klinker-look-optic-pistacho\/"},"modified":"2026-01-03T00:01:19","modified_gmt":"2026-01-03T00:01:19","slug":"natucer-klinker-look-optic-pistacho","status":"publish","type":"product","link":"https:\/\/www.keramika.com\/slovenija\/natucer-klinker-look-optic-pistacho\/","title":{"rendered":"Natucer klinker Look Optic Pistacho"},"content":{"rendered":"<p>Na spletu boste za to plo\u0161\u010dico od\u0161teli le 36,59 EUR, medtem ko v redni prodaji cena zna\u0161a 45,74 EUR. Plo\u0161\u010dica je debela kar 9 mm, kar jo uvr\u0161\u010da med bolj trde plo\u0161\u010dice. Natucer klinker Look Optic Pistacho je pripeljana iz \u0160panije in je zelo kvalitetna. Ta kerami\u010dna plo\u0161\u010dica v \u010dudoviti zeleni barvi bo obogatila vsak prostor. Z velikostjo 20&#215;40 cm je ta plo\u0161\u010dica primerna ze razli\u010dne povr\u0161ine.<\/p>\n<p>Kliknite na ime kolekcije za ogled vseh plo\u0161\u010dic iz te serije: <a class=\"pdfcatal\" href=\"\/\/www.ceramictiles.com\/pdf\/natucer\/catalogue_natucer_look.pdf\" onclick=\"recordOutboundLink(this, 'E-mail', 'Description PDF');return false;\">Natucer Ceramica Look<\/a><\/p>\n<p>\u010ce \u017eelite naro\u010diti model iz pdf kataloga te kolekcije, nam pi\u0161ite na: <a href=\"mailto:keramoteka.salon@gmail.com\" onclick=\"recordOutboundLink(this, 'E-mail', 'Description mail');return false;\">keramoteka.salon@gmail.com<\/a> ali pa nas pokli\u010dite na: 031 255 900.<\/p>\n<p>Technical description: <br \/> W 20&#215;40 <br \/>Look Cala ; Look Pistacho ; Look Jean ;<\/p>\n","protected":false},"excerpt":{"rendered":"<p>Na spletu boste za to plo\u0161\u010dico od\u0161teli le 36,59 EUR, medtem ko v redni prodaji cena zna\u0161a 45,74 EUR. Plo\u0161\u010dica je debela kar 9 mm, kar jo uvr\u0161\u010da med bolj trde plo\u0161\u010dice. Natucer klinker Look Optic Pistacho je pripeljana iz \u0160panije in je zelo kvalitetna. Ta kerami\u010dna plo\u0161\u010dica v \u010dudoviti zeleni barvi bo obogatila vsak [&hellip;]<\/p>\n","protected":false},"featured_media":103981,"template":"","meta":[],"product_cat":[100,9991435,120,999],"product_tag":[],"_links":{"self":[{"href":"https:\/\/www.keramika.com\/slovenija\/wp-json\/wp\/v2\/product\/103980"}],"collection":[{"href":"https:\/\/www.keramika.com\/slovenija\/wp-json\/wp\/v2\/product"}],"about":[{"href":"https:\/\/www.keramika.com\/slovenija\/wp-json\/wp\/v2\/types\/product"}],"wp:featuredmedia":[{"embeddable":true,"href":"https:\/\/www.keramika.com\/slovenija\/wp-json\/wp\/v2\/media\/103981"}],"wp:attachment":[{"href":"https:\/\/www.keramika.com\/slovenija\/wp-json\/wp\/v2\/media?parent=103980"}],"wp:term":[{"taxonomy":"product_cat","embeddable":true,"href":"https:\/\/www.keramika.com\/slovenija\/wp-json\/wp\/v2\/product_cat?post=103980"},{"taxonomy":"product_tag","embeddable":true,"href":"https:\/\/www.keramika.com\/slovenija\/wp-json\/wp\/v2\/product_tag?post=103980"}],"curies":[{"name":"wp","href":"https:\/\/api.w.org\/{rel}","templated":true}]}}