{"id":103978,"date":"2017-03-22T23:56:54","date_gmt":"2017-03-22T23:56:54","guid":{"rendered":"http:\/\/keramika.holest.com\/slovenija\/product\/natucer-klinker-lofty-nut\/"},"modified":"2026-01-03T00:01:19","modified_gmt":"2026-01-03T00:01:19","slug":"natucer-klinker-lofty-nut","status":"publish","type":"product","link":"https:\/\/www.keramika.com\/slovenija\/natucer-klinker-lofty-nut\/","title":{"rendered":"Natucer klinker Lofty Nut"},"content":{"rendered":"<p>To plo\u0161\u010dico je izdelal proizvajalec Natucer Ceramica, ki prihaja iz \u0160panije. Ta plo\u0161\u010dica je debela 9 mm in je zelo trpe\u017ena. Pri izbiri plo\u0161\u010dice v rjavi barvi ne morete zgre\u0161iti. Dimenzije te plo\u0161\u010dice so 21&#215;60 cm. Na spletu boste za to plo\u0161\u010dico od\u0161teli le 46,75 EUR, medtem ko v redni prodaji cena zna\u0161a 58,44 EUR.<\/p>\n<p>Kliknite na ime kolekcije za ogled vseh plo\u0161\u010dic iz te serije: <a class=\"pdfcatal\" href=\"\/\/www.ceramictiles.com\/pdf\/natucer\/catalogue_natucer_lofty.pdf\" onclick=\"recordOutboundLink(this, 'E-mail', 'Description PDF');return false;\">Natucer Ceramica Lofty<\/a><\/p>\n<p>\u010ce \u017eelite naro\u010diti model iz pdf kataloga te kolekcije, nam pi\u0161ite na: <a href=\"mailto:keramoteka.salon@gmail.com\" onclick=\"recordOutboundLink(this, 'E-mail', 'Description mail');return false;\">keramoteka.salon@gmail.com<\/a> ali pa nas pokli\u010dite na: 031 255 900.<\/p>\n<p>Technical description: <br \/> F 21&#215;60 ; 10,5&#215;60 ; 5,2&#215;60 <br \/>Lofty Clear ; Lofty Nut ; Lofty Cacao ; Lofty Bold ; Lofty White ; Lofty Brown ; Lofty Chocolate ; Lofty Black ;<\/p>\n","protected":false},"excerpt":{"rendered":"<p>To plo\u0161\u010dico je izdelal proizvajalec Natucer Ceramica, ki prihaja iz \u0160panije. Ta plo\u0161\u010dica je debela 9 mm in je zelo trpe\u017ena. Pri izbiri plo\u0161\u010dice v rjavi barvi ne morete zgre\u0161iti. Dimenzije te plo\u0161\u010dice so 21&#215;60 cm. Na spletu boste za to plo\u0161\u010dico od\u0161teli le 46,75 EUR, medtem ko v redni prodaji cena zna\u0161a 58,44 EUR. [&hellip;]<\/p>\n","protected":false},"featured_media":103979,"template":"","meta":[],"product_cat":[150,100,9991435,120,999,110],"product_tag":[],"_links":{"self":[{"href":"https:\/\/www.keramika.com\/slovenija\/wp-json\/wp\/v2\/product\/103978"}],"collection":[{"href":"https:\/\/www.keramika.com\/slovenija\/wp-json\/wp\/v2\/product"}],"about":[{"href":"https:\/\/www.keramika.com\/slovenija\/wp-json\/wp\/v2\/types\/product"}],"wp:featuredmedia":[{"embeddable":true,"href":"https:\/\/www.keramika.com\/slovenija\/wp-json\/wp\/v2\/media\/103979"}],"wp:attachment":[{"href":"https:\/\/www.keramika.com\/slovenija\/wp-json\/wp\/v2\/media?parent=103978"}],"wp:term":[{"taxonomy":"product_cat","embeddable":true,"href":"https:\/\/www.keramika.com\/slovenija\/wp-json\/wp\/v2\/product_cat?post=103978"},{"taxonomy":"product_tag","embeddable":true,"href":"https:\/\/www.keramika.com\/slovenija\/wp-json\/wp\/v2\/product_tag?post=103978"}],"curies":[{"name":"wp","href":"https:\/\/api.w.org\/{rel}","templated":true}]}}