{"id":103976,"date":"2017-09-21T23:56:51","date_gmt":"2017-09-21T23:56:51","guid":{"rendered":"http:\/\/keramika.holest.com\/slovenija\/product\/natucer-klinker-liebana-cueva\/"},"modified":"2026-01-03T00:01:19","modified_gmt":"2026-01-03T00:01:19","slug":"natucer-klinker-fusion","status":"publish","type":"product","link":"https:\/\/www.keramika.com\/slovenija\/natucer-klinker-fusion\/","title":{"rendered":"Natucer klinker fusion"},"content":{"rendered":"<p>To plo\u0161\u010dico je izdelal proizvajalec Natucer Ceramica, ki prihaja iz \u0160panije. Plo\u0161\u010dica je debela kar 9 mm, kar jo uvr\u0161\u010da med bolj trde plo\u0161\u010dice. Redna cena te plo\u0161\u010dice v maloprodaji zna\u0161a 45,74 EUR, v na\u0161i spletni trgovini pa jo lahko dobite \u017ee za 36,59 EUR. Velikost te plo\u0161\u010dice je 36&#215;36 cm in je primerna za razli\u010dne povr\u0161ine. Pri izbiri plo\u0161\u010dice v rjavi barvi ne morete zgre\u0161iti.<\/p>\n<p>Kliknite na ime kolekcije za ogled vseh plo\u0161\u010dic iz te serije: <a class=\"pdfcatal\" href=\"\/\/www.ceramictiles.com\/pdf\/catalogue_natucer.pdf\" onclick=\"recordOutboundLink(this, 'E-mail', 'Description PDF');return false;\">Natucer Ceramica fusion<\/a><\/p>\n<p>\u010ce \u017eelite naro\u010diti model iz pdf kataloga te kolekcije, nam pi\u0161ite na: <a href=\"mailto:keramoteka.salon@gmail.com\" onclick=\"recordOutboundLink(this, 'E-mail', 'Description mail');return false;\">keramoteka.salon@gmail.com<\/a> ali pa nas pokli\u010dite na: 031 255 900.<\/p>\n<p>Tehni\u010dni opis: <br \/> <br \/>\n4 barve: Sand; Iron; Clay; Mund<br \/>\n5 Velikosti: 36&#215;36 &#8211; 36&#215;60 &#8211; 36&#215;41,5 &#8211; 30&#215;21,5 &#8211; 26,5&#215;20,5<br \/>\n5 Posebni predmeti: Pelda\u00f1o Curvo &#8211; \u00c1ngulo Pelda\u00f1o Curvo &#8211; \u00c1ng. Pelda\u00f1o Curvo 1Pz &#8211; Z\u00f3calo &#8211; Zanqu\u00edn<br \/>\n1 Povr\u0161ina<\/p>\n","protected":false},"excerpt":{"rendered":"<p>\u0160estkotni klinker (porcelanasta ekstrudirana plo\u0161\u010dica &#8211; mat povr\u0161ina) R9 &#8211; razred II<\/p>\n","protected":false},"featured_media":111699,"template":"","meta":[],"product_cat":[99,150,100,9991435,120,999,110],"product_tag":[99921970,99921977,99921978],"_links":{"self":[{"href":"https:\/\/www.keramika.com\/slovenija\/wp-json\/wp\/v2\/product\/103976"}],"collection":[{"href":"https:\/\/www.keramika.com\/slovenija\/wp-json\/wp\/v2\/product"}],"about":[{"href":"https:\/\/www.keramika.com\/slovenija\/wp-json\/wp\/v2\/types\/product"}],"wp:featuredmedia":[{"embeddable":true,"href":"https:\/\/www.keramika.com\/slovenija\/wp-json\/wp\/v2\/media\/111699"}],"wp:attachment":[{"href":"https:\/\/www.keramika.com\/slovenija\/wp-json\/wp\/v2\/media?parent=103976"}],"wp:term":[{"taxonomy":"product_cat","embeddable":true,"href":"https:\/\/www.keramika.com\/slovenija\/wp-json\/wp\/v2\/product_cat?post=103976"},{"taxonomy":"product_tag","embeddable":true,"href":"https:\/\/www.keramika.com\/slovenija\/wp-json\/wp\/v2\/product_tag?post=103976"}],"curies":[{"name":"wp","href":"https:\/\/api.w.org\/{rel}","templated":true}]}}