{"id":103974,"date":"2017-03-22T23:56:47","date_gmt":"2017-03-22T23:56:47","guid":{"rendered":"http:\/\/keramika.holest.com\/slovenija\/product\/natucer-klinker-legno-antiquo-brindisi\/"},"modified":"2026-01-03T00:01:19","modified_gmt":"2026-01-03T00:01:19","slug":"natucer-klinker-legno-antiquo-brindisi","status":"publish","type":"product","link":"https:\/\/www.keramika.com\/slovenija\/natucer-klinker-legno-antiquo-brindisi\/","title":{"rendered":"Natucer klinker Legno Antiquo Brindisi"},"content":{"rendered":"<p>Natucer klinker Legno Antiquo Brindisi je pripeljana iz \u0160panije in je zelo kvalitetna. Ta plo\u0161\u010dica je na voljo v \u010dudoviti sivi barvi, \u010de \u017eelite kak\u0161no drugo barvo pa nas kontaktirajte in preverili bomo pri proizvajalcu. Debelina plo\u0161\u010dice je zelo pomembna in 9 mm uvr\u0161\u010da to plo\u0161\u010dico med najkvalitetnej\u0161e. Namesto 51,74 EUR kot bi za to plo\u0161\u010dico od\u0161teli v klasi\u010dni trgovini, boste v na\u0161i spletni prodajalni od\u0161teli le 41,4 EUR. \u0160irina in dol\u017eina te plo\u0161\u010dice sta 21&#215;60 cm.<\/p>\n<p>Kliknite na ime kolekcije za ogled vseh plo\u0161\u010dic iz te serije: <a class=\"pdfcatal\" href=\"\/\/www.ceramictiles.com\/pdf\/natucer\/catalogue_natucer_legno_antiqo.pdf\" onclick=\"recordOutboundLink(this, 'E-mail', 'Description PDF');return false;\">Natucer Ceramica Legno Antiqo<\/a><\/p>\n<p>\u010ce \u017eelite naro\u010diti model iz pdf kataloga te kolekcije, nam pi\u0161ite na: <a href=\"mailto:keramoteka.salon@gmail.com\" onclick=\"recordOutboundLink(this, 'E-mail', 'Description mail');return false;\">keramoteka.salon@gmail.com<\/a> ali pa nas pokli\u010dite na: 031 255 900.<\/p>\n<p>Technical description: <br \/> F 21&#215;60 ; 10,5&#215;60 <br \/>Legno Antiquo Brindisi ; Legno Antiquo Viterbo ; Legno Antiquo Tivoli ; Legno Antiquo Ancona ;<\/p>\n","protected":false},"excerpt":{"rendered":"<p>Natucer klinker Legno Antiquo Brindisi je pripeljana iz \u0160panije in je zelo kvalitetna. Ta plo\u0161\u010dica je na voljo v \u010dudoviti sivi barvi, \u010de \u017eelite kak\u0161no drugo barvo pa nas kontaktirajte in preverili bomo pri proizvajalcu. Debelina plo\u0161\u010dice je zelo pomembna in 9 mm uvr\u0161\u010da to plo\u0161\u010dico med najkvalitetnej\u0161e. Namesto 51,74 EUR kot bi za to [&hellip;]<\/p>\n","protected":false},"featured_media":103975,"template":"","meta":[],"product_cat":[150,100,9991435,120,999,110],"product_tag":[],"_links":{"self":[{"href":"https:\/\/www.keramika.com\/slovenija\/wp-json\/wp\/v2\/product\/103974"}],"collection":[{"href":"https:\/\/www.keramika.com\/slovenija\/wp-json\/wp\/v2\/product"}],"about":[{"href":"https:\/\/www.keramika.com\/slovenija\/wp-json\/wp\/v2\/types\/product"}],"wp:featuredmedia":[{"embeddable":true,"href":"https:\/\/www.keramika.com\/slovenija\/wp-json\/wp\/v2\/media\/103975"}],"wp:attachment":[{"href":"https:\/\/www.keramika.com\/slovenija\/wp-json\/wp\/v2\/media?parent=103974"}],"wp:term":[{"taxonomy":"product_cat","embeddable":true,"href":"https:\/\/www.keramika.com\/slovenija\/wp-json\/wp\/v2\/product_cat?post=103974"},{"taxonomy":"product_tag","embeddable":true,"href":"https:\/\/www.keramika.com\/slovenija\/wp-json\/wp\/v2\/product_tag?post=103974"}],"curies":[{"name":"wp","href":"https:\/\/api.w.org\/{rel}","templated":true}]}}