{"id":103972,"date":"2017-03-22T23:56:44","date_gmt":"2017-03-22T23:56:44","guid":{"rendered":"http:\/\/keramika.holest.com\/slovenija\/product\/natucer-klinker-laguna-grande-tietar\/"},"modified":"2026-01-03T00:01:18","modified_gmt":"2026-01-03T00:01:18","slug":"natucer-klinker-laguna-grande-tietar","status":"publish","type":"product","link":"https:\/\/www.keramika.com\/slovenija\/natucer-klinker-laguna-grande-tietar\/","title":{"rendered":"Natucer klinker Laguna Grande Tietar"},"content":{"rendered":"<p>Natucer klinker Laguna Grande Tietar je plo\u0161\u010dica proizvajalca Natucer Ceramica in prihaja iz \u0160panije. Letos so plo\u0161\u010dice v rjavi barvi zelo za\u017eeljene. 58,44 EUR v klasi\u010dni trgovini, pri nas pa le 46,75 EUR. Debelina plo\u0161\u010dice je zelo pomembna in 9 mm uvr\u0161\u010da to plo\u0161\u010dico med najkvalitetnej\u0161e. Velikost te plo\u0161\u010dice je 36&#215;54 cm.<\/p>\n<p>Kliknite na ime kolekcije za ogled vseh plo\u0161\u010dic iz te serije: <a class=\"pdfcatal\" href=\"\/\/www.ceramictiles.com\/pdf\/natucer\/catalogue_natucer_laguna_grande.pdf\" onclick=\"recordOutboundLink(this, 'E-mail', 'Description PDF');return false;\">Natucer Ceramica Laguna Grande<\/a><\/p>\n<p>\u010ce \u017eelite naro\u010diti model iz pdf kataloga te kolekcije, nam pi\u0161ite na: <a href=\"mailto:keramoteka.salon@gmail.com\" onclick=\"recordOutboundLink(this, 'E-mail', 'Description mail');return false;\">keramoteka.salon@gmail.com<\/a> ali pa nas pokli\u010dite na: 031 255 900.<\/p>\n<p>Technical description: <br \/> F 36&#215;54 <br \/>Laguna Grande Mira ; Laguna Grande Tietar ; Laguna Grande Pozas ;<\/p>\n","protected":false},"excerpt":{"rendered":"<p>Natucer klinker Laguna Grande Tietar je plo\u0161\u010dica proizvajalca Natucer Ceramica in prihaja iz \u0160panije. Letos so plo\u0161\u010dice v rjavi barvi zelo za\u017eeljene. 58,44 EUR v klasi\u010dni trgovini, pri nas pa le 46,75 EUR. Debelina plo\u0161\u010dice je zelo pomembna in 9 mm uvr\u0161\u010da to plo\u0161\u010dico med najkvalitetnej\u0161e. Velikost te plo\u0161\u010dice je 36&#215;54 cm. Kliknite na ime [&hellip;]<\/p>\n","protected":false},"featured_media":103973,"template":"","meta":[],"product_cat":[150,100,9991435,120,999,110],"product_tag":[],"_links":{"self":[{"href":"https:\/\/www.keramika.com\/slovenija\/wp-json\/wp\/v2\/product\/103972"}],"collection":[{"href":"https:\/\/www.keramika.com\/slovenija\/wp-json\/wp\/v2\/product"}],"about":[{"href":"https:\/\/www.keramika.com\/slovenija\/wp-json\/wp\/v2\/types\/product"}],"wp:featuredmedia":[{"embeddable":true,"href":"https:\/\/www.keramika.com\/slovenija\/wp-json\/wp\/v2\/media\/103973"}],"wp:attachment":[{"href":"https:\/\/www.keramika.com\/slovenija\/wp-json\/wp\/v2\/media?parent=103972"}],"wp:term":[{"taxonomy":"product_cat","embeddable":true,"href":"https:\/\/www.keramika.com\/slovenija\/wp-json\/wp\/v2\/product_cat?post=103972"},{"taxonomy":"product_tag","embeddable":true,"href":"https:\/\/www.keramika.com\/slovenija\/wp-json\/wp\/v2\/product_tag?post=103972"}],"curies":[{"name":"wp","href":"https:\/\/api.w.org\/{rel}","templated":true}]}}