{"id":103968,"date":"2017-03-22T23:56:37","date_gmt":"2017-03-22T23:56:37","guid":{"rendered":"http:\/\/keramika.holest.com\/slovenija\/product\/natucer-klinker-grand-canyon-nevada\/"},"modified":"2026-01-03T00:01:18","modified_gmt":"2026-01-03T00:01:18","slug":"natucer-klinker-grand-canyon-nevada","status":"publish","type":"product","link":"https:\/\/www.keramika.com\/slovenija\/natucer-klinker-grand-canyon-nevada\/","title":{"rendered":"Natucer klinker Grand Canyon Nevada"},"content":{"rendered":"<p>Natucer klinker Grand Canyon Nevada prihaja iz \u0160panije, ki je znana po zelo kvalitetni keramiki v svetovnem merilu. \u0160irina in dol\u017eina te plo\u0161\u010dice sta 30&#215;30 cm. Redna cena te plo\u0161\u010dice v maloprodaji zna\u0161a 40,26 EUR, v na\u0161i spletni trgovini pa jo lahko dobite \u017ee za 32,21 EUR. Ta plo\u0161\u010dica je na voljo v \u010dudoviti sivi barvi, \u010de \u017eelite kak\u0161no drugo barvo pa nas kontaktirajte in preverili bomo pri proizvajalcu. Debelina kar 9 mm dela to plo\u0161\u010dico zelo trpe\u017eno in presti\u017eno na otip.<\/p>\n<p>Kliknite na ime kolekcije za ogled vseh plo\u0161\u010dic iz te serije: <a class=\"pdfcatal\" href=\"\/\/www.ceramictiles.com\/pdf\/natucer\/catalogue_natucer_grand_canyon.pdf\" onclick=\"recordOutboundLink(this, 'E-mail', 'Description PDF');return false;\">Natucer Ceramica Grand Canyon<\/a><\/p>\n<p>\u010ce \u017eelite naro\u010diti model iz pdf kataloga te kolekcije, nam pi\u0161ite na: <a href=\"mailto:keramoteka.salon@gmail.com\" onclick=\"recordOutboundLink(this, 'E-mail', 'Description mail');return false;\">keramoteka.salon@gmail.com<\/a> ali pa nas pokli\u010dite na: 031 255 900.<\/p>\n<p>Technical description: <br \/> F 30&#215;30 ; 30&#215;45 ; 22,5&#215;45 ; 22,5&#215;22,5 <br \/>Grand Canyon Nevada ; Grand Canyon Arizona ; Grand Canyon Utah ;<\/p>\n","protected":false},"excerpt":{"rendered":"<p>Natucer klinker Grand Canyon Nevada prihaja iz \u0160panije, ki je znana po zelo kvalitetni keramiki v svetovnem merilu. \u0160irina in dol\u017eina te plo\u0161\u010dice sta 30&#215;30 cm. Redna cena te plo\u0161\u010dice v maloprodaji zna\u0161a 40,26 EUR, v na\u0161i spletni trgovini pa jo lahko dobite \u017ee za 32,21 EUR. Ta plo\u0161\u010dica je na voljo v \u010dudoviti sivi [&hellip;]<\/p>\n","protected":false},"featured_media":103969,"template":"","meta":[],"product_cat":[150,100,9991435,120,999,110],"product_tag":[],"_links":{"self":[{"href":"https:\/\/www.keramika.com\/slovenija\/wp-json\/wp\/v2\/product\/103968"}],"collection":[{"href":"https:\/\/www.keramika.com\/slovenija\/wp-json\/wp\/v2\/product"}],"about":[{"href":"https:\/\/www.keramika.com\/slovenija\/wp-json\/wp\/v2\/types\/product"}],"wp:featuredmedia":[{"embeddable":true,"href":"https:\/\/www.keramika.com\/slovenija\/wp-json\/wp\/v2\/media\/103969"}],"wp:attachment":[{"href":"https:\/\/www.keramika.com\/slovenija\/wp-json\/wp\/v2\/media?parent=103968"}],"wp:term":[{"taxonomy":"product_cat","embeddable":true,"href":"https:\/\/www.keramika.com\/slovenija\/wp-json\/wp\/v2\/product_cat?post=103968"},{"taxonomy":"product_tag","embeddable":true,"href":"https:\/\/www.keramika.com\/slovenija\/wp-json\/wp\/v2\/product_tag?post=103968"}],"curies":[{"name":"wp","href":"https:\/\/api.w.org\/{rel}","templated":true}]}}