{"id":103966,"date":"2017-03-22T23:56:32","date_gmt":"2017-03-22T23:56:32","guid":{"rendered":"http:\/\/keramika.holest.com\/slovenija\/product\/natucer-klinker-gardencity-liverpool-porc\/"},"modified":"2026-01-03T00:01:18","modified_gmt":"2026-01-03T00:01:18","slug":"natucer-klinker-gardencity-liverpool-porc","status":"publish","type":"product","link":"https:\/\/www.keramika.com\/slovenija\/natucer-klinker-gardencity-liverpool-porc\/","title":{"rendered":"Natucer klinker Gardencity Liverpool Porc."},"content":{"rendered":"<p>To plo\u0161\u010dico je izdelal proizvajalec Natucer Ceramica, ki prihaja iz \u0160panije. Ta kerami\u010dna plo\u0161\u010dica v \u010dudoviti be\u017e barvi bo obogatila vsak prostor. Plo\u0161\u010dica je debela kar 9 mm, kar jo uvr\u0161\u010da med bolj trde plo\u0161\u010dice. Dimenzije te plo\u0161\u010dice so 30&#215;30 cm. Na spletu boste za to plo\u0161\u010dico od\u0161teli le 32,21 EUR, medtem ko v redni prodaji cena zna\u0161a 40,26 EUR.<\/p>\n<p>Kliknite na ime kolekcije za ogled vseh plo\u0161\u010dic iz te serije: <a class=\"pdfcatal\" href=\"\/\/www.ceramictiles.com\/pdf\/natucer\/catalogue_natucer_gardencity.pdf\" onclick=\"recordOutboundLink(this, 'E-mail', 'Description PDF');return false;\">Natucer Ceramica Gardencity<\/a><\/p>\n<p>\u010ce \u017eelite naro\u010diti model iz pdf kataloga te kolekcije, nam pi\u0161ite na: <a href=\"mailto:keramoteka.salon@gmail.com\" onclick=\"recordOutboundLink(this, 'E-mail', 'Description mail');return false;\">keramoteka.salon@gmail.com<\/a> ali pa nas pokli\u010dite na: 031 255 900.<\/p>\n<p>Technical description: <br \/> F 30&#215;30 ; 15&#215;30 ; 15&#215;15 <br \/>Gardencity Oxford Porc. ; Gardencity Cambridge Porc. ; Gardencity Liverpool Porc. ;<\/p>\n","protected":false},"excerpt":{"rendered":"<p>To plo\u0161\u010dico je izdelal proizvajalec Natucer Ceramica, ki prihaja iz \u0160panije. Ta kerami\u010dna plo\u0161\u010dica v \u010dudoviti be\u017e barvi bo obogatila vsak prostor. Plo\u0161\u010dica je debela kar 9 mm, kar jo uvr\u0161\u010da med bolj trde plo\u0161\u010dice. Dimenzije te plo\u0161\u010dice so 30&#215;30 cm. Na spletu boste za to plo\u0161\u010dico od\u0161teli le 32,21 EUR, medtem ko v redni [&hellip;]<\/p>\n","protected":false},"featured_media":103967,"template":"","meta":[],"product_cat":[150,100,9991435,120,999,110],"product_tag":[],"_links":{"self":[{"href":"https:\/\/www.keramika.com\/slovenija\/wp-json\/wp\/v2\/product\/103966"}],"collection":[{"href":"https:\/\/www.keramika.com\/slovenija\/wp-json\/wp\/v2\/product"}],"about":[{"href":"https:\/\/www.keramika.com\/slovenija\/wp-json\/wp\/v2\/types\/product"}],"wp:featuredmedia":[{"embeddable":true,"href":"https:\/\/www.keramika.com\/slovenija\/wp-json\/wp\/v2\/media\/103967"}],"wp:attachment":[{"href":"https:\/\/www.keramika.com\/slovenija\/wp-json\/wp\/v2\/media?parent=103966"}],"wp:term":[{"taxonomy":"product_cat","embeddable":true,"href":"https:\/\/www.keramika.com\/slovenija\/wp-json\/wp\/v2\/product_cat?post=103966"},{"taxonomy":"product_tag","embeddable":true,"href":"https:\/\/www.keramika.com\/slovenija\/wp-json\/wp\/v2\/product_tag?post=103966"}],"curies":[{"name":"wp","href":"https:\/\/api.w.org\/{rel}","templated":true}]}}