{"id":103964,"date":"2017-03-22T23:56:29","date_gmt":"2017-03-22T23:56:29","guid":{"rendered":"http:\/\/keramika.holest.com\/slovenija\/product\/natucer-klinker-centro-formats-vermell\/"},"modified":"2026-01-03T00:01:18","modified_gmt":"2026-01-03T00:01:18","slug":"natucer-klinker-centro-formats-vermell","status":"publish","type":"product","link":"https:\/\/www.keramika.com\/slovenija\/natucer-klinker-centro-formats-vermell\/","title":{"rendered":"Natucer klinker Centro Formats Vermell"},"content":{"rendered":"<p>Letos so plo\u0161\u010dice v rde\u010di barvi zelo za\u017eeljene. Natucer klinker Centro Formats Vermell je pripeljana iz \u0160panije in je zelo kvalitetna. \u0160irina in dol\u017eina te plo\u0161\u010dice sta 15&#215;25 cm. Na spletu boste za to plo\u0161\u010dico od\u0161teli le 19,01 EUR, medtem ko v redni prodaji cena zna\u0161a 23,76 EUR. Plo\u0161\u010dica je debela kar 9 mm, kar jo uvr\u0161\u010da med bolj trde plo\u0161\u010dice.<\/p>\n<p>Kliknite na ime kolekcije za ogled vseh plo\u0161\u010dic iz te serije: <a class=\"pdfcatal\" href=\"\/\/www.ceramictiles.com\/pdf\/natucer\/catalogue_natucer_formats.pdf\" onclick=\"recordOutboundLink(this, 'E-mail', 'Description PDF');return false;\">Natucer Ceramica Formats<\/a><\/p>\n<p>\u010ce \u017eelite naro\u010diti model iz pdf kataloga te kolekcije, nam pi\u0161ite na: <a href=\"mailto:keramoteka.salon@gmail.com\" onclick=\"recordOutboundLink(this, 'E-mail', 'Description mail');return false;\">keramoteka.salon@gmail.com<\/a> ali pa nas pokli\u010dite na: 031 255 900.<\/p>\n<p>Technical description: <br \/> W 15&#215;50 ; 5&#215;50 ; 5&#215;25 ; 15&#215;25 <br \/>Formats Dia ; Formats Nit ; Formats Nuvol ; Formats Arena ; Formats Llac ; Formats Cafe ; Centro Regles Titani ; Centro Regles Argent ; Centro Regles Tabac ; Centro Regles Turquesa ; Centro Regles Menta ; Centro Regles Caqui ; Centro Regles Vermell ;<\/p>\n","protected":false},"excerpt":{"rendered":"<p>Letos so plo\u0161\u010dice v rde\u010di barvi zelo za\u017eeljene. Natucer klinker Centro Formats Vermell je pripeljana iz \u0160panije in je zelo kvalitetna. \u0160irina in dol\u017eina te plo\u0161\u010dice sta 15&#215;25 cm. Na spletu boste za to plo\u0161\u010dico od\u0161teli le 19,01 EUR, medtem ko v redni prodaji cena zna\u0161a 23,76 EUR. Plo\u0161\u010dica je debela kar 9 mm, kar [&hellip;]<\/p>\n","protected":false},"featured_media":103965,"template":"","meta":[],"product_cat":[100,9991435,120,999],"product_tag":[],"_links":{"self":[{"href":"https:\/\/www.keramika.com\/slovenija\/wp-json\/wp\/v2\/product\/103964"}],"collection":[{"href":"https:\/\/www.keramika.com\/slovenija\/wp-json\/wp\/v2\/product"}],"about":[{"href":"https:\/\/www.keramika.com\/slovenija\/wp-json\/wp\/v2\/types\/product"}],"wp:featuredmedia":[{"embeddable":true,"href":"https:\/\/www.keramika.com\/slovenija\/wp-json\/wp\/v2\/media\/103965"}],"wp:attachment":[{"href":"https:\/\/www.keramika.com\/slovenija\/wp-json\/wp\/v2\/media?parent=103964"}],"wp:term":[{"taxonomy":"product_cat","embeddable":true,"href":"https:\/\/www.keramika.com\/slovenija\/wp-json\/wp\/v2\/product_cat?post=103964"},{"taxonomy":"product_tag","embeddable":true,"href":"https:\/\/www.keramika.com\/slovenija\/wp-json\/wp\/v2\/product_tag?post=103964"}],"curies":[{"name":"wp","href":"https:\/\/api.w.org\/{rel}","templated":true}]}}