{"id":103962,"date":"2017-03-22T23:56:25","date_gmt":"2017-03-22T23:56:25","guid":{"rendered":"http:\/\/keramika.holest.com\/slovenija\/product\/natucer-klinker-filter-floor-quartz-fume\/"},"modified":"2026-01-03T00:01:17","modified_gmt":"2026-01-03T00:01:17","slug":"natucer-klinker-filter-floor-quartz-fume","status":"publish","type":"product","link":"https:\/\/www.keramika.com\/slovenija\/natucer-klinker-filter-floor-quartz-fume\/","title":{"rendered":"Natucer klinker Filter Floor Quartz Fume"},"content":{"rendered":"<p>Dimenzije te plo\u0161\u010dice so 36&#215;36 cm. Debelina kar 30 mm dela to plo\u0161\u010dico zelo trpe\u017eno in presti\u017eno na otip. Natucer klinker Filter Floor Quartz Fume je na voljo po zelo ugodni ceni 86,86 EUR. Ta model plo\u0161\u010dice se najbolje prodaja v sivi barvi. Ta plo\u0161\u010dica prihaja iz \u0160panije, ki je znana po kvalitetni keramiki.<\/p>\n<p>Kliknite na ime kolekcije za ogled vseh plo\u0161\u010dic iz te serije: <a class=\"pdfcatal\" href=\"\/\/www.ceramictiles.com\/pdf\/natucer\/catalogue_natucer_filter_floor.pdf\" onclick=\"recordOutboundLink(this, 'E-mail', 'Description PDF');return false;\">Natucer Ceramica Filter Floor<\/a><\/p>\n<p>\u010ce \u017eelite naro\u010diti model iz pdf kataloga te kolekcije, nam pi\u0161ite na: <a href=\"mailto:keramoteka.salon@gmail.com\" onclick=\"recordOutboundLink(this, 'E-mail', 'Description mail');return false;\">keramoteka.salon@gmail.com<\/a> ali pa nas pokli\u010dite na: 031 255 900.<\/p>\n<p>Technical description: <br \/> F 36&#215;36 ; 36&#215;54 <br \/>Filter Floor Quartz Klinker Latteo ; Filter Floor Quartz Klinker Rutilo ; Filter Floor Quartz Klinker Fume ; Filter Floor Tropical Forest Mukaly Plank ; Filter Floor Tropical Forest Oak Plank ; Filter Floor Tropical Forest Jatoba Plank ; Filter Floor Li\u00e9bana Brez ; Filter Floor Li\u00e9bana Bodia ; Filter Floor Li\u00e9bana Cueva ; Filter Floor Rocas De Galicia Pontevedra ; Filter Floor Rocas De Galicia Santiago ; Filter Floor Rocas De Galicia La Coru\u00f1a ;<\/p>\n","protected":false},"excerpt":{"rendered":"<p>Dimenzije te plo\u0161\u010dice so 36&#215;36 cm. Debelina kar 30 mm dela to plo\u0161\u010dico zelo trpe\u017eno in presti\u017eno na otip. Natucer klinker Filter Floor Quartz Fume je na voljo po zelo ugodni ceni 86,86 EUR. Ta model plo\u0161\u010dice se najbolje prodaja v sivi barvi. Ta plo\u0161\u010dica prihaja iz \u0160panije, ki je znana po kvalitetni keramiki. Kliknite [&hellip;]<\/p>\n","protected":false},"featured_media":103963,"template":"","meta":[],"product_cat":[150,100,9991435,120,999,110],"product_tag":[],"_links":{"self":[{"href":"https:\/\/www.keramika.com\/slovenija\/wp-json\/wp\/v2\/product\/103962"}],"collection":[{"href":"https:\/\/www.keramika.com\/slovenija\/wp-json\/wp\/v2\/product"}],"about":[{"href":"https:\/\/www.keramika.com\/slovenija\/wp-json\/wp\/v2\/types\/product"}],"wp:featuredmedia":[{"embeddable":true,"href":"https:\/\/www.keramika.com\/slovenija\/wp-json\/wp\/v2\/media\/103963"}],"wp:attachment":[{"href":"https:\/\/www.keramika.com\/slovenija\/wp-json\/wp\/v2\/media?parent=103962"}],"wp:term":[{"taxonomy":"product_cat","embeddable":true,"href":"https:\/\/www.keramika.com\/slovenija\/wp-json\/wp\/v2\/product_cat?post=103962"},{"taxonomy":"product_tag","embeddable":true,"href":"https:\/\/www.keramika.com\/slovenija\/wp-json\/wp\/v2\/product_tag?post=103962"}],"curies":[{"name":"wp","href":"https:\/\/api.w.org\/{rel}","templated":true}]}}