{"id":103958,"date":"2017-03-22T23:56:19","date_gmt":"2017-03-22T23:56:19","guid":{"rendered":"http:\/\/keramika.holest.com\/slovenija\/product\/natucer-klinker-duna-buit-malvera\/"},"modified":"2026-01-03T00:01:17","modified_gmt":"2026-01-03T00:01:17","slug":"natucer-klinker-duna-buit-malvera","status":"publish","type":"product","link":"https:\/\/www.keramika.com\/slovenija\/natucer-klinker-duna-buit-malvera\/","title":{"rendered":"Natucer klinker Duna Buit Malvera"},"content":{"rendered":"<p>98,51 EUR v klasi\u010dni trgovini, pri nas pa le 78,8 EUR. Debelina plo\u0161\u010dice je zelo pomembna in 9 mm uvr\u0161\u010da to plo\u0161\u010dico med najkvalitetnej\u0161e. Ta plo\u0161\u010dica prihaja iz \u0160panije, ki je znana po kvalitetni keramiki. Dimenzije te plo\u0161\u010dice so 15&#215;15 cm. Zelo moderna plo\u0161\u010dica v roza barvi popestri prav vsak prostor.<\/p>\n<p>Kliknite na ime kolekcije za ogled vseh plo\u0161\u010dic iz te serije: <a class=\"pdfcatal\" href=\"\/\/www.ceramictiles.com\/pdf\/natucer\/catalogue_natucer_duna.pdf\" onclick=\"recordOutboundLink(this, 'E-mail', 'Description PDF');return false;\">Natucer Ceramica Duna<\/a><\/p>\n<p>\u010ce \u017eelite naro\u010diti model iz pdf kataloga te kolekcije, nam pi\u0161ite na: <a href=\"mailto:keramoteka.salon@gmail.com\" onclick=\"recordOutboundLink(this, 'E-mail', 'Description mail');return false;\">keramoteka.salon@gmail.com<\/a> ali pa nas pokli\u010dite na: 031 255 900.<\/p>\n<p>Technical description: <br \/> W 15&#215;15 ; 20&#215;20 <br \/>Duna Os ; Duna Marfil ; Duna Carbo ; Duna Rovell ; Duna Cendra ; Duna Malvera ; Duna Nacar ; Duna Or ; Duna Trencat ; Duna Platejat ; Duna Morat ;<\/p>\n","protected":false},"excerpt":{"rendered":"<p>98,51 EUR v klasi\u010dni trgovini, pri nas pa le 78,8 EUR. Debelina plo\u0161\u010dice je zelo pomembna in 9 mm uvr\u0161\u010da to plo\u0161\u010dico med najkvalitetnej\u0161e. Ta plo\u0161\u010dica prihaja iz \u0160panije, ki je znana po kvalitetni keramiki. Dimenzije te plo\u0161\u010dice so 15&#215;15 cm. Zelo moderna plo\u0161\u010dica v roza barvi popestri prav vsak prostor. Kliknite na ime kolekcije [&hellip;]<\/p>\n","protected":false},"featured_media":103959,"template":"","meta":[],"product_cat":[100,9991435,120,999],"product_tag":[],"_links":{"self":[{"href":"https:\/\/www.keramika.com\/slovenija\/wp-json\/wp\/v2\/product\/103958"}],"collection":[{"href":"https:\/\/www.keramika.com\/slovenija\/wp-json\/wp\/v2\/product"}],"about":[{"href":"https:\/\/www.keramika.com\/slovenija\/wp-json\/wp\/v2\/types\/product"}],"wp:featuredmedia":[{"embeddable":true,"href":"https:\/\/www.keramika.com\/slovenija\/wp-json\/wp\/v2\/media\/103959"}],"wp:attachment":[{"href":"https:\/\/www.keramika.com\/slovenija\/wp-json\/wp\/v2\/media?parent=103958"}],"wp:term":[{"taxonomy":"product_cat","embeddable":true,"href":"https:\/\/www.keramika.com\/slovenija\/wp-json\/wp\/v2\/product_cat?post=103958"},{"taxonomy":"product_tag","embeddable":true,"href":"https:\/\/www.keramika.com\/slovenija\/wp-json\/wp\/v2\/product_tag?post=103958"}],"curies":[{"name":"wp","href":"https:\/\/api.w.org\/{rel}","templated":true}]}}