{"id":103956,"date":"2017-03-22T23:56:15","date_gmt":"2017-03-22T23:56:15","guid":{"rendered":"http:\/\/keramika.holest.com\/slovenija\/product\/natucer-klinker-cuarcita-gris\/"},"modified":"2026-01-03T00:01:17","modified_gmt":"2026-01-03T00:01:17","slug":"natucer-klinker-cuarcita-gris","status":"publish","type":"product","link":"https:\/\/www.keramika.com\/slovenija\/natucer-klinker-cuarcita-gris\/","title":{"rendered":"Natucer klinker Cuarcita Gris"},"content":{"rendered":"<p>V redni prodaji bi morali za to plo\u0161\u010dico od\u0161teti 34,22 EUR, spletna cena pa zna\u0161a le 27,38 EUR. 7 mm debeline je dovolj tudi za zahtevnej\u0161e kupce. Natucer klinker Cuarcita Gris je plo\u0161\u010dica proizvajalca Natucer Ceramica in prihaja iz \u0160panije. Dimenzije te plo\u0161\u010dice so 30&#215;30 cm. Ta kerami\u010dna plo\u0161\u010dica v \u010dudoviti sivi barvi bo obogatila vsak prostor.<\/p>\n<p>Kliknite na ime kolekcije za ogled vseh plo\u0161\u010dic iz te serije: <a class=\"pdfcatal\" href=\"\/\/www.ceramictiles.com\/pdf\/natucer\/catalogue_natucer_cuarcita.pdf\" onclick=\"recordOutboundLink(this, 'E-mail', 'Description PDF');return false;\">Natucer Ceramica Cuarcita<\/a><\/p>\n<p>\u010ce \u017eelite naro\u010diti model iz pdf kataloga te kolekcije, nam pi\u0161ite na: <a href=\"mailto:keramoteka.salon@gmail.com\" onclick=\"recordOutboundLink(this, 'E-mail', 'Description mail');return false;\">keramoteka.salon@gmail.com<\/a> ali pa nas pokli\u010dite na: 031 255 900.<\/p>\n<p>Technical description: <br \/> F 30&#215;30 <br \/>Cuarcita Gris ; Cuarcita Beige ; Cuarcita Marr\u00f3n ; Cuarcita Antracita ;<\/p>\n","protected":false},"excerpt":{"rendered":"<p>V redni prodaji bi morali za to plo\u0161\u010dico od\u0161teti 34,22 EUR, spletna cena pa zna\u0161a le 27,38 EUR. 7 mm debeline je dovolj tudi za zahtevnej\u0161e kupce. Natucer klinker Cuarcita Gris je plo\u0161\u010dica proizvajalca Natucer Ceramica in prihaja iz \u0160panije. Dimenzije te plo\u0161\u010dice so 30&#215;30 cm. Ta kerami\u010dna plo\u0161\u010dica v \u010dudoviti sivi barvi bo obogatila [&hellip;]<\/p>\n","protected":false},"featured_media":103957,"template":"","meta":[],"product_cat":[150,100,9991435,120,999,110],"product_tag":[],"_links":{"self":[{"href":"https:\/\/www.keramika.com\/slovenija\/wp-json\/wp\/v2\/product\/103956"}],"collection":[{"href":"https:\/\/www.keramika.com\/slovenija\/wp-json\/wp\/v2\/product"}],"about":[{"href":"https:\/\/www.keramika.com\/slovenija\/wp-json\/wp\/v2\/types\/product"}],"wp:featuredmedia":[{"embeddable":true,"href":"https:\/\/www.keramika.com\/slovenija\/wp-json\/wp\/v2\/media\/103957"}],"wp:attachment":[{"href":"https:\/\/www.keramika.com\/slovenija\/wp-json\/wp\/v2\/media?parent=103956"}],"wp:term":[{"taxonomy":"product_cat","embeddable":true,"href":"https:\/\/www.keramika.com\/slovenija\/wp-json\/wp\/v2\/product_cat?post=103956"},{"taxonomy":"product_tag","embeddable":true,"href":"https:\/\/www.keramika.com\/slovenija\/wp-json\/wp\/v2\/product_tag?post=103956"}],"curies":[{"name":"wp","href":"https:\/\/api.w.org\/{rel}","templated":true}]}}