{"id":103952,"date":"2017-03-22T23:56:08","date_gmt":"2017-03-22T23:56:08","guid":{"rendered":"http:\/\/keramika.holest.com\/slovenija\/product\/natucer-klinker-cotto-nature-sicilia\/"},"modified":"2026-01-03T00:01:17","modified_gmt":"2026-01-03T00:01:17","slug":"natucer-klinker-cotto-nature-sicilia","status":"publish","type":"product","link":"https:\/\/www.keramika.com\/slovenija\/natucer-klinker-cotto-nature-sicilia\/","title":{"rendered":"Natucer klinker Cotto Nature Sicilia"},"content":{"rendered":"<p>Natucer klinker Cotto Nature Sicilia je pripeljana iz \u0160panije in je zelo kvalitetna. Na spletu boste za to plo\u0161\u010dico od\u0161teli le 36,59 EUR, medtem ko v redni prodaji cena zna\u0161a 45,74 EUR. Plo\u0161\u010dica na sliki je velika 36&#215;36 cm. Letos so plo\u0161\u010dice v rjavi barvi zelo za\u017eeljene. Plo\u0161\u010dica je debela kar 9 mm, kar jo uvr\u0161\u010da med bolj trde plo\u0161\u010dice.<\/p>\n<p>Kliknite na ime kolekcije za ogled vseh plo\u0161\u010dic iz te serije: <a class=\"pdfcatal\" href=\"\/\/www.ceramictiles.com\/pdf\/natucer\/catalogue_natucer_cotto_nature.pdf\" onclick=\"recordOutboundLink(this, 'E-mail', 'Description PDF');return false;\">Natucer Ceramica Cotto Nature<\/a><\/p>\n<p>\u010ce \u017eelite naro\u010diti model iz pdf kataloga te kolekcije, nam pi\u0161ite na: <a href=\"mailto:keramoteka.salon@gmail.com\" onclick=\"recordOutboundLink(this, 'E-mail', 'Description mail');return false;\">keramoteka.salon@gmail.com<\/a> ali pa nas pokli\u010dite na: 031 255 900.<\/p>\n<p>Technical description: <br \/> F 36&#215;36 ; 18&#215;36 ; 18&#215;18 ; 25&#215;25 <br \/>Cotto Nature Cerde\u00f1a Olio ; Cotto Nature Siena Olio ; Cotto Nature Sicilia Olio ; Cotto Nature Cerde\u00f1a ; Cotto Nature Siena ; Cotto Nature Sicilia ; Cotto Nature Cerde\u00f1a Antislip ; Cotto Nature Siena Antislip ; Cotto Nature Sicilia Antislip ;<\/p>\n","protected":false},"excerpt":{"rendered":"<p>Natucer klinker Cotto Nature Sicilia je pripeljana iz \u0160panije in je zelo kvalitetna. Na spletu boste za to plo\u0161\u010dico od\u0161teli le 36,59 EUR, medtem ko v redni prodaji cena zna\u0161a 45,74 EUR. Plo\u0161\u010dica na sliki je velika 36&#215;36 cm. Letos so plo\u0161\u010dice v rjavi barvi zelo za\u017eeljene. Plo\u0161\u010dica je debela kar 9 mm, kar jo [&hellip;]<\/p>\n","protected":false},"featured_media":103953,"template":"","meta":[],"product_cat":[150,100,9991435,120,999,110],"product_tag":[],"_links":{"self":[{"href":"https:\/\/www.keramika.com\/slovenija\/wp-json\/wp\/v2\/product\/103952"}],"collection":[{"href":"https:\/\/www.keramika.com\/slovenija\/wp-json\/wp\/v2\/product"}],"about":[{"href":"https:\/\/www.keramika.com\/slovenija\/wp-json\/wp\/v2\/types\/product"}],"wp:featuredmedia":[{"embeddable":true,"href":"https:\/\/www.keramika.com\/slovenija\/wp-json\/wp\/v2\/media\/103953"}],"wp:attachment":[{"href":"https:\/\/www.keramika.com\/slovenija\/wp-json\/wp\/v2\/media?parent=103952"}],"wp:term":[{"taxonomy":"product_cat","embeddable":true,"href":"https:\/\/www.keramika.com\/slovenija\/wp-json\/wp\/v2\/product_cat?post=103952"},{"taxonomy":"product_tag","embeddable":true,"href":"https:\/\/www.keramika.com\/slovenija\/wp-json\/wp\/v2\/product_tag?post=103952"}],"curies":[{"name":"wp","href":"https:\/\/api.w.org\/{rel}","templated":true}]}}