{"id":103950,"date":"2017-03-22T23:56:05","date_gmt":"2017-03-22T23:56:05","guid":{"rendered":"http:\/\/keramika.holest.com\/slovenija\/product\/natucer-klinker-cotswold-teal\/"},"modified":"2026-01-03T00:01:17","modified_gmt":"2026-01-03T00:01:17","slug":"natucer-klinker-cotswold-teal","status":"publish","type":"product","link":"https:\/\/www.keramika.com\/slovenija\/natucer-klinker-cotswold-teal\/","title":{"rendered":"Natucer klinker Cotswold Teal"},"content":{"rendered":"<p>Letos so plo\u0161\u010dice v modri barvi zelo za\u017eeljene. V redni prodaji bi morali za to plo\u0161\u010dico od\u0161teti 63,46 EUR, spletna cena pa zna\u0161a le 50,77 EUR. Z velikostjo 7,5&#215;30 cm je ta plo\u0161\u010dica primerna ze razli\u010dne povr\u0161ine. Debelina plo\u0161\u010dice je zelo pomembna in 9 mm uvr\u0161\u010da to plo\u0161\u010dico med najkvalitetnej\u0161e. Natucer klinker Cotswold Teal je pripeljana iz \u0160panije in je zelo kvalitetna.<\/p>\n<p>Kliknite na ime kolekcije za ogled vseh plo\u0161\u010dic iz te serije: <a class=\"pdfcatal\" href=\"\/\/www.ceramictiles.com\/pdf\/natucer\/catalogue_natucer_cotswold.pdf\" onclick=\"recordOutboundLink(this, 'E-mail', 'Description PDF');return false;\">Natucer Ceramica Cotswold<\/a><\/p>\n<p>\u010ce \u017eelite naro\u010diti model iz pdf kataloga te kolekcije, nam pi\u0161ite na: <a href=\"mailto:keramoteka.salon@gmail.com\" onclick=\"recordOutboundLink(this, 'E-mail', 'Description mail');return false;\">keramoteka.salon@gmail.com<\/a> ali pa nas pokli\u010dite na: 031 255 900.<\/p>\n<p>Technical description: <br \/> W 7,5&#215;30 ; 7,5&#215;15 <br \/>Cotswold Bianco ; Cotswold Bone ; Cotswold Late ; Cotswold Capuchino ; Cotswold Sage ; Cotswold Acqua ; Cotswold Teal ; Cotswold Grey ; Cotswold Grafito ; Cotswold Nero ;<\/p>\n","protected":false},"excerpt":{"rendered":"<p>Letos so plo\u0161\u010dice v modri barvi zelo za\u017eeljene. V redni prodaji bi morali za to plo\u0161\u010dico od\u0161teti 63,46 EUR, spletna cena pa zna\u0161a le 50,77 EUR. Z velikostjo 7,5&#215;30 cm je ta plo\u0161\u010dica primerna ze razli\u010dne povr\u0161ine. Debelina plo\u0161\u010dice je zelo pomembna in 9 mm uvr\u0161\u010da to plo\u0161\u010dico med najkvalitetnej\u0161e. Natucer klinker Cotswold Teal je [&hellip;]<\/p>\n","protected":false},"featured_media":103951,"template":"","meta":[],"product_cat":[100,9991435,120,999],"product_tag":[],"_links":{"self":[{"href":"https:\/\/www.keramika.com\/slovenija\/wp-json\/wp\/v2\/product\/103950"}],"collection":[{"href":"https:\/\/www.keramika.com\/slovenija\/wp-json\/wp\/v2\/product"}],"about":[{"href":"https:\/\/www.keramika.com\/slovenija\/wp-json\/wp\/v2\/types\/product"}],"wp:featuredmedia":[{"embeddable":true,"href":"https:\/\/www.keramika.com\/slovenija\/wp-json\/wp\/v2\/media\/103951"}],"wp:attachment":[{"href":"https:\/\/www.keramika.com\/slovenija\/wp-json\/wp\/v2\/media?parent=103950"}],"wp:term":[{"taxonomy":"product_cat","embeddable":true,"href":"https:\/\/www.keramika.com\/slovenija\/wp-json\/wp\/v2\/product_cat?post=103950"},{"taxonomy":"product_tag","embeddable":true,"href":"https:\/\/www.keramika.com\/slovenija\/wp-json\/wp\/v2\/product_tag?post=103950"}],"curies":[{"name":"wp","href":"https:\/\/api.w.org\/{rel}","templated":true}]}}