{"id":103948,"date":"2017-03-22T23:56:03","date_gmt":"2017-03-22T23:56:03","guid":{"rendered":"http:\/\/keramika.holest.com\/slovenija\/product\/natucer-klinker-concret-oslo-hexagono\/"},"modified":"2026-01-03T00:01:16","modified_gmt":"2026-01-03T00:01:16","slug":"natucer-klinker-concret-oslo-hexagono","status":"publish","type":"product","link":"https:\/\/www.keramika.com\/slovenija\/natucer-klinker-concret-oslo-hexagono\/","title":{"rendered":"Natucer klinker Concret Oslo Hexagono"},"content":{"rendered":"<p>Natucer klinker Concret Oslo Hexagono je plo\u0161\u010dica proizvajalca Natucer Ceramica in prihaja iz \u0160panije. 9 mm je debelina, ki zadovolji tudi zahtevnej\u0161e kupce. Ta plo\u0161\u010dica je na voljo v \u010dudoviti \u010drni barvi, \u010de \u017eelite kak\u0161no drugo barvo pa nas kontaktirajte in preverili bomo pri proizvajalcu. Zaradi ni\u017ejih stro\u0161kov pri spletni prodaji boste na na\u0161i strani za to plo\u0161\u010dico od\u0161teli le 63,31 EUR. Plo\u0161\u010dica na sliki je velika 22,5&#215;26 cm.<\/p>\n<p>Kliknite na ime kolekcije za ogled vseh plo\u0161\u010dic iz te serije: <a class=\"pdfcatal\" href=\"\/\/www.ceramictiles.com\/pdf\/natucer\/catalogue_natucer_concret.pdf\" onclick=\"recordOutboundLink(this, 'E-mail', 'Description PDF');return false;\">Natucer Ceramica Concret<\/a><\/p>\n<p>\u010ce \u017eelite naro\u010diti model iz pdf kataloga te kolekcije, nam pi\u0161ite na: <a href=\"mailto:keramoteka.salon@gmail.com\" onclick=\"recordOutboundLink(this, 'E-mail', 'Description mail');return false;\">keramoteka.salon@gmail.com<\/a> ali pa nas pokli\u010dite na: 031 255 900.<\/p>\n<p>Technical description: <br \/> W &#038; F 9&#215;36 ; 18&#215;18 ; 36&#215;36 ; 22,5&#215;26 <br \/>Concret Londres ; Concret Riga Londres ; Concret Helsinki ; Concret Bak\u00fa Helsinki ; Concret Roma ; Concret Riga Roma ; Concret Paris ; Concret Bak\u00fa Paris ; Concret Oslo ; Concret Riga Oslo ;<\/p>\n","protected":false},"excerpt":{"rendered":"<p>Natucer klinker Concret Oslo Hexagono je plo\u0161\u010dica proizvajalca Natucer Ceramica in prihaja iz \u0160panije. 9 mm je debelina, ki zadovolji tudi zahtevnej\u0161e kupce. Ta plo\u0161\u010dica je na voljo v \u010dudoviti \u010drni barvi, \u010de \u017eelite kak\u0161no drugo barvo pa nas kontaktirajte in preverili bomo pri proizvajalcu. Zaradi ni\u017ejih stro\u0161kov pri spletni prodaji boste na na\u0161i strani [&hellip;]<\/p>\n","protected":false},"featured_media":103949,"template":"","meta":[],"product_cat":[100,9991435,120,999],"product_tag":[99921970],"_links":{"self":[{"href":"https:\/\/www.keramika.com\/slovenija\/wp-json\/wp\/v2\/product\/103948"}],"collection":[{"href":"https:\/\/www.keramika.com\/slovenija\/wp-json\/wp\/v2\/product"}],"about":[{"href":"https:\/\/www.keramika.com\/slovenija\/wp-json\/wp\/v2\/types\/product"}],"wp:featuredmedia":[{"embeddable":true,"href":"https:\/\/www.keramika.com\/slovenija\/wp-json\/wp\/v2\/media\/103949"}],"wp:attachment":[{"href":"https:\/\/www.keramika.com\/slovenija\/wp-json\/wp\/v2\/media?parent=103948"}],"wp:term":[{"taxonomy":"product_cat","embeddable":true,"href":"https:\/\/www.keramika.com\/slovenija\/wp-json\/wp\/v2\/product_cat?post=103948"},{"taxonomy":"product_tag","embeddable":true,"href":"https:\/\/www.keramika.com\/slovenija\/wp-json\/wp\/v2\/product_tag?post=103948"}],"curies":[{"name":"wp","href":"https:\/\/api.w.org\/{rel}","templated":true}]}}