{"id":103942,"date":"2017-03-22T23:55:52","date_gmt":"2017-03-22T23:55:52","guid":{"rendered":"http:\/\/keramika.holest.com\/slovenija\/product\/natucer-klinker-classic-fine-ginger\/"},"modified":"2026-01-03T00:01:16","modified_gmt":"2026-01-03T00:01:16","slug":"natucer-klinker-classic-fine-ginger","status":"publish","type":"product","link":"https:\/\/www.keramika.com\/slovenija\/natucer-klinker-classic-fine-ginger\/","title":{"rendered":"Natucer klinker Classic Fine Ginger"},"content":{"rendered":"<p>Plo\u0161\u010dica je debela kar 6 mm, kar jo uvr\u0161\u010da med bolj trde plo\u0161\u010dice. Redna cena te plo\u0161\u010dice v maloprodaji zna\u0161a 40,26 EUR, v na\u0161i spletni trgovini pa jo lahko dobite \u017ee za 32,21 EUR. Natucer klinker Classic Fine Ginger je pripeljana iz \u0160panije in je zelo kvalitetna. Z velikostjo 15&#215;15 cm je ta plo\u0161\u010dica primerna ze razli\u010dne povr\u0161ine. Keramika v rumeni barvi popestri vsak prostor.<\/p>\n<p>Kliknite na ime kolekcije za ogled vseh plo\u0161\u010dic iz te serije: <a class=\"pdfcatal\" href=\"\/\/www.ceramictiles.com\/pdf\/natucer\/catalogue_natucer_classic_fine.pdf\" onclick=\"recordOutboundLink(this, 'E-mail', 'Description PDF');return false;\">Natucer Ceramica Classic Fine<\/a><\/p>\n<p>\u010ce \u017eelite naro\u010diti model iz pdf kataloga te kolekcije, nam pi\u0161ite na: <a href=\"mailto:keramoteka.salon@gmail.com\" onclick=\"recordOutboundLink(this, 'E-mail', 'Description mail');return false;\">keramoteka.salon@gmail.com<\/a> ali pa nas pokli\u010dite na: 031 255 900.<\/p>\n<p>Technical description: <br \/> W 15&#215;15 <br \/>Classic Fine Mauve ; Classic Fine Indigo ; Classic Fine Foam ; Classic Fine Vanilla ; Classic Fine Tanned ; Classic Fine Lavander ; Classic Fine Bluish ; Classic Fine Scarlet ; Classic Fine Ginger ; Classic Fine Emerald ; Classic Fine Truffle ;<\/p>\n","protected":false},"excerpt":{"rendered":"<p>Plo\u0161\u010dica je debela kar 6 mm, kar jo uvr\u0161\u010da med bolj trde plo\u0161\u010dice. Redna cena te plo\u0161\u010dice v maloprodaji zna\u0161a 40,26 EUR, v na\u0161i spletni trgovini pa jo lahko dobite \u017ee za 32,21 EUR. Natucer klinker Classic Fine Ginger je pripeljana iz \u0160panije in je zelo kvalitetna. Z velikostjo 15&#215;15 cm je ta plo\u0161\u010dica primerna [&hellip;]<\/p>\n","protected":false},"featured_media":103943,"template":"","meta":[],"product_cat":[100,9991435,120,999],"product_tag":[],"_links":{"self":[{"href":"https:\/\/www.keramika.com\/slovenija\/wp-json\/wp\/v2\/product\/103942"}],"collection":[{"href":"https:\/\/www.keramika.com\/slovenija\/wp-json\/wp\/v2\/product"}],"about":[{"href":"https:\/\/www.keramika.com\/slovenija\/wp-json\/wp\/v2\/types\/product"}],"wp:featuredmedia":[{"embeddable":true,"href":"https:\/\/www.keramika.com\/slovenija\/wp-json\/wp\/v2\/media\/103943"}],"wp:attachment":[{"href":"https:\/\/www.keramika.com\/slovenija\/wp-json\/wp\/v2\/media?parent=103942"}],"wp:term":[{"taxonomy":"product_cat","embeddable":true,"href":"https:\/\/www.keramika.com\/slovenija\/wp-json\/wp\/v2\/product_cat?post=103942"},{"taxonomy":"product_tag","embeddable":true,"href":"https:\/\/www.keramika.com\/slovenija\/wp-json\/wp\/v2\/product_tag?post=103942"}],"curies":[{"name":"wp","href":"https:\/\/api.w.org\/{rel}","templated":true}]}}