{"id":103940,"date":"2017-06-16T23:55:49","date_gmt":"2017-06-16T23:55:49","guid":{"rendered":"http:\/\/keramika.holest.com\/slovenija\/product\/natucer-klinker-cementi-otto-ala-blue\/"},"modified":"2026-01-03T00:01:16","modified_gmt":"2026-01-03T00:01:16","slug":"natucer-klinker-cementi-otto-ala-blue","status":"publish","type":"product","link":"https:\/\/www.keramika.com\/slovenija\/natucer-klinker-cementi-otto-ala-blue\/","title":{"rendered":"Natucer klinker Cementi Otto Ala Blue"},"content":{"rendered":"<p>Ta plo\u0161\u010dica je na voljo v \u010dudoviti modri barvi, \u010de \u017eelite kak\u0161no drugo barvo pa nas kontaktirajte in preverili bomo pri proizvajalcu. Natucer klinker Cementi Otto Ala Blue prihaja iz \u0160panije, ki je znana po zelo kvalitetni keramiki v svetovnem merilu. Ta plo\u0161\u010dica je debela 9 mm in je zelo trpe\u017ena. Zaradi ni\u017ejih stro\u0161kov pri spletni prodaji boste na na\u0161i strani za to plo\u0161\u010dico od\u0161teli le 4,7 EUR. Plo\u0161\u010dica na sliki je velika 17&#215;17 cm.<\/p>\n<p>Kliknite na ime kolekcije za ogled vseh plo\u0161\u010dic iz te serije: <a class=\"pdfcatal\" href=\"\/\/www.ceramictiles.com\/pdf\/natucer\/catalogue_natucer_cementi.pdf\" onclick=\"recordOutboundLink(this, 'E-mail', 'Description PDF');return false;\">Natucer Ceramica Cementi<\/a><\/p>\n<p>\u010ce \u017eelite naro\u010diti model iz pdf kataloga te kolekcije, nam pi\u0161ite na: <a href=\"mailto:keramoteka.salon@gmail.com\" onclick=\"recordOutboundLink(this, 'E-mail', 'Description mail');return false;\">keramoteka.salon@gmail.com<\/a> ali pa nas pokli\u010dite na: 031 255 900.<\/p>\n<p>Technical description:<br \/>\n18&#215;18 cm \u00b7 7&#8243;x7&#8243;<br \/>\nOtto 17&#215;17 cm \u00b7 6,6&#8243;x6,6&#8243;<br \/>\nOtto 12,2&#215;12,2 cm \u00b7 4,8&#8243;x4,8&#8243;<br \/>\n<br \/>Cementi Otto Ala Verde ; Cementi Otto Ala Blue ; Cementi Otto Flo ; Cementi Otto Med ; Cementi Otto Med Gris ; Cementi Otto Vic ; Cementi Otto Lin ;<\/p>\n","protected":false},"excerpt":{"rendered":"<p><a class=\"pdfcatal\" href=\"\/\/www.ceramictiles.com\/pdf\/catalogue_natucer.pdf\" onclick=\"recordOutboundLink(this, 'E-mail', 'Description PDF');return false;\"> Splo\u0161ni katalog z vsemi zbirkami v ponudbi<\/a><\/p>\n","protected":false},"featured_media":103941,"template":"","meta":[],"product_cat":[100,9991435,120,999],"product_tag":[99921974,99921978,99921988],"_links":{"self":[{"href":"https:\/\/www.keramika.com\/slovenija\/wp-json\/wp\/v2\/product\/103940"}],"collection":[{"href":"https:\/\/www.keramika.com\/slovenija\/wp-json\/wp\/v2\/product"}],"about":[{"href":"https:\/\/www.keramika.com\/slovenija\/wp-json\/wp\/v2\/types\/product"}],"wp:featuredmedia":[{"embeddable":true,"href":"https:\/\/www.keramika.com\/slovenija\/wp-json\/wp\/v2\/media\/103941"}],"wp:attachment":[{"href":"https:\/\/www.keramika.com\/slovenija\/wp-json\/wp\/v2\/media?parent=103940"}],"wp:term":[{"taxonomy":"product_cat","embeddable":true,"href":"https:\/\/www.keramika.com\/slovenija\/wp-json\/wp\/v2\/product_cat?post=103940"},{"taxonomy":"product_tag","embeddable":true,"href":"https:\/\/www.keramika.com\/slovenija\/wp-json\/wp\/v2\/product_tag?post=103940"}],"curies":[{"name":"wp","href":"https:\/\/api.w.org\/{rel}","templated":true}]}}