{"id":103938,"date":"2017-06-22T23:55:46","date_gmt":"2017-06-22T23:55:46","guid":{"rendered":"http:\/\/keramika.holest.com\/slovenija\/product\/natucer-klinker-caprice-hexagono-notte\/"},"modified":"2026-01-03T00:01:15","modified_gmt":"2026-01-03T00:01:15","slug":"natucer-klinker-caprice-hexagono-notte","status":"publish","type":"product","link":"https:\/\/www.keramika.com\/slovenija\/natucer-klinker-caprice-hexagono-notte\/","title":{"rendered":"Natucer klinker Caprice Hexagono Notte"},"content":{"rendered":"<p>Natucer klinker Caprice Hexagono Notte je plo\u0161\u010dica proizvajalca Natucer Ceramica in prihaja iz \u0160panije. Keramika v \u010drni barvi popestri vsak prostor. V redni prodaji bi morali za to plo\u0161\u010dico od\u0161teti 1,62 EUR, spletna cena pa zna\u0161a le 1,29 EUR. Dimenzije te plo\u0161\u010dice so 13&#215;11,4 cm. Ta plo\u0161\u010dica je debela 9 mm in je zelo trpe\u017ena.<\/p>\n<p>Kliknite na ime kolekcije za ogled vseh plo\u0161\u010dic iz te serije: <a class=\"pdfcatal\" href=\"\/\/www.ceramictiles.com\/pdf\/natucer\/catalogue_natucer_caprice_rev.pdf\" onclick=\"recordOutboundLink(this, 'E-mail', 'Description PDF');return false;\">Natucer Ceramica Caprice Rev<\/a><\/p>\n<p>\u010ce \u017eelite naro\u010diti model iz pdf kataloga te kolekcije, nam pi\u0161ite na: <a href=\"mailto:keramoteka.salon@gmail.com\" onclick=\"recordOutboundLink(this, 'E-mail', 'Description mail');return false;\">keramoteka.salon@gmail.com<\/a> ali pa nas pokli\u010dite na: 031 255 900.<\/p>\n<p>Technical description: <br \/> <br \/>\n3 Colores : Bianco ; Note ; Grigio<br \/>\n4 Formatos Revestimiento : 12,7X6,2 \u00b7 5&#8243;X2,4&#8243; ; 13X11,4 \u00b7 5&#8243;X4&#8243; ; 15X50 \u00b7 6&#8243;X20&#8243; ; 45,5X20 \u00b7 17,7&#8243;X8&#8243;<br \/>\n3 Formatos Pavimento : 12,2X12,2 \u00b7 4,8&#8243;X4,8&#8243; ; 16,7X16,7 \u00b7 6,5&#8243;X6,5&#8243; ; 17X17 \u00b7 6,6&#8243;X6,6&#8243;<br \/>\n2 Superficies : Con Relieve ; Sin Relieve<\/p>\n","protected":false},"excerpt":{"rendered":"<p><a class=\"pdfcatal\" href=\"\/\/www.ceramictiles.com\/pdf\/catalogue_natucer.pdf\" onclick=\"recordOutboundLink(this, &#039;E-mail&#039;, &#039;Description PDF&#039;);return false;\"> Splo\u0161ni katalog Natucer z vsemi zbirkami v ponudbi<\/a><\/p>\n","protected":false},"featured_media":103939,"template":"","meta":[],"product_cat":[100,9991435,120,999,110],"product_tag":[99921971,99921970,99921988],"_links":{"self":[{"href":"https:\/\/www.keramika.com\/slovenija\/wp-json\/wp\/v2\/product\/103938"}],"collection":[{"href":"https:\/\/www.keramika.com\/slovenija\/wp-json\/wp\/v2\/product"}],"about":[{"href":"https:\/\/www.keramika.com\/slovenija\/wp-json\/wp\/v2\/types\/product"}],"wp:featuredmedia":[{"embeddable":true,"href":"https:\/\/www.keramika.com\/slovenija\/wp-json\/wp\/v2\/media\/103939"}],"wp:attachment":[{"href":"https:\/\/www.keramika.com\/slovenija\/wp-json\/wp\/v2\/media?parent=103938"}],"wp:term":[{"taxonomy":"product_cat","embeddable":true,"href":"https:\/\/www.keramika.com\/slovenija\/wp-json\/wp\/v2\/product_cat?post=103938"},{"taxonomy":"product_tag","embeddable":true,"href":"https:\/\/www.keramika.com\/slovenija\/wp-json\/wp\/v2\/product_tag?post=103938"}],"curies":[{"name":"wp","href":"https:\/\/api.w.org\/{rel}","templated":true}]}}