{"id":103930,"date":"2017-03-22T23:55:32","date_gmt":"2017-03-22T23:55:32","guid":{"rendered":"http:\/\/keramika.holest.com\/slovenija\/product\/kuhinjske-ploscice-arcana-sole-emilia-noce\/"},"modified":"2026-01-03T00:01:14","modified_gmt":"2026-01-03T00:01:14","slug":"kuhinjske-ploscice-arcana-sole-emilia-noce","status":"publish","type":"product","link":"https:\/\/www.keramika.com\/slovenija\/kuhinjske-ploscice-arcana-sole-emilia-noce\/","title":{"rendered":"Kuhinjske plo\u0161\u010dice Arcana Sole Emilia Noce"},"content":{"rendered":"<p>Plo\u0161\u010dica je debela kar 9 mm, kar jo uvr\u0161\u010da med bolj trde plo\u0161\u010dice. Letos so plo\u0161\u010dice v rjavi barvi zelo za\u017eeljene. \u0160irina in dol\u017eina te plo\u0161\u010dice sta 45&#215;90 cm. V redni prodaji bi morali za to plo\u0161\u010dico od\u0161teti 59,81 EUR, spletna cena pa zna\u0161a le 47,85 EUR. Arcana Sole Emilia Noce je pripeljana iz \u0160panije in je zelo kvalitetna.<\/p>\n<p>Kliknite na ime kolekcije za ogled vseh plo\u0161\u010dic iz te serije: <a class=\"pdfcatal\" href=\"\/\/www.ceramictiles.com\/pdf\/arcana\/catalogue_arcana_via_emilia.pdf\" onclick=\"recordOutboundLink(this, 'E-mail', 'Description PDF');return false;\">Arcana tiles Via Emilia<\/a><\/p>\n<p>\u010ce \u017eelite naro\u010diti model iz pdf kataloga te kolekcije, nam pi\u0161ite na: <a href=\"mailto:keramoteka.salon@gmail.com\" onclick=\"recordOutboundLink(this, 'E-mail', 'Description mail');return false;\">keramoteka.salon@gmail.com<\/a> ali pa nas pokli\u010dite na: +386 31 255 900.<\/p>\n<p>Technical description: <br \/> W &#038; F 45&#215;90 <br \/>Sole Emilia Ivory ; Via Emilia Ivory ; Sole Emilia Noce ; Via Emilia Noce ; Sole Emilia Grigio ; Via Emilia Grigio ;<\/p>\n","protected":false},"excerpt":{"rendered":"<p>Plo\u0161\u010dica je debela kar 9 mm, kar jo uvr\u0161\u010da med bolj trde plo\u0161\u010dice. Letos so plo\u0161\u010dice v rjavi barvi zelo za\u017eeljene. \u0160irina in dol\u017eina te plo\u0161\u010dice sta 45&#215;90 cm. V redni prodaji bi morali za to plo\u0161\u010dico od\u0161teti 59,81 EUR, spletna cena pa zna\u0161a le 47,85 EUR. Arcana Sole Emilia Noce je pripeljana iz \u0160panije [&hellip;]<\/p>\n","protected":false},"featured_media":103931,"template":"","meta":[],"product_cat":[99921439,200,230,999,240],"product_tag":[],"_links":{"self":[{"href":"https:\/\/www.keramika.com\/slovenija\/wp-json\/wp\/v2\/product\/103930"}],"collection":[{"href":"https:\/\/www.keramika.com\/slovenija\/wp-json\/wp\/v2\/product"}],"about":[{"href":"https:\/\/www.keramika.com\/slovenija\/wp-json\/wp\/v2\/types\/product"}],"wp:featuredmedia":[{"embeddable":true,"href":"https:\/\/www.keramika.com\/slovenija\/wp-json\/wp\/v2\/media\/103931"}],"wp:attachment":[{"href":"https:\/\/www.keramika.com\/slovenija\/wp-json\/wp\/v2\/media?parent=103930"}],"wp:term":[{"taxonomy":"product_cat","embeddable":true,"href":"https:\/\/www.keramika.com\/slovenija\/wp-json\/wp\/v2\/product_cat?post=103930"},{"taxonomy":"product_tag","embeddable":true,"href":"https:\/\/www.keramika.com\/slovenija\/wp-json\/wp\/v2\/product_tag?post=103930"}],"curies":[{"name":"wp","href":"https:\/\/api.w.org\/{rel}","templated":true}]}}