{"id":103918,"date":"2017-03-22T23:55:10","date_gmt":"2017-03-22T23:55:10","guid":{"rendered":"http:\/\/keramika.holest.com\/slovenija\/product\/talne-porcelan-ploscice-arcana-tempo-taupe\/"},"modified":"2026-01-03T00:01:13","modified_gmt":"2026-01-03T00:01:13","slug":"talne-porcelan-ploscice-arcana-tempo-taupe","status":"publish","type":"product","link":"https:\/\/www.keramika.com\/slovenija\/talne-porcelan-ploscice-arcana-tempo-taupe\/","title":{"rendered":"Talne porcelan plo\u0161\u010dice Arcana Tempo Taupe"},"content":{"rendered":"<p>Debelina kar 9 mm dela to plo\u0161\u010dico zelo trpe\u017eno in presti\u017eno na otip. Redna cena te plo\u0161\u010dice v maloprodaji zna\u0161a 59,81 EUR, v na\u0161i spletni trgovini pa jo lahko dobite \u017ee za 47,85 EUR. Ta model plo\u0161\u010dice se najbolje prodaja v rjavi barvi. To plo\u0161\u010dico je izdelal proizvajalec Arcana tiles, ki prihaja iz \u0160panije. Z 60&#215;60 cm je ta plo\u0161\u010dica primerna za razli\u010dne podlage.<\/p>\n<p>Kliknite na ime kolekcije za ogled vseh plo\u0161\u010dic iz te serije: <a class=\"pdfcatal\" href=\"\/\/www.ceramictiles.com\/pdf\/arcana\/catalogue_arcana_tempo.pdf\" onclick=\"recordOutboundLink(this, 'E-mail', 'Description PDF');return false;\">Arcana tiles Tempo<\/a><\/p>\n<p>\u010ce \u017eelite naro\u010diti model iz pdf kataloga te kolekcije, nam pi\u0161ite na: <a href=\"mailto:keramoteka.salon@gmail.com\" onclick=\"recordOutboundLink(this, 'E-mail', 'Description mail');return false;\">keramoteka.salon@gmail.com<\/a> ali pa nas pokli\u010dite na: +386 31 255 900.<\/p>\n<p>Technical description: <br \/> W &#038; F 60&#215;60 <br \/>Tempo Bone ; Tempo Taupe ; Tempo Moka ;<\/p>\n","protected":false},"excerpt":{"rendered":"<p>Debelina kar 9 mm dela to plo\u0161\u010dico zelo trpe\u017eno in presti\u017eno na otip. Redna cena te plo\u0161\u010dice v maloprodaji zna\u0161a 59,81 EUR, v na\u0161i spletni trgovini pa jo lahko dobite \u017ee za 47,85 EUR. Ta model plo\u0161\u010dice se najbolje prodaja v rjavi barvi. To plo\u0161\u010dico je izdelal proizvajalec Arcana tiles, ki prihaja iz \u0160panije. Z [&hellip;]<\/p>\n","protected":false},"featured_media":103919,"template":"","meta":[],"product_cat":[99921439,200,260,999,290,250,240],"product_tag":[],"_links":{"self":[{"href":"https:\/\/www.keramika.com\/slovenija\/wp-json\/wp\/v2\/product\/103918"}],"collection":[{"href":"https:\/\/www.keramika.com\/slovenija\/wp-json\/wp\/v2\/product"}],"about":[{"href":"https:\/\/www.keramika.com\/slovenija\/wp-json\/wp\/v2\/types\/product"}],"wp:featuredmedia":[{"embeddable":true,"href":"https:\/\/www.keramika.com\/slovenija\/wp-json\/wp\/v2\/media\/103919"}],"wp:attachment":[{"href":"https:\/\/www.keramika.com\/slovenija\/wp-json\/wp\/v2\/media?parent=103918"}],"wp:term":[{"taxonomy":"product_cat","embeddable":true,"href":"https:\/\/www.keramika.com\/slovenija\/wp-json\/wp\/v2\/product_cat?post=103918"},{"taxonomy":"product_tag","embeddable":true,"href":"https:\/\/www.keramika.com\/slovenija\/wp-json\/wp\/v2\/product_tag?post=103918"}],"curies":[{"name":"wp","href":"https:\/\/api.w.org\/{rel}","templated":true}]}}