{"id":103914,"date":"2017-03-22T23:55:01","date_gmt":"2017-03-22T23:55:01","guid":{"rendered":"http:\/\/keramika.holest.com\/slovenija\/product\/talne-in-stenske-ploscice-arcana-souvenir-purple\/"},"modified":"2026-01-03T00:01:11","modified_gmt":"2026-01-03T00:01:11","slug":"talne-in-stenske-ploscice-arcana-souvenir-purple","status":"publish","type":"product","link":"https:\/\/www.keramika.com\/slovenija\/talne-in-stenske-ploscice-arcana-souvenir-purple\/","title":{"rendered":"Talne in stenske plo\u0161\u010dice Arcana Souvenir Purple"},"content":{"rendered":"<p>19,25 EUR v klasi\u010dni trgovini, pri nas pa le 15,4 EUR. To plo\u0161\u010dico je izdelal proizvajalec Arcana tiles, ki prihaja iz \u0160panije. Ta plo\u0161\u010dica je debela 9 mm in je zelo trpe\u017ena. Pri izbiri plo\u0161\u010dice v vijoli\u010dni barvi ne morete zgre\u0161iti. Velikost te plo\u0161\u010dice je 31,6&#215;31,6 cm in je primerna za razli\u010dne povr\u0161ine.<\/p>\n<p>Kliknite na ime kolekcije za ogled vseh plo\u0161\u010dic iz te serije: <a class=\"pdfcatal\" href=\"\/\/www.ceramictiles.com\/pdf\/arcana\/catalogue_arcana_souvenir.pdf\" onclick=\"recordOutboundLink(this, 'E-mail', 'Description PDF');return false;\">Arcana tiles Souvenir<\/a><\/p>\n<p>\u010ce \u017eelite naro\u010diti model iz pdf kataloga te kolekcije, nam pi\u0161ite na: <a href=\"mailto:keramoteka.salon@gmail.com\" onclick=\"recordOutboundLink(this, 'E-mail', 'Description mail');return false;\">keramoteka.salon@gmail.com<\/a> ali pa nas pokli\u010dite na: +386 31 255 900.<\/p>\n<p>Technical description: <br \/> F 31,6&#215;31,6 <br \/>Souvenir Avellana ; Souvenir Peach ; Souvenir Vison ; Souvenir Rosa ; Souvenir Lila ; Souvenir Purple ; Souvenir Cloud ; Souvenir Azul ; Souvenir Blue ; Souvenir Marron ; Souvenir Plomo ;<\/p>\n","protected":false},"excerpt":{"rendered":"<p>19,25 EUR v klasi\u010dni trgovini, pri nas pa le 15,4 EUR. To plo\u0161\u010dico je izdelal proizvajalec Arcana tiles, ki prihaja iz \u0160panije. Ta plo\u0161\u010dica je debela 9 mm in je zelo trpe\u017ena. Pri izbiri plo\u0161\u010dice v vijoli\u010dni barvi ne morete zgre\u0161iti. Velikost te plo\u0161\u010dice je 31,6&#215;31,6 cm in je primerna za razli\u010dne povr\u0161ine. Kliknite na [&hellip;]<\/p>\n","protected":false},"featured_media":103915,"template":"","meta":[],"product_cat":[99921439,200,220,999,250,240],"product_tag":[],"_links":{"self":[{"href":"https:\/\/www.keramika.com\/slovenija\/wp-json\/wp\/v2\/product\/103914"}],"collection":[{"href":"https:\/\/www.keramika.com\/slovenija\/wp-json\/wp\/v2\/product"}],"about":[{"href":"https:\/\/www.keramika.com\/slovenija\/wp-json\/wp\/v2\/types\/product"}],"wp:featuredmedia":[{"embeddable":true,"href":"https:\/\/www.keramika.com\/slovenija\/wp-json\/wp\/v2\/media\/103915"}],"wp:attachment":[{"href":"https:\/\/www.keramika.com\/slovenija\/wp-json\/wp\/v2\/media?parent=103914"}],"wp:term":[{"taxonomy":"product_cat","embeddable":true,"href":"https:\/\/www.keramika.com\/slovenija\/wp-json\/wp\/v2\/product_cat?post=103914"},{"taxonomy":"product_tag","embeddable":true,"href":"https:\/\/www.keramika.com\/slovenija\/wp-json\/wp\/v2\/product_tag?post=103914"}],"curies":[{"name":"wp","href":"https:\/\/api.w.org\/{rel}","templated":true}]}}