{"id":103908,"date":"2017-03-22T23:54:48","date_gmt":"2017-03-22T23:54:48","guid":{"rendered":"http:\/\/keramika.holest.com\/slovenija\/product\/ploscice-arcana-alabastro\/"},"modified":"2026-01-03T00:01:10","modified_gmt":"2026-01-03T00:01:10","slug":"ploscice-arcana-alabastro","status":"publish","type":"product","link":"https:\/\/www.keramika.com\/slovenija\/ploscice-arcana-alabastro\/","title":{"rendered":"Plo\u0161\u010dice Arcana Alabastro"},"content":{"rendered":"<p>Debelina kar 9 mm dela to plo\u0161\u010dico zelo trpe\u017eno in presti\u017eno na otip. Na spletu boste za to plo\u0161\u010dico od\u0161teli le 39,38 EUR, medtem ko v redni prodaji cena zna\u0161a 49,23 EUR. Prihaja iz \u0160panije, ki po svetu slovi kot ena bolj\u0161ih proizvajalk kerami\u010dnih plo\u0161\u010dic. Keramika v be\u017e barvi popestri vsak prostor. Velikost te plo\u0161\u010dice je 60&#215;60 cm in je primerna za razli\u010dne povr\u0161ine.<\/p>\n<p>Kliknite na ime kolekcije za ogled vseh plo\u0161\u010dic iz te serije: <a class=\"pdfcatal\" href=\"\/\/www.ceramictiles.com\/pdf\/arcana\/catalogue_arcana_marble.pdf\" onclick=\"recordOutboundLink(this, 'E-mail', 'Description PDF');return false;\">Arcana tiles Marble<\/a><\/p>\n<p>\u010ce \u017eelite naro\u010diti model iz pdf kataloga te kolekcije, nam pi\u0161ite na: <a href=\"mailto:keramoteka.salon@gmail.com\" onclick=\"recordOutboundLink(this, 'E-mail', 'Description mail');return false;\">keramoteka.salon@gmail.com<\/a> ali pa nas pokli\u010dite na: +386 31 255 900.<\/p>\n<p>Technical description: <br \/> W &#038; F 59,3&#215;59,3 <br \/>Daino Reale ; Alabastro ; Brecha Beige ; Brecha Damascata ; Arabescato ; Fossil ; Antique Crema ; Classique Arena ; Apuano ; Giallo Siena ;<\/p>\n","protected":false},"excerpt":{"rendered":"<p>Debelina kar 9 mm dela to plo\u0161\u010dico zelo trpe\u017eno in presti\u017eno na otip. Na spletu boste za to plo\u0161\u010dico od\u0161teli le 39,38 EUR, medtem ko v redni prodaji cena zna\u0161a 49,23 EUR. Prihaja iz \u0160panije, ki po svetu slovi kot ena bolj\u0161ih proizvajalk kerami\u010dnih plo\u0161\u010dic. Keramika v be\u017e barvi popestri vsak prostor. Velikost te plo\u0161\u010dice [&hellip;]<\/p>\n","protected":false},"featured_media":103909,"template":"","meta":[],"product_cat":[99921439,200,260,999,290,250,240],"product_tag":[],"_links":{"self":[{"href":"https:\/\/www.keramika.com\/slovenija\/wp-json\/wp\/v2\/product\/103908"}],"collection":[{"href":"https:\/\/www.keramika.com\/slovenija\/wp-json\/wp\/v2\/product"}],"about":[{"href":"https:\/\/www.keramika.com\/slovenija\/wp-json\/wp\/v2\/types\/product"}],"wp:featuredmedia":[{"embeddable":true,"href":"https:\/\/www.keramika.com\/slovenija\/wp-json\/wp\/v2\/media\/103909"}],"wp:attachment":[{"href":"https:\/\/www.keramika.com\/slovenija\/wp-json\/wp\/v2\/media?parent=103908"}],"wp:term":[{"taxonomy":"product_cat","embeddable":true,"href":"https:\/\/www.keramika.com\/slovenija\/wp-json\/wp\/v2\/product_cat?post=103908"},{"taxonomy":"product_tag","embeddable":true,"href":"https:\/\/www.keramika.com\/slovenija\/wp-json\/wp\/v2\/product_tag?post=103908"}],"curies":[{"name":"wp","href":"https:\/\/api.w.org\/{rel}","templated":true}]}}