{"id":103902,"date":"2017-03-22T23:54:37","date_gmt":"2017-03-22T23:54:37","guid":{"rendered":"http:\/\/keramika.holest.com\/slovenija\/product\/porcelan-ploscice-arcana-concrete-basalto\/"},"modified":"2026-01-03T00:01:10","modified_gmt":"2026-01-03T00:01:10","slug":"porcelan-ploscice-arcana-concrete-basalto","status":"publish","type":"product","link":"https:\/\/www.keramika.com\/slovenija\/porcelan-ploscice-arcana-concrete-basalto\/","title":{"rendered":"Porcelan plo\u0161\u010dice Arcana Concrete Basalto"},"content":{"rendered":"<p>Pri izbiri plo\u0161\u010dice v be\u017e barvi ne morete zgre\u0161iti. Velikost te plo\u0161\u010dice je 45&#215;90 cm in je primerna za razli\u010dne povr\u0161ine. Arcana Concrete Basalto prihaja iz \u0160panije, ki je znana po zelo kvalitetni keramiki v svetovnem merilu. 72,33 EUR v klasi\u010dni trgovini, pri nas pa le 57,86 EUR. Debelina kar 9 mm dela to plo\u0161\u010dico zelo trpe\u017eno in presti\u017eno na otip.<\/p>\n<p>Kliknite na ime kolekcije za ogled vseh plo\u0161\u010dic iz te serije: <a class=\"pdfcatal\" href=\"\/\/www.ceramictiles.com\/pdf\/arcana\/catalogue_arcana_concrete.pdf\" onclick=\"recordOutboundLink(this, 'E-mail', 'Description PDF');return false;\">Arcana tiles Concrete<\/a><\/p>\n<p>\u010ce \u017eelite naro\u010diti model iz pdf kataloga te kolekcije, nam pi\u0161ite na: <a href=\"mailto:keramoteka.salon@gmail.com\" onclick=\"recordOutboundLink(this, 'E-mail', 'Description mail');return false;\">keramoteka.salon@gmail.com<\/a> ali pa nas pokli\u010dite na: +386 31 255 900.<\/p>\n<p>Technical description: <br \/> W &#038; F 44,3&#215;89,3 <br \/>Concrete Gris ; Concrete Antracita ; Concrete Moka ; Concrete Basalto ;<\/p>\n","protected":false},"excerpt":{"rendered":"<p>Pri izbiri plo\u0161\u010dice v be\u017e barvi ne morete zgre\u0161iti. Velikost te plo\u0161\u010dice je 45&#215;90 cm in je primerna za razli\u010dne povr\u0161ine. Arcana Concrete Basalto prihaja iz \u0160panije, ki je znana po zelo kvalitetni keramiki v svetovnem merilu. 72,33 EUR v klasi\u010dni trgovini, pri nas pa le 57,86 EUR. Debelina kar 9 mm dela to plo\u0161\u010dico [&hellip;]<\/p>\n","protected":false},"featured_media":103903,"template":"","meta":[],"product_cat":[99921439,200,260,999,240,270],"product_tag":[],"_links":{"self":[{"href":"https:\/\/www.keramika.com\/slovenija\/wp-json\/wp\/v2\/product\/103902"}],"collection":[{"href":"https:\/\/www.keramika.com\/slovenija\/wp-json\/wp\/v2\/product"}],"about":[{"href":"https:\/\/www.keramika.com\/slovenija\/wp-json\/wp\/v2\/types\/product"}],"wp:featuredmedia":[{"embeddable":true,"href":"https:\/\/www.keramika.com\/slovenija\/wp-json\/wp\/v2\/media\/103903"}],"wp:attachment":[{"href":"https:\/\/www.keramika.com\/slovenija\/wp-json\/wp\/v2\/media?parent=103902"}],"wp:term":[{"taxonomy":"product_cat","embeddable":true,"href":"https:\/\/www.keramika.com\/slovenija\/wp-json\/wp\/v2\/product_cat?post=103902"},{"taxonomy":"product_tag","embeddable":true,"href":"https:\/\/www.keramika.com\/slovenija\/wp-json\/wp\/v2\/product_tag?post=103902"}],"curies":[{"name":"wp","href":"https:\/\/api.w.org\/{rel}","templated":true}]}}