{"id":103900,"date":"2017-03-22T23:54:34","date_gmt":"2017-03-22T23:54:34","guid":{"rendered":"http:\/\/keramika.holest.com\/slovenija\/product\/keramika-za-hodnik-arcana-blancos-15x15\/"},"modified":"2026-01-03T00:01:09","modified_gmt":"2026-01-03T00:01:09","slug":"keramika-za-hodnik-arcana-blancos-15x15","status":"publish","type":"product","link":"https:\/\/www.keramika.com\/slovenija\/keramika-za-hodnik-arcana-blancos-15x15\/","title":{"rendered":"Keramika za hodnik Arcana Blancos 15&#215;15"},"content":{"rendered":"<p>9 mm je debelina, ki zadovolji tudi zahtevnej\u0161e kupce. 13,48 EUR v klasi\u010dni trgovini, pri nas pa le 10,78 EUR. Velikost te plo\u0161\u010dice je 25&#215;75 cm. Ta plo\u0161\u010dica prihaja iz \u0160panije, ki je znana po kvalitetni keramiki. Ta plo\u0161\u010dica je na voljo v \u010dudoviti beli barvi, \u010de \u017eelite kak\u0161no drugo barvo pa nas kontaktirajte in preverili bomo pri proizvajalcu.<\/p>\n<p>Kliknite na ime kolekcije za ogled vseh plo\u0161\u010dic iz te serije: <a class=\"pdfcatal\" href=\"\/\/www.ceramictiles.com\/pdf\/arcana\/catalogue_arcana_blancos.pdf\" onclick=\"recordOutboundLink(this, 'E-mail', 'Description PDF');return false;\">Arcana tiles Blancos<\/a><\/p>\n<p>\u010ce \u017eelite naro\u010diti model iz pdf kataloga te kolekcije, nam pi\u0161ite na: <a href=\"mailto:keramoteka.salon@gmail.com\" onclick=\"recordOutboundLink(this, 'E-mail', 'Description mail');return false;\">keramoteka.salon@gmail.com<\/a> ali pa nas pokli\u010dite na: +386 31 255 900.<\/p>\n<p>Technical description: <br \/> W 15&#215;15 ; 20&#215;20 ; 23&#215;33,5 ; 27&#215;41,5 ; 20&#215;50 ; 25&#215;75 <br \/>Horizon Blanco ; Universal Blanco-Mate ; Marina Blanco ;<\/p>\n","protected":false},"excerpt":{"rendered":"<p>9 mm je debelina, ki zadovolji tudi zahtevnej\u0161e kupce. 13,48 EUR v klasi\u010dni trgovini, pri nas pa le 10,78 EUR. Velikost te plo\u0161\u010dice je 25&#215;75 cm. Ta plo\u0161\u010dica prihaja iz \u0160panije, ki je znana po kvalitetni keramiki. Ta plo\u0161\u010dica je na voljo v \u010dudoviti beli barvi, \u010de \u017eelite kak\u0161no drugo barvo pa nas kontaktirajte in [&hellip;]<\/p>\n","protected":false},"featured_media":103901,"template":"","meta":[],"product_cat":[99921439,200,260,999,250],"product_tag":[99921978],"_links":{"self":[{"href":"https:\/\/www.keramika.com\/slovenija\/wp-json\/wp\/v2\/product\/103900"}],"collection":[{"href":"https:\/\/www.keramika.com\/slovenija\/wp-json\/wp\/v2\/product"}],"about":[{"href":"https:\/\/www.keramika.com\/slovenija\/wp-json\/wp\/v2\/types\/product"}],"wp:featuredmedia":[{"embeddable":true,"href":"https:\/\/www.keramika.com\/slovenija\/wp-json\/wp\/v2\/media\/103901"}],"wp:attachment":[{"href":"https:\/\/www.keramika.com\/slovenija\/wp-json\/wp\/v2\/media?parent=103900"}],"wp:term":[{"taxonomy":"product_cat","embeddable":true,"href":"https:\/\/www.keramika.com\/slovenija\/wp-json\/wp\/v2\/product_cat?post=103900"},{"taxonomy":"product_tag","embeddable":true,"href":"https:\/\/www.keramika.com\/slovenija\/wp-json\/wp\/v2\/product_tag?post=103900"}],"curies":[{"name":"wp","href":"https:\/\/api.w.org\/{rel}","templated":true}]}}