{"id":103898,"date":"2017-03-22T23:54:30","date_gmt":"2017-03-22T23:54:30","guid":{"rendered":"http:\/\/keramika.holest.com\/slovenija\/product\/keramika-za-hodnik-arcana-beton-gris\/"},"modified":"2026-01-03T00:01:09","modified_gmt":"2026-01-03T00:01:09","slug":"keramika-za-hodnik-arcana-beton-gris","status":"publish","type":"product","link":"https:\/\/www.keramika.com\/slovenija\/keramika-za-hodnik-arcana-beton-gris\/","title":{"rendered":"Keramika za hodnik Arcana Beton Gris"},"content":{"rendered":"<p>Z velikostjo 60&#215;60 cm je ta plo\u0161\u010dica primerna ze razli\u010dne povr\u0161ine. Keramika v sivi barvi popestri vsak prostor. Arcana Beton Gris je plo\u0161\u010dica proizvajalca Arcana tiles in prihaja iz \u0160panije. 9 mm debeline je dovolj tudi za zahtevnej\u0161e kupce. Arcana Beton Gris je na voljo po zelo ugodni ceni 45,1 EUR.<\/p>\n<p>Kliknite na ime kolekcije za ogled vseh plo\u0161\u010dic iz te serije: <a class=\"pdfcatal\" href=\"\/\/www.ceramictiles.com\/pdf\/arcana\/catalogue_arcana_beton.pdf\" onclick=\"recordOutboundLink(this, 'E-mail', 'Description PDF');return false;\">Arcana tiles Beton<\/a><\/p>\n<p>\u010ce \u017eelite naro\u010diti model iz pdf kataloga te kolekcije, nam pi\u0161ite na: <a href=\"mailto:keramoteka.salon@gmail.com\" onclick=\"recordOutboundLink(this, 'E-mail', 'Description mail');return false;\">keramoteka.salon@gmail.com<\/a> ali pa nas pokli\u010dite na: +386 31 255 900.<\/p>\n<p>Technical description: <br \/> W &#038; F 60&#215;60 <br \/>Beton Blanco ; B\u00e9ton Gris ; B\u00e9ton Beige ; B\u00e9ton Antracita ;<\/p>\n","protected":false},"excerpt":{"rendered":"<p>Z velikostjo 60&#215;60 cm je ta plo\u0161\u010dica primerna ze razli\u010dne povr\u0161ine. Keramika v sivi barvi popestri vsak prostor. Arcana Beton Gris je plo\u0161\u010dica proizvajalca Arcana tiles in prihaja iz \u0160panije. 9 mm debeline je dovolj tudi za zahtevnej\u0161e kupce. Arcana Beton Gris je na voljo po zelo ugodni ceni 45,1 EUR. Kliknite na ime kolekcije [&hellip;]<\/p>\n","protected":false},"featured_media":103899,"template":"","meta":[],"product_cat":[99921439,200,260,999,240,270],"product_tag":[99921978],"_links":{"self":[{"href":"https:\/\/www.keramika.com\/slovenija\/wp-json\/wp\/v2\/product\/103898"}],"collection":[{"href":"https:\/\/www.keramika.com\/slovenija\/wp-json\/wp\/v2\/product"}],"about":[{"href":"https:\/\/www.keramika.com\/slovenija\/wp-json\/wp\/v2\/types\/product"}],"wp:featuredmedia":[{"embeddable":true,"href":"https:\/\/www.keramika.com\/slovenija\/wp-json\/wp\/v2\/media\/103899"}],"wp:attachment":[{"href":"https:\/\/www.keramika.com\/slovenija\/wp-json\/wp\/v2\/media?parent=103898"}],"wp:term":[{"taxonomy":"product_cat","embeddable":true,"href":"https:\/\/www.keramika.com\/slovenija\/wp-json\/wp\/v2\/product_cat?post=103898"},{"taxonomy":"product_tag","embeddable":true,"href":"https:\/\/www.keramika.com\/slovenija\/wp-json\/wp\/v2\/product_tag?post=103898"}],"curies":[{"name":"wp","href":"https:\/\/api.w.org\/{rel}","templated":true}]}}