{"id":103896,"date":"2017-03-22T23:54:27","date_gmt":"2017-03-22T23:54:27","guid":{"rendered":"http:\/\/keramika.holest.com\/slovenija\/product\/stenske-ploscice-arcana-bellagio-ducale\/"},"modified":"2026-01-03T00:01:09","modified_gmt":"2026-01-03T00:01:09","slug":"stenske-ploscice-arcana-bellagio-ducale","status":"publish","type":"product","link":"https:\/\/www.keramika.com\/slovenija\/stenske-ploscice-arcana-bellagio-ducale\/","title":{"rendered":"Stenske plo\u0161\u010dice Arcana Bellagio Ducale"},"content":{"rendered":"<p>Arcana Bellagio Ducale je plo\u0161\u010dica proizvajalca Arcana tiles in prihaja iz \u0160panije. Ta plo\u0161\u010dica je debela 9 mm in je zelo trpe\u017ena. Zaradi ni\u017ejih stro\u0161kov pri spletni prodaji boste na na\u0161i strani za to plo\u0161\u010dico od\u0161teli le 42,24 EUR. Dimenzije te plo\u0161\u010dice so 25&#215;75 cm. Zelo moderna plo\u0161\u010dica v sivi barvi popestri prav vsak prostor.<\/p>\n<p>Kliknite na ime kolekcije za ogled vseh plo\u0161\u010dic iz te serije: <a class=\"pdfcatal\" href=\"\/\/www.ceramictiles.com\/pdf\/arcana\/catalogue_arcana_bellagio.pdf\" onclick=\"recordOutboundLink(this, 'E-mail', 'Description PDF');return false;\">Arcana tiles Bellagio<\/a><\/p>\n<p>\u010ce \u017eelite naro\u010diti model iz pdf kataloga te kolekcije, nam pi\u0161ite na: <a href=\"mailto:keramoteka.salon@gmail.com\" onclick=\"recordOutboundLink(this, 'E-mail', 'Description mail');return false;\">keramoteka.salon@gmail.com<\/a> ali pa nas pokli\u010dite na: +386 31 255 900.<\/p>\n<p>Technical description: <br \/> W 25&#215;75 ; 30&#215;30 <br \/>Griante Marfil ; Ducale ; Legio Damascata ; Legio Beige ; Bellagio Mosaic ; Ponti Ducale Damascata ; Ponti Ducale Beige ; Ponti Ducale Marfil ; Ponti Marfil Beige ;<\/p>\n","protected":false},"excerpt":{"rendered":"<p>Arcana Bellagio Ducale je plo\u0161\u010dica proizvajalca Arcana tiles in prihaja iz \u0160panije. Ta plo\u0161\u010dica je debela 9 mm in je zelo trpe\u017ena. Zaradi ni\u017ejih stro\u0161kov pri spletni prodaji boste na na\u0161i strani za to plo\u0161\u010dico od\u0161teli le 42,24 EUR. Dimenzije te plo\u0161\u010dice so 25&#215;75 cm. Zelo moderna plo\u0161\u010dica v sivi barvi popestri prav vsak prostor. [&hellip;]<\/p>\n","protected":false},"featured_media":103897,"template":"","meta":[],"product_cat":[99921439,200,220,999,250],"product_tag":[],"_links":{"self":[{"href":"https:\/\/www.keramika.com\/slovenija\/wp-json\/wp\/v2\/product\/103896"}],"collection":[{"href":"https:\/\/www.keramika.com\/slovenija\/wp-json\/wp\/v2\/product"}],"about":[{"href":"https:\/\/www.keramika.com\/slovenija\/wp-json\/wp\/v2\/types\/product"}],"wp:featuredmedia":[{"embeddable":true,"href":"https:\/\/www.keramika.com\/slovenija\/wp-json\/wp\/v2\/media\/103897"}],"wp:attachment":[{"href":"https:\/\/www.keramika.com\/slovenija\/wp-json\/wp\/v2\/media?parent=103896"}],"wp:term":[{"taxonomy":"product_cat","embeddable":true,"href":"https:\/\/www.keramika.com\/slovenija\/wp-json\/wp\/v2\/product_cat?post=103896"},{"taxonomy":"product_tag","embeddable":true,"href":"https:\/\/www.keramika.com\/slovenija\/wp-json\/wp\/v2\/product_tag?post=103896"}],"curies":[{"name":"wp","href":"https:\/\/api.w.org\/{rel}","templated":true}]}}