{"id":103894,"date":"2017-03-22T23:54:23","date_gmt":"2017-03-22T23:54:23","guid":{"rendered":"http:\/\/keramika.holest.com\/slovenija\/product\/ploscice-za-dnevno-sobo-arcana-avenue-gris\/"},"modified":"2026-01-03T00:01:09","modified_gmt":"2026-01-03T00:01:09","slug":"ploscice-za-dnevno-sobo-arcana-avenue-gris","status":"publish","type":"product","link":"https:\/\/www.keramika.com\/slovenija\/ploscice-za-dnevno-sobo-arcana-avenue-gris\/","title":{"rendered":"Plo\u0161\u010dice za dnevno sobo Arcana Avenue Gris"},"content":{"rendered":"<p>Letos so plo\u0161\u010dice v sivi barvi zelo za\u017eeljene. Arcana Avenue Gris je plo\u0161\u010dica proizvajalca Arcana tiles in prihaja iz \u0160panije. 9 mm debeline je dovolj tudi za zahtevnej\u0161e kupce. Zaradi ni\u017ejih stro\u0161kov pri spletni prodaji boste na na\u0161i strani za to plo\u0161\u010dico od\u0161teli le 47,85 EUR. Velikost te plo\u0161\u010dice je 60&#215;60 cm.<\/p>\n<p>Kliknite na ime kolekcije za ogled vseh plo\u0161\u010dic iz te serije: <a class=\"pdfcatal\" href=\"\/\/www.ceramictiles.com\/pdf\/arcana\/catalogue_arcana_avenue.pdf\" onclick=\"recordOutboundLink(this, 'E-mail', 'Description PDF');return false;\">Arcana tiles Avenue<\/a><\/p>\n<p>\u010ce \u017eelite naro\u010diti model iz pdf kataloga te kolekcije, nam pi\u0161ite na: <a href=\"mailto:keramoteka.salon@gmail.com\" onclick=\"recordOutboundLink(this, 'E-mail', 'Description mail');return false;\">keramoteka.salon@gmail.com<\/a> ali pa nas pokli\u010dite na: +386 31 255 900.<\/p>\n<p>Technical description: <br \/> W &#038; F 30&#215;60 ; 30&#215;30 ; 59,3&#215;59,3 ; 59,3&#215;119,3 <br \/>Avenue Beige ; Avenue Mosaic Beige ; Avenue Siena ; Avenue Mosaic Siena ; Avenue Gris ; Avenue Mosaic Gris ; Avenue Plomo ; Avenue Mosaic Plomo ;<\/p>\n","protected":false},"excerpt":{"rendered":"<p>Letos so plo\u0161\u010dice v sivi barvi zelo za\u017eeljene. Arcana Avenue Gris je plo\u0161\u010dica proizvajalca Arcana tiles in prihaja iz \u0160panije. 9 mm debeline je dovolj tudi za zahtevnej\u0161e kupce. Zaradi ni\u017ejih stro\u0161kov pri spletni prodaji boste na na\u0161i strani za to plo\u0161\u010dico od\u0161teli le 47,85 EUR. Velikost te plo\u0161\u010dice je 60&#215;60 cm. Kliknite na ime [&hellip;]<\/p>\n","protected":false},"featured_media":103895,"template":"","meta":[],"product_cat":[99921439,200,260,999,290,250,240],"product_tag":[],"_links":{"self":[{"href":"https:\/\/www.keramika.com\/slovenija\/wp-json\/wp\/v2\/product\/103894"}],"collection":[{"href":"https:\/\/www.keramika.com\/slovenija\/wp-json\/wp\/v2\/product"}],"about":[{"href":"https:\/\/www.keramika.com\/slovenija\/wp-json\/wp\/v2\/types\/product"}],"wp:featuredmedia":[{"embeddable":true,"href":"https:\/\/www.keramika.com\/slovenija\/wp-json\/wp\/v2\/media\/103895"}],"wp:attachment":[{"href":"https:\/\/www.keramika.com\/slovenija\/wp-json\/wp\/v2\/media?parent=103894"}],"wp:term":[{"taxonomy":"product_cat","embeddable":true,"href":"https:\/\/www.keramika.com\/slovenija\/wp-json\/wp\/v2\/product_cat?post=103894"},{"taxonomy":"product_tag","embeddable":true,"href":"https:\/\/www.keramika.com\/slovenija\/wp-json\/wp\/v2\/product_tag?post=103894"}],"curies":[{"name":"wp","href":"https:\/\/api.w.org\/{rel}","templated":true}]}}