{"id":103892,"date":"2017-03-22T23:54:19","date_gmt":"2017-03-22T23:54:19","guid":{"rendered":"http:\/\/keramika.holest.com\/slovenija\/product\/stenske-ploscice-arcana-aquarelle-rosso\/"},"modified":"2026-01-03T00:01:08","modified_gmt":"2026-01-03T00:01:08","slug":"stenske-ploscice-arcana-aquarelle-rosso","status":"publish","type":"product","link":"https:\/\/www.keramika.com\/slovenija\/stenske-ploscice-arcana-aquarelle-rosso\/","title":{"rendered":"Stenske plo\u0161\u010dice Arcana Aquarelle Rosso"},"content":{"rendered":"<p>Redna cena te plo\u0161\u010dice v maloprodaji zna\u0161a 53,63 EUR, v na\u0161i spletni trgovini pa jo lahko dobite \u017ee za 42,9 EUR. Ta model plo\u0161\u010dice se najbolje prodaja v rde\u010di barvi. Debelina kar 9 mm dela to plo\u0161\u010dico zelo trpe\u017eno in presti\u017eno na otip. Dimenzije te plo\u0161\u010dice so 25&#215;75 cm. Arcana Aquarelle Rosso je pripeljana iz \u0160panije in je zelo kvalitetna.<\/p>\n<p>Kliknite na ime kolekcije za ogled vseh plo\u0161\u010dic iz te serije: <a class=\"pdfcatal\" href=\"\/\/www.ceramictiles.com\/pdf\/arcana\/catalogue_arcana_aquarelle.pdf\" onclick=\"recordOutboundLink(this, 'E-mail', 'Description PDF');return false;\">Arcana tiles Aquarelle<\/a><\/p>\n<p>\u010ce \u017eelite naro\u010diti model iz pdf kataloga te kolekcije, nam pi\u0161ite na: <a href=\"mailto:keramoteka.salon@gmail.com\" onclick=\"recordOutboundLink(this, 'E-mail', 'Description mail');return false;\">keramoteka.salon@gmail.com<\/a> ali pa nas pokli\u010dite na: +386 31 255 900.<\/p>\n<p>Technical description: <br \/> W 25&#215;75 <br \/>Aquarelle Bone ; Aquarelle Beige ; Aquarelle Turquesa ; Aquarelle Nero ; Aquarelle Rosso ; Aquarelle Moka ;<\/p>\n","protected":false},"excerpt":{"rendered":"<p>Redna cena te plo\u0161\u010dice v maloprodaji zna\u0161a 53,63 EUR, v na\u0161i spletni trgovini pa jo lahko dobite \u017ee za 42,9 EUR. Ta model plo\u0161\u010dice se najbolje prodaja v rde\u010di barvi. Debelina kar 9 mm dela to plo\u0161\u010dico zelo trpe\u017eno in presti\u017eno na otip. Dimenzije te plo\u0161\u010dice so 25&#215;75 cm. Arcana Aquarelle Rosso je pripeljana iz [&hellip;]<\/p>\n","protected":false},"featured_media":103893,"template":"","meta":[],"product_cat":[99921439,200,220,999,250],"product_tag":[],"_links":{"self":[{"href":"https:\/\/www.keramika.com\/slovenija\/wp-json\/wp\/v2\/product\/103892"}],"collection":[{"href":"https:\/\/www.keramika.com\/slovenija\/wp-json\/wp\/v2\/product"}],"about":[{"href":"https:\/\/www.keramika.com\/slovenija\/wp-json\/wp\/v2\/types\/product"}],"wp:featuredmedia":[{"embeddable":true,"href":"https:\/\/www.keramika.com\/slovenija\/wp-json\/wp\/v2\/media\/103893"}],"wp:attachment":[{"href":"https:\/\/www.keramika.com\/slovenija\/wp-json\/wp\/v2\/media?parent=103892"}],"wp:term":[{"taxonomy":"product_cat","embeddable":true,"href":"https:\/\/www.keramika.com\/slovenija\/wp-json\/wp\/v2\/product_cat?post=103892"},{"taxonomy":"product_tag","embeddable":true,"href":"https:\/\/www.keramika.com\/slovenija\/wp-json\/wp\/v2\/product_tag?post=103892"}],"curies":[{"name":"wp","href":"https:\/\/api.w.org\/{rel}","templated":true}]}}