{"id":103888,"date":"2017-03-22T23:54:11","date_gmt":"2017-03-22T23:54:11","guid":{"rendered":"http:\/\/keramika.holest.com\/slovenija\/product\/ploscice-za-kopalnico-arcana-adore-r-blue\/"},"modified":"2026-01-03T00:01:08","modified_gmt":"2026-01-03T00:01:08","slug":"ploscice-za-kopalnico-arcana-adore-r-blue","status":"publish","type":"product","link":"https:\/\/www.keramika.com\/slovenija\/ploscice-za-kopalnico-arcana-adore-r-blue\/","title":{"rendered":"Plo\u0161\u010dice za kopalnico Arcana Adore R Blue"},"content":{"rendered":"<p>Redna cena te plo\u0161\u010dice v maloprodaji zna\u0161a 74,11 EUR, v na\u0161i spletni trgovini pa jo lahko dobite \u017ee za 59,29 EUR. Ta model plo\u0161\u010dice se najbolje prodaja v modri barvi. Velikost te plo\u0161\u010dice je 33,3&#215;100 cm. Prihaja iz \u0160panije, ki po svetu slovi kot ena bolj\u0161ih proizvajalk kerami\u010dnih plo\u0161\u010dic. Plo\u0161\u010dica je debela kar 9 mm, kar jo uvr\u0161\u010da med bolj trde plo\u0161\u010dice.<\/p>\n<p>Kliknite na ime kolekcije za ogled vseh plo\u0161\u010dic iz te serije: <a class=\"pdfcatal\" href=\"\/\/www.ceramictiles.com\/pdf\/arcana\/catalogue_arcana_adore.pdf\" onclick=\"recordOutboundLink(this, 'E-mail', 'Description PDF');return false;\">Arcana tiles Adore<\/a><\/p>\n<p>\u010ce \u017eelite naro\u010diti model iz pdf kataloga te kolekcije, nam pi\u0161ite na: <a href=\"mailto:keramoteka.salon@gmail.com\" onclick=\"recordOutboundLink(this, 'E-mail', 'Description mail');return false;\">keramoteka.salon@gmail.com<\/a> ali pa nas pokli\u010dite na: +386 31 255 900.<\/p>\n<p>Technical description: <br \/> W 32&#215;99 ; 30&#215;30 <br \/>Adore Beige ; Adore Moka ; Adore Marfil ; Adore Blue ; Adore Purple ; Adore Gris ; Adore Mosaic Beige ; Adore Mosaic Gris ;<\/p>\n","protected":false},"excerpt":{"rendered":"<p>Redna cena te plo\u0161\u010dice v maloprodaji zna\u0161a 74,11 EUR, v na\u0161i spletni trgovini pa jo lahko dobite \u017ee za 59,29 EUR. Ta model plo\u0161\u010dice se najbolje prodaja v modri barvi. Velikost te plo\u0161\u010dice je 33,3&#215;100 cm. Prihaja iz \u0160panije, ki po svetu slovi kot ena bolj\u0161ih proizvajalk kerami\u010dnih plo\u0161\u010dic. Plo\u0161\u010dica je debela kar 9 mm, [&hellip;]<\/p>\n","protected":false},"featured_media":103889,"template":"","meta":[],"product_cat":[99921439,200,220,999,250,240],"product_tag":[],"_links":{"self":[{"href":"https:\/\/www.keramika.com\/slovenija\/wp-json\/wp\/v2\/product\/103888"}],"collection":[{"href":"https:\/\/www.keramika.com\/slovenija\/wp-json\/wp\/v2\/product"}],"about":[{"href":"https:\/\/www.keramika.com\/slovenija\/wp-json\/wp\/v2\/types\/product"}],"wp:featuredmedia":[{"embeddable":true,"href":"https:\/\/www.keramika.com\/slovenija\/wp-json\/wp\/v2\/media\/103889"}],"wp:attachment":[{"href":"https:\/\/www.keramika.com\/slovenija\/wp-json\/wp\/v2\/media?parent=103888"}],"wp:term":[{"taxonomy":"product_cat","embeddable":true,"href":"https:\/\/www.keramika.com\/slovenija\/wp-json\/wp\/v2\/product_cat?post=103888"},{"taxonomy":"product_tag","embeddable":true,"href":"https:\/\/www.keramika.com\/slovenija\/wp-json\/wp\/v2\/product_tag?post=103888"}],"curies":[{"name":"wp","href":"https:\/\/api.w.org\/{rel}","templated":true}]}}