{"id":103884,"date":"2017-03-22T23:54:02","date_gmt":"2017-03-22T23:54:02","guid":{"rendered":"http:\/\/keramika.holest.com\/slovenija\/product\/talne-in-stenske-ploscice-alcalagres-tecnika-silver\/"},"modified":"2026-01-03T00:01:07","modified_gmt":"2026-01-03T00:01:07","slug":"talne-in-stenske-ploscice-alcalagres-tecnika-silver","status":"publish","type":"product","link":"https:\/\/www.keramika.com\/slovenija\/talne-in-stenske-ploscice-alcalagres-tecnika-silver\/","title":{"rendered":"Talne in stenske plo\u0161\u010dice Alcalagres Tecnika Silver"},"content":{"rendered":"<p>Pri izbiri plo\u0161\u010dice v sivi barvi ne morete zgre\u0161iti. Prihaja iz \u0160panije, ki po svetu slovi kot ena bolj\u0161ih proizvajalk kerami\u010dnih plo\u0161\u010dic. Redna cena te plo\u0161\u010dice v maloprodaji zna\u0161a 53,44 EUR, v na\u0161i spletni trgovini pa jo lahko dobite \u017ee za 42,75 EUR. Plo\u0161\u010dica na sliki je velika 60&#215;60 cm. 9 mm je debelina, ki zadovolji tudi zahtevnej\u0161e kupce.<\/p>\n<p>Kliknite na ime kolekcije za ogled vseh plo\u0161\u010dic iz te serije: <a class=\"pdfcatal\" href=\"\/\/www.ceramictiles.com\/pdf\/alcalagres\/catalogue_alcalagres_tecnika.pdf\" onclick=\"recordOutboundLink(this, 'E-mail', 'Description PDF');return false;\">Alcalagres Tecnika<\/a><\/p>\n<p>\u010ce \u017eelite naro\u010diti model iz pdf kataloga te kolekcije, nam pi\u0161ite na: <a href=\"mailto:keramoteka.salon@gmail.com\" onclick=\"recordOutboundLink(this, 'E-mail', 'Description mail');return false;\">keramoteka.salon@gmail.com<\/a> ali pa nas pokli\u010dite na: 031 255 900.<\/p>\n<p>Technical description: <br \/>  W &#038; F: 30&#215;60 ; 45&#215;90 ; 60&#215;60 ; 22,5&#215;90 <br \/>Tecnika Blue Mate ; Tecnika Blue Pulido ; Tecnika Blue Rigatto ; Tecnika Black Mate ; Tecnika Black Pulido ; Tecnika Black Rigatto ; Tecnika Coal Mate ; Tecnika Coal Pulido ; Tecnika Coal Rigatto ; Tecnika Silver Mate ; Tecnika Silver Pulido ; Tecnika Silver Rigatto ; Tecnika Steel Mate ; Tecnika Steel Pulido ; Tecnika Steel Rigatto ; Tecnika Snow Mate ; Tecnika Snow Pulido ; Tecnika Snow Rigatto ; Tecnika Cream Mate ; Tecnika Cream Pulido ; Tecnika Cream Rigatto ; Tecnika Amber Mate ; Tecnika Amber Pulido ; Tecnika Amber Rigatto ; Tecnika Sand Mate ; Tecnika Sand Pulido ; Tecnika Sand Rigatto ; Tecnika Cinnamon Mate ; Tecnika Cinnamon Pulido ; Tecnika Cinnamon Rigatto ;<\/p>\n","protected":false},"excerpt":{"rendered":"<p>Pri izbiri plo\u0161\u010dice v sivi barvi ne morete zgre\u0161iti. Prihaja iz \u0160panije, ki po svetu slovi kot ena bolj\u0161ih proizvajalk kerami\u010dnih plo\u0161\u010dic. Redna cena te plo\u0161\u010dice v maloprodaji zna\u0161a 53,44 EUR, v na\u0161i spletni trgovini pa jo lahko dobite \u017ee za 42,75 EUR. Plo\u0161\u010dica na sliki je velika 60&#215;60 cm. 9 mm je debelina, ki [&hellip;]<\/p>\n","protected":false},"featured_media":103885,"template":"","meta":[],"product_cat":[99952,200,260,999,290,250,240],"product_tag":[],"_links":{"self":[{"href":"https:\/\/www.keramika.com\/slovenija\/wp-json\/wp\/v2\/product\/103884"}],"collection":[{"href":"https:\/\/www.keramika.com\/slovenija\/wp-json\/wp\/v2\/product"}],"about":[{"href":"https:\/\/www.keramika.com\/slovenija\/wp-json\/wp\/v2\/types\/product"}],"wp:featuredmedia":[{"embeddable":true,"href":"https:\/\/www.keramika.com\/slovenija\/wp-json\/wp\/v2\/media\/103885"}],"wp:attachment":[{"href":"https:\/\/www.keramika.com\/slovenija\/wp-json\/wp\/v2\/media?parent=103884"}],"wp:term":[{"taxonomy":"product_cat","embeddable":true,"href":"https:\/\/www.keramika.com\/slovenija\/wp-json\/wp\/v2\/product_cat?post=103884"},{"taxonomy":"product_tag","embeddable":true,"href":"https:\/\/www.keramika.com\/slovenija\/wp-json\/wp\/v2\/product_tag?post=103884"}],"curies":[{"name":"wp","href":"https:\/\/api.w.org\/{rel}","templated":true}]}}